{"id":1804879,"date":"2025-03-28T14:52:27","date_gmt":"2025-03-28T12:52:27","guid":{"rendered":"https:\/\/liquidmaster.pl\/soft99-qjutsu-body-coat-powloka-kwarcowa-zestaw\/"},"modified":"2026-04-21T08:14:01","modified_gmt":"2026-04-21T06:14:01","slug":"soft99-qjutsu-body-coat-powloka-kwarcowa-zestaw","status":"publish","type":"product","link":"https:\/\/liquidmaster.pl\/en\/soft99-qjutsu-body-coat-powloka-kwarcowa-zestaw\/","title":{"rendered":"Soft99 QJUTSU Body Coat Quartz Coating | Set"},"content":{"rendered":"<p>Optimal protection, deep shine, great price<\/p>\n<p>Body Coat is a one-component coating that responds to the needs of customers who expect the best protection and maximum durability while maintaining simplicity and speed of application.<\/p>\n<p>This is an excellent proposition for all detailing enthusiasts who want to develop their experience by using their first protective coating, but it is also an ideal solution for professionals who want to provide their clients with the highest quality while optimizing their work.<\/p>\n<p>Body Coat gives varnishes extraordinary glassiness, depth and shine, while creating a physical layer on their surface<\/p>\n<p>Thanks to its advanced formula, the coating protects the paint against external factors such as road salt, UV rays, bird droppings and tree sap.<\/p>\n<p>The top hydrophobic layer produced by Body Coat forms a unique loop structure that ensures optimal water discharge and dirt repulsion, while maintaining excellent beading.<\/p>\n<p>Thanks to this, the car remains clean for longer. Body Coat provides 12 months of protection.<\/p>","protected":false},"excerpt":{"rendered":"<p>Optymalna ochrona, g\u0142\u0119boki blask, \u015bwietna cena Body Coat to jednosk\u0142adnikowa pow\u0142oka stanowi\u0105ca odpowied\u017a na potrzeby klient\u00f3w oczekuj\u0105cych najlepszej ochrony i maksymalnej trwa\u0142o\u015bci przy jednoczesnym zachowaniu prostoty i szybko\u015bci aplikacji. To doskona\u0142a propozycja dla wszystkich pasjonat\u00f3w detailingu, kt\u00f3rzy chc\u0105 rozwin\u0105\u0107 do\u015bwiadczenie si\u0119gaj\u0105c po swoj\u0105 pierwsz\u0105 pow\u0142ok\u0119 ochronn\u0105, ale jest to tak\u017ce idealne rozwi\u0105zanie dla profesjonalist\u00f3w, kt\u00f3rzy&hellip;&nbsp;<a href=\"https:\/\/liquidmaster.pl\/en\/soft99-qjutsu-body-coat-powloka-kwarcowa-zestaw\/\" rel=\"bookmark\">Read More \u00bb<span class=\"screen-reader-text\">Soft99 QJUTSU Body Coat Quartz Coating | Set<\/span><\/a><\/p>","protected":false},"featured_media":1847801,"comment_status":"open","ping_status":"open","template":"","meta":{"neve_meta_sidebar":"","neve_meta_container":"","neve_meta_enable_content_width":"","neve_meta_content_width":0,"neve_meta_title_alignment":"","neve_meta_author_avatar":"","neve_post_elements_order":"","neve_meta_disable_header":"","neve_meta_disable_footer":"","neve_meta_disable_title":"","_themeisle_gutenberg_block_has_review":false},"product_brand":[],"product_cat":[733,766,775],"product_tag":[362],"class_list":{"0":"post-1804879","1":"product","2":"type-product","3":"status-publish","4":"has-post-thumbnail","6":"product_cat-na-zewnatrz","7":"product_cat-ochrona-lakieru","8":"product_cat-powloki-ceramiczne","9":"product_tag-soft99","11":"first","12":"instock","13":"taxable","14":"shipping-taxable","15":"purchasable","16":"product-type-simple"},"_links":{"self":[{"href":"https:\/\/liquidmaster.pl\/en\/wp-json\/wp\/v2\/product\/1804879","targetHints":{"allow":["GET"]}}],"collection":[{"href":"https:\/\/liquidmaster.pl\/en\/wp-json\/wp\/v2\/product"}],"about":[{"href":"https:\/\/liquidmaster.pl\/en\/wp-json\/wp\/v2\/types\/product"}],"replies":[{"embeddable":true,"href":"https:\/\/liquidmaster.pl\/en\/wp-json\/wp\/v2\/comments?post=1804879"}],"wp:featuredmedia":[{"embeddable":true,"href":"https:\/\/liquidmaster.pl\/en\/wp-json\/wp\/v2\/media\/1847801"}],"wp:attachment":[{"href":"https:\/\/liquidmaster.pl\/en\/wp-json\/wp\/v2\/media?parent=1804879"}],"wp:term":[{"taxonomy":"product_brand","embeddable":true,"href":"https:\/\/liquidmaster.pl\/en\/wp-json\/wp\/v2\/product_brand?post=1804879"},{"taxonomy":"product_cat","embeddable":true,"href":"https:\/\/liquidmaster.pl\/en\/wp-json\/wp\/v2\/product_cat?post=1804879"},{"taxonomy":"product_tag","embeddable":true,"href":"https:\/\/liquidmaster.pl\/en\/wp-json\/wp\/v2\/product_tag?post=1804879"}],"curies":[{"name":"wp","href":"https:\/\/api.w.org\/{rel}","templated":true}]}}