{"id":1804873,"date":"2025-03-28T14:52:04","date_gmt":"2025-03-28T12:52:04","guid":{"rendered":"https:\/\/liquidmaster.pl\/scangrip-sunmatch-4-lampa-led\/"},"modified":"2026-04-18T04:33:47","modified_gmt":"2026-04-18T02:33:47","slug":"scangrip-sunmatch-4-lampa-led","status":"publish","type":"product","link":"https:\/\/liquidmaster.pl\/en\/scangrip-sunmatch-4-lampa-led\/","title":{"rendered":"Scangrip SunMatch 4 LED lamp"},"content":{"rendered":"<p>Scangrip SunMatch 3 \u2013 The latest model of the best-selling SUNMATCH series lamps. The new model with the ALL DAYLIGHT function has as many as 5 colors of light, with 2-stage intensity regulation and a very high CRI+ coefficient.<\/p>\n<p>For the first time in SunMatch lamps, an additional reflector has been added to the top of the lamp.<\/p>\n<p>SunMatch 3 is suitable for use in any environment, thanks to the rotating hook, strong magnet and flexible head with a maximum inclination of 180 degrees, it can be used literally anywhere.<\/p>\n<p>The durable construction that the Scangrip brand is famous for provides IP65 dust and water resistance. The glass lens housing is resistant even to solvents.<\/p>\n<p>Intelligent thermal protection system automatically switches the lamp to low power mode (50% light) after 3 minutes of continuous use<\/p>\n<p>Technical Specifications:<\/p>\n<p>Light source \u2013 Ultra high CRI+ COB LED<\/p>\n<p>Lumens \u2013 250\/500 lm (step 1\/2) \/ upper diode: 100 lm<\/p>\n<p>Charging time \u2013 4 hours<\/p>\n<p>IP65<\/p>\n<p>IK07<\/p>\n<p>Weight \u2013 270g<\/p>\n<p>Color temperature \u2013 2500-6500K (5 light colors) \/ upper diode \u2013 4500K<\/p>\n<p>Protection against falls from 1 m<\/p>\n<p>Lux \u2013 700\/1400 lux@0.5m (step 1\/2) upper diode: 1000 lux<\/p>\n<p>Battery operating time \u2013 4h\/2h(Step 1\/2) upper diode: 3h<\/p>\n<p>Battery \u2013 3.7V\/2600 mAh Li-ion<\/p>\n<p>CRI &gt;96 CRI+ \/ upper diode: 95<\/p>\n<p>Temperature range: 10 \u030aC to +40 \u030aC<\/p>\n<p>Dimensions: 190 x 60 x 32 mm<\/p>\n<p>Contents of the package:<\/p>\n<p>SunMatch 3, USB cable, charger, user manual<\/p>","protected":false},"excerpt":{"rendered":"<p>Scangrip SunMatch 3 &#8211; Najnowszy model bestseller&#8217;owych lamp z serii SUNMATCH. Nowy model z funkcj\u0105 ALL DAYLIGHT to a\u017c 5 barw \u015bwiat\u0142a, z 2-stopniow\u0105 regulacj\u0105 nat\u0119\u017cenia oraz bardzo wysokim wsp\u00f3\u0142czy\u0144nikiem CRI+. Poraz pierwszy w lampach SunMatch dodano dodatkowy reflektor u g\u00f3ry lampy. SunMatch 3 nadaje si\u0119 do pracy w ka\u017cdym otoczeniu, dzi\u0119ki obrotowemu haczykowi, mocnemu&hellip;&nbsp;<a href=\"https:\/\/liquidmaster.pl\/en\/scangrip-sunmatch-4-lampa-led\/\" rel=\"bookmark\">Read More \u00bb<span class=\"screen-reader-text\">Scangrip SunMatch 4 LED lamp<\/span><\/a><\/p>","protected":false},"featured_media":1847797,"comment_status":"open","ping_status":"open","template":"","meta":{"neve_meta_sidebar":"","neve_meta_container":"","neve_meta_enable_content_width":"","neve_meta_content_width":0,"neve_meta_title_alignment":"","neve_meta_author_avatar":"","neve_post_elements_order":"","neve_meta_disable_header":"","neve_meta_disable_footer":"","neve_meta_disable_title":"","_themeisle_gutenberg_block_has_review":false},"product_brand":[],"product_cat":[749,827,748],"product_tag":[356],"class_list":{"0":"post-1804873","1":"product","2":"type-product","3":"status-publish","4":"has-post-thumbnail","6":"product_cat-akcesoria-polerskie","7":"product_cat-lampy-inspekcyjne","8":"product_cat-polerowanie","9":"product_tag-scangrip","11":"first","12":"outofstock","13":"taxable","14":"shipping-taxable","15":"purchasable","16":"product-type-simple"},"_links":{"self":[{"href":"https:\/\/liquidmaster.pl\/en\/wp-json\/wp\/v2\/product\/1804873","targetHints":{"allow":["GET"]}}],"collection":[{"href":"https:\/\/liquidmaster.pl\/en\/wp-json\/wp\/v2\/product"}],"about":[{"href":"https:\/\/liquidmaster.pl\/en\/wp-json\/wp\/v2\/types\/product"}],"replies":[{"embeddable":true,"href":"https:\/\/liquidmaster.pl\/en\/wp-json\/wp\/v2\/comments?post=1804873"}],"wp:featuredmedia":[{"embeddable":true,"href":"https:\/\/liquidmaster.pl\/en\/wp-json\/wp\/v2\/media\/1847797"}],"wp:attachment":[{"href":"https:\/\/liquidmaster.pl\/en\/wp-json\/wp\/v2\/media?parent=1804873"}],"wp:term":[{"taxonomy":"product_brand","embeddable":true,"href":"https:\/\/liquidmaster.pl\/en\/wp-json\/wp\/v2\/product_brand?post=1804873"},{"taxonomy":"product_cat","embeddable":true,"href":"https:\/\/liquidmaster.pl\/en\/wp-json\/wp\/v2\/product_cat?post=1804873"},{"taxonomy":"product_tag","embeddable":true,"href":"https:\/\/liquidmaster.pl\/en\/wp-json\/wp\/v2\/product_tag?post=1804873"}],"curies":[{"name":"wp","href":"https:\/\/api.w.org\/{rel}","templated":true}]}}