{"id":1804869,"date":"2025-03-28T14:52:04","date_gmt":"2025-03-28T12:52:04","guid":{"rendered":"https:\/\/liquidmaster.pl\/scangrip-nova-4k-cr\/"},"modified":"2026-04-18T04:33:46","modified_gmt":"2026-04-18T02:33:46","slug":"scangrip-nova-4k-cr","status":"publish","type":"product","link":"https:\/\/liquidmaster.pl\/en\/scangrip-nova-4k-cr\/","title":{"rendered":"Scangrip Nova 4K C+R"},"content":{"rendered":"<p style=\"margin: 0pt; text-align: justify;\">SCANGRIP NOVA 4K C+R<\/p>\n<p style=\"margin: 0pt; text-align: justify;\">NOVA 4K C+R is a professional inspection lamp that provides universal work light. High-performance COB LEDs provide detailed and even light, up to 4,000 lumens.<\/p>\n<p style=\"margin: 0pt; text-align: justify;\">\u00a0<\/p>\n<p style=\"margin: 0pt; text-align: justify;\">The high CRI (similar to sunlight) makes it particularly suitable for workplace lighting. A 5-level dimmer allows you to adjust the lighting at five different levels - it allows you to adjust the type of lighting to the surroundings and maximize the working time. <\/p>\n<p style=\"margin: 0pt; text-align: justify;\">\u00a0<\/p>\n<p style=\"margin: 0pt; text-align: justify;\">The lamp uses an innovative DUAL SYSTEM solution, which means that it can be powered by both a battery and a power cord. The built-in lithium-ion battery with a capacity of 4400mAh allows operation between 1-14 hours depending on the degree of use of the device. <\/p>\n<p style=\"margin: 0pt; text-align: justify;\">\u00a0<\/p>\n<p style=\"margin: 0pt; text-align: justify;\">The housing of the NOVA 4K C+R lamp is made of cast aluminum, which ensures its exceptional durability and impact resistance - protection level IK07.<\/p>\n<p style=\"margin: 0pt; text-align: justify;\">\u00a0<\/p>\n<p style=\"margin: 0pt; text-align: justify;\">The NOVA 4K C+R lamp can be powered thanks to the unique DUAL SYSTEM, both with a battery and a power cord. The design of the lamp allows direct mounting on a SCANGRIP STAND or SCANGRIP ON WHEELS. <\/p>\n<p style=\"margin: 0pt; text-align: justify;\">\u00a0<\/p>\n<p style=\"margin: 0pt; text-align: justify;\">The device is also waterproof and dustproof according to IP67 standards.<\/p>\n<p style=\"margin: 0pt; text-align: justify;\">\u00a0<\/p>","protected":false},"excerpt":{"rendered":"<p>SCANGRIP NOVA 4K C+R NOVA 4K C+R to profesjonalna lampa inspekcyjna, daj\u0105ca uniwersalne \u015bwiat\u0142o robocze. Diody LED COB o wysokiej wydajno\u015bci \u00a0zapewniaj\u0105 szczeg\u00f3\u0142owe i r\u00f3wnomierne \u015bwiat\u0142o, nawet do 4000 lumen\u00f3w. \u00a0 Wysoki wsp\u00f3\u0142czynnik CRI (zbli\u017cony do \u015bwiat\u0142a s\u0142onecznego) sprawia \u017ce szczeg\u00f3lnie nadaje si\u0119 do \u00a0o\u015bwietlenia miejsca pracy. 5 stopniowy \u015bciemniacz umo\u017cliwia regulacje o\u015bwietlenia na pi\u0119ciu&hellip;&nbsp;<a href=\"https:\/\/liquidmaster.pl\/en\/scangrip-nova-4k-cr\/\" rel=\"bookmark\">Read More \u00bb<span class=\"screen-reader-text\">Scangrip Nova 4K C+R<\/span><\/a><\/p>","protected":false},"featured_media":1847794,"comment_status":"open","ping_status":"open","template":"","meta":{"neve_meta_sidebar":"","neve_meta_container":"","neve_meta_enable_content_width":"","neve_meta_content_width":0,"neve_meta_title_alignment":"","neve_meta_author_avatar":"","neve_post_elements_order":"","neve_meta_disable_header":"","neve_meta_disable_footer":"","neve_meta_disable_title":"","_themeisle_gutenberg_block_has_review":false},"product_brand":[],"product_cat":[749,827,748],"product_tag":[356],"class_list":{"0":"post-1804869","1":"product","2":"type-product","3":"status-publish","4":"has-post-thumbnail","6":"product_cat-akcesoria-polerskie","7":"product_cat-lampy-inspekcyjne","8":"product_cat-polerowanie","9":"product_tag-scangrip","11":"first","12":"outofstock","13":"taxable","14":"shipping-taxable","15":"purchasable","16":"product-type-simple"},"_links":{"self":[{"href":"https:\/\/liquidmaster.pl\/en\/wp-json\/wp\/v2\/product\/1804869","targetHints":{"allow":["GET"]}}],"collection":[{"href":"https:\/\/liquidmaster.pl\/en\/wp-json\/wp\/v2\/product"}],"about":[{"href":"https:\/\/liquidmaster.pl\/en\/wp-json\/wp\/v2\/types\/product"}],"replies":[{"embeddable":true,"href":"https:\/\/liquidmaster.pl\/en\/wp-json\/wp\/v2\/comments?post=1804869"}],"wp:featuredmedia":[{"embeddable":true,"href":"https:\/\/liquidmaster.pl\/en\/wp-json\/wp\/v2\/media\/1847794"}],"wp:attachment":[{"href":"https:\/\/liquidmaster.pl\/en\/wp-json\/wp\/v2\/media?parent=1804869"}],"wp:term":[{"taxonomy":"product_brand","embeddable":true,"href":"https:\/\/liquidmaster.pl\/en\/wp-json\/wp\/v2\/product_brand?post=1804869"},{"taxonomy":"product_cat","embeddable":true,"href":"https:\/\/liquidmaster.pl\/en\/wp-json\/wp\/v2\/product_cat?post=1804869"},{"taxonomy":"product_tag","embeddable":true,"href":"https:\/\/liquidmaster.pl\/en\/wp-json\/wp\/v2\/product_tag?post=1804869"}],"curies":[{"name":"wp","href":"https:\/\/api.w.org\/{rel}","templated":true}]}}