{"id":1804865,"date":"2025-03-28T14:50:53","date_gmt":"2025-03-28T12:50:53","guid":{"rendered":"https:\/\/liquidmaster.pl\/pure-chemie-pro-wsr-shampoo-750ml-kwasny-szampon-do-mycia-auta\/"},"modified":"2026-04-18T04:33:46","modified_gmt":"2026-04-18T02:33:46","slug":"pure-chemie-pro-wsr-shampoo-750ml-kwasny-szampon-do-mycia-auta","status":"publish","type":"product","link":"https:\/\/liquidmaster.pl\/en\/pure-chemie-pro-wsr-shampoo-750ml-kwasny-szampon-do-mycia-auta\/","title":{"rendered":"Pure Chemie Pro WSR Shampoo 750ml \u2013 acidic car washing shampoo"},"content":{"rendered":"<p>Pro WSR Shampoo is a shampoo with an acidic pH, suitable for both daily and professional care. The shampoo has excellent cleaning properties, perfectly softens dirt, dissolves mineral, atmospheric and chemical deposits, including water spots. After washing, your car&#039;s paint will become shiny, and thanks to its acidic pH, the shampoo will be perfect for unblocking coatings and waxes.<\/p>\n<p>Usage:<\/p>\n<li>Add 100 ml of shampoo to 10 L of warm water.<\/li>\n<li>Using a glove, wash the car, then rinse with plenty of water and dry.<\/li>\n<li>In case of a large amount of impurities, the shampoo can be used spot-wise, dilute it 1:10, then wait a few minutes and work it out with a sponge \/ glove \/ brush and rinse with plenty of water.<\/li>\n<li>In case of resistant contaminants, the use of a concentrate is allowed.<\/li>\n<li>Remember to test the effectiveness of the shampoo in an inconspicuous place, never use the shampoo in the sun or on a heated surface, do not allow the shampoo to dry.<\/li>\n<p>Capacity: 750 ml<\/p>","protected":false},"excerpt":{"rendered":"<p>Pro WSR Shampoo to szampon o kwa\u015bnym odczynie pH, sprawdzaj\u0105cy si\u0119 zar\u00f3wno w codziennej piel\u0119gnacji jak i tej profesjonalnej. Szampon cechuje si\u0119 \u015bwietnymi w\u0142a\u015bciwo\u015bciami myj\u0105cymi, doskonale zmi\u0119kcza brud, rozpuszcza osady mineralne, atmosferyczne, a tak\u017ce chemiczne w tym water spoty. Po myciu lakier naszego samochodu zyska na po\u0142ysku, a dzi\u0119ki kwa\u015bnemu pH szampon dobrze sprawdzi si\u0119&hellip;&nbsp;<a href=\"https:\/\/liquidmaster.pl\/en\/pure-chemie-pro-wsr-shampoo-750ml-kwasny-szampon-do-mycia-auta\/\" rel=\"bookmark\">Read More \u00bb<span class=\"screen-reader-text\">Pure Chemie Pro WSR Shampoo 750ml \u2013 acidic car washing shampoo<\/span><\/a><\/p>","protected":false},"featured_media":1847793,"comment_status":"open","ping_status":"open","template":"","meta":{"neve_meta_sidebar":"","neve_meta_container":"","neve_meta_enable_content_width":"","neve_meta_content_width":0,"neve_meta_title_alignment":"","neve_meta_author_avatar":"","neve_post_elements_order":"","neve_meta_disable_header":"","neve_meta_disable_footer":"","neve_meta_disable_title":"","_themeisle_gutenberg_block_has_review":false},"product_brand":[],"product_cat":[734,733,740],"product_tag":[349],"class_list":{"0":"post-1804865","1":"product","2":"type-product","3":"status-publish","4":"has-post-thumbnail","6":"product_cat-mycie-i-osuszanie","7":"product_cat-na-zewnatrz","8":"product_cat-szampony-mycie-i-osuszanie","9":"product_tag-pure-chemie","11":"first","12":"instock","13":"taxable","14":"shipping-taxable","15":"purchasable","16":"product-type-simple"},"_links":{"self":[{"href":"https:\/\/liquidmaster.pl\/en\/wp-json\/wp\/v2\/product\/1804865","targetHints":{"allow":["GET"]}}],"collection":[{"href":"https:\/\/liquidmaster.pl\/en\/wp-json\/wp\/v2\/product"}],"about":[{"href":"https:\/\/liquidmaster.pl\/en\/wp-json\/wp\/v2\/types\/product"}],"replies":[{"embeddable":true,"href":"https:\/\/liquidmaster.pl\/en\/wp-json\/wp\/v2\/comments?post=1804865"}],"wp:featuredmedia":[{"embeddable":true,"href":"https:\/\/liquidmaster.pl\/en\/wp-json\/wp\/v2\/media\/1847793"}],"wp:attachment":[{"href":"https:\/\/liquidmaster.pl\/en\/wp-json\/wp\/v2\/media?parent=1804865"}],"wp:term":[{"taxonomy":"product_brand","embeddable":true,"href":"https:\/\/liquidmaster.pl\/en\/wp-json\/wp\/v2\/product_brand?post=1804865"},{"taxonomy":"product_cat","embeddable":true,"href":"https:\/\/liquidmaster.pl\/en\/wp-json\/wp\/v2\/product_cat?post=1804865"},{"taxonomy":"product_tag","embeddable":true,"href":"https:\/\/liquidmaster.pl\/en\/wp-json\/wp\/v2\/product_tag?post=1804865"}],"curies":[{"name":"wp","href":"https:\/\/api.w.org\/{rel}","templated":true}]}}