{"id":1804863,"date":"2025-03-28T14:50:53","date_gmt":"2025-03-28T12:50:53","guid":{"rendered":"https:\/\/liquidmaster.pl\/detailing-house-zestaw-mini-ssawek-do-detailingu\/"},"modified":"2026-04-20T08:12:56","modified_gmt":"2026-04-20T06:12:56","slug":"detailing-house-zestaw-mini-ssawek-do-detailingu","status":"publish","type":"product","link":"https:\/\/liquidmaster.pl\/en\/detailing-house-zestaw-mini-ssawek-do-detailingu\/","title":{"rendered":"Detailing House Set of Mini Detailing Suction Cups"},"content":{"rendered":"<p>Mini vacuum cleaner nozzles - a set of small, handy and exceptionally useful various types of nozzles for vacuuming small and hard-to-reach elements. The set includes brushes both with and without bristles.\u00a0<\/p>\n<p>\u00a0<\/p>\n<p>Set includes: <\/p>\n<ul>\n<li>3 suction cups<\/li>\n<li>2 extension pieces<\/li>\n<li>90 cm long flexible hose<\/li>\n<li>2 adapters to fit the set to traditional vacuum cleaner pipes<\/li>\n<\/ul>\n<p>\u00a0<\/p>\n<p>Applicable to pipes with diameters: 30 mm, 32 mm, 35 mm, 38 mm.<\/p>\n<p>\u00a0<\/p>\n<p>Price for 1 set<\/p>","protected":false},"excerpt":{"rendered":"<p>Mini ssawki do odkurzacza &#8211; to zestaw ma\u0142ych, por\u0119cznych, i wyj\u0105tkowo przydatnych r\u00f3\u017cnego rodzaju ssawek do odkurzania ma\u0142ych i trudno dost\u0119pnych element\u00f3w. W zestawie znajdziemy szczotki zar\u00f3wno z w\u0142osiem jak i bez.\u00a0 \u00a0 Sk\u0142ad zestawu: 3 ssawki 2 elementy przed\u0142u\u017caj\u0105ce w\u0105\u017c elastyczny o d\u0142ugo\u015bci 90 cm 2 adaptery dopasowuj\u0105ce zestaw do tradycyjnych rur odkurzacza \u00a0&hellip;&nbsp;<a href=\"https:\/\/liquidmaster.pl\/en\/detailing-house-zestaw-mini-ssawek-do-detailingu\/\" rel=\"bookmark\">Read More \u00bb<span class=\"screen-reader-text\">Detailing House Set of Mini Detailing Suction Cups<\/span><\/a><\/p>","protected":false},"featured_media":1847790,"comment_status":"open","ping_status":"open","template":"","meta":{"neve_meta_sidebar":"","neve_meta_container":"","neve_meta_enable_content_width":"","neve_meta_content_width":0,"neve_meta_title_alignment":"","neve_meta_author_avatar":"","neve_post_elements_order":"","neve_meta_disable_header":"","neve_meta_disable_footer":"","neve_meta_disable_title":"","_themeisle_gutenberg_block_has_review":false},"product_brand":[],"product_cat":[757,865,918,846],"product_tag":[286],"class_list":{"0":"post-1804863","1":"product","2":"type-product","3":"status-publish","4":"has-post-thumbnail","6":"product_cat-akcesoria","7":"product_cat-odkurzacze","8":"product_cat-odkurzacze-piorace","9":"product_cat-reszta","10":"product_tag-detailing-house","12":"first","13":"instock","14":"taxable","15":"shipping-taxable","16":"purchasable","17":"product-type-simple"},"_links":{"self":[{"href":"https:\/\/liquidmaster.pl\/en\/wp-json\/wp\/v2\/product\/1804863","targetHints":{"allow":["GET"]}}],"collection":[{"href":"https:\/\/liquidmaster.pl\/en\/wp-json\/wp\/v2\/product"}],"about":[{"href":"https:\/\/liquidmaster.pl\/en\/wp-json\/wp\/v2\/types\/product"}],"replies":[{"embeddable":true,"href":"https:\/\/liquidmaster.pl\/en\/wp-json\/wp\/v2\/comments?post=1804863"}],"wp:featuredmedia":[{"embeddable":true,"href":"https:\/\/liquidmaster.pl\/en\/wp-json\/wp\/v2\/media\/1847790"}],"wp:attachment":[{"href":"https:\/\/liquidmaster.pl\/en\/wp-json\/wp\/v2\/media?parent=1804863"}],"wp:term":[{"taxonomy":"product_brand","embeddable":true,"href":"https:\/\/liquidmaster.pl\/en\/wp-json\/wp\/v2\/product_brand?post=1804863"},{"taxonomy":"product_cat","embeddable":true,"href":"https:\/\/liquidmaster.pl\/en\/wp-json\/wp\/v2\/product_cat?post=1804863"},{"taxonomy":"product_tag","embeddable":true,"href":"https:\/\/liquidmaster.pl\/en\/wp-json\/wp\/v2\/product_tag?post=1804863"}],"curies":[{"name":"wp","href":"https:\/\/api.w.org\/{rel}","templated":true}]}}