{"id":1804861,"date":"2025-03-28T14:50:53","date_gmt":"2025-03-28T12:50:53","guid":{"rendered":"https:\/\/liquidmaster.pl\/detailing-house-ssawka-szczelinowa-dluga-dn35\/"},"modified":"2026-04-18T04:33:45","modified_gmt":"2026-04-18T02:33:45","slug":"detailing-house-ssawka-szczelinowa-dluga-dn35","status":"publish","type":"product","link":"https:\/\/liquidmaster.pl\/en\/detailing-house-ssawka-szczelinowa-dluga-dn35\/","title":{"rendered":"Detailing House Long Crevice Nozzle DN35"},"content":{"rendered":"<p style=\"text-align:left;margin:0pt 0pt 0pt 0pt\">Slotted nozzle for KARCHER VACUUM CLEANER DN35 \u2013 LONG 34cm<\/p>\n<p style=\"text-align:left;margin:0pt 0pt 0pt 0pt\">\u00a0<\/p>\n<p style=\"text-align:left;margin:0pt 0pt 0pt 0pt\">Item description:<\/p>\n<p style=\"text-align:left;margin:0pt 0pt 0pt 0pt\">A high-quality replacement for a 34 cm long crevice nozzle intended for Karcher vacuum cleaners and wherever nozzles with a DN35 connection are used (pipe installation). The nozzle is perfect for vacuuming furniture crevices, nooks and crannies of car seats and all hard-to-reach places.<\/p>\n<p style=\"text-align:left;margin:0pt 0pt 0pt 0pt\">\u00a0<\/p>\n<p style=\"text-align:left;margin:0pt 0pt 0pt 0pt\">Compatibility:<\/p>\n<ul style=\"margin-top:0;margin-bottom:0\">\n<li style=\"text-align:left;margin:0pt 0pt 0pt 0pt;list-style-type:disc;color:#000000;background-color:transparent;font-family:Arial;font-size:11pt\">Bosch<\/li>\n<li style=\"text-align:left;margin:0pt 0pt 0pt 0pt;list-style-type:disc;color:#000000;background-color:transparent;font-family:Arial;font-size:11pt\">Grinds<\/li>\n<li style=\"text-align:left;margin:0pt 0pt 0pt 0pt;list-style-type:disc;color:#000000;background-color:transparent;font-family:Arial;font-size:11pt\">Panasonic<\/li>\n<li style=\"text-align:left;margin:0pt 0pt 0pt 0pt;list-style-type:disc;color:#000000;background-color:transparent;font-family:Arial;font-size:11pt\">Rowenta<\/li>\n<li style=\"text-align:left;margin:0pt 0pt 0pt 0pt;list-style-type:disc;color:#000000;background-color:transparent;font-family:Arial;font-size:11pt\">Samsung<\/li>\n<li style=\"text-align:left;margin:0pt 0pt 0pt 0pt;list-style-type:disc;color:#000000;background-color:transparent;font-family:Arial;font-size:11pt\">ETA<\/li>\n<li style=\"text-align:left;margin:0pt 0pt 0pt 0pt;list-style-type:disc;color:#000000;background-color:transparent;font-family:Arial;font-size:11pt\">Moulinex<\/li>\n<li style=\"text-align:left;margin:0pt 0pt 0pt 0pt;list-style-type:disc;color:#000000;background-color:transparent;font-family:Arial;font-size:11pt\">Profi<\/li>\n<li style=\"text-align:left;margin:0pt 0pt 0pt 0pt;list-style-type:disc;color:#000000;background-color:transparent;font-family:Arial;font-size:11pt\">Einhell<\/li>\n<li style=\"text-align:left;margin:0pt 0pt 0pt 0pt;list-style-type:disc;color:#000000;background-color:transparent;font-family:Arial;font-size:11pt\">Karcher<br \/>\n\t\u00a0<\/p>\n<p style=\"text-align:left;margin:0pt 0pt 0pt 0pt\">Technical data:<\/p>\n<\/li>\n<li style=\"text-align:left;margin:0pt 0pt 0pt 0pt;list-style-type:disc;color:#000000;background-color:transparent;font-family:Arial;font-size:11pt\">Inner diameter: DN35 (35mm)<\/li>\n<li style=\"text-align:left;margin:0pt 0pt 0pt 0pt;list-style-type:disc;color:#000000;background-color:transparent;font-family:Arial;font-size:11pt\">Suction nozzle length: 340mm<\/li>\n<li style=\"text-align:left;margin:0pt 0pt 0pt 0pt;list-style-type:disc;color:#000000;background-color:transparent;font-family:Arial;font-size:11pt\">Condition: new <\/li>\n<\/ul>","protected":false},"excerpt":{"rendered":"<p>SSAWKA SZCZELINOWA DO ODKURZACZY KARCHER DN35 &#8211; D\u0141UGA 34cm \u00a0 Opis przedmiotu: Wysokiej jako\u015bci zamiennik ssawki szczelinowej o d\u0142ugo\u015bci 34cm przeznaczonej do odkurzaczy Karcher oraz wsz\u0119dzie tam gdzie wykorzystuje si\u0119 ssawki z przy\u0142\u0105czem DN35 (monta\u017c na rur\u0119). Ssawka idealnie sprawdza si\u0119 do odkurzania za\u0142ama\u0144 mebli, zakamark\u00f3w foteli samochodowych oraz wszelkich trudno dost\u0119pnych miejsc. \u00a0 Kompatybilno\u015b\u0107:&hellip;&nbsp;<a href=\"https:\/\/liquidmaster.pl\/en\/detailing-house-ssawka-szczelinowa-dluga-dn35\/\" rel=\"bookmark\">Read More \u00bb<span class=\"screen-reader-text\">Detailing House Long Crevice Nozzle DN35<\/span><\/a><\/p>","protected":false},"featured_media":1847789,"comment_status":"open","ping_status":"open","template":"","meta":{"neve_meta_sidebar":"","neve_meta_container":"","neve_meta_enable_content_width":"","neve_meta_content_width":0,"neve_meta_title_alignment":"","neve_meta_author_avatar":"","neve_post_elements_order":"","neve_meta_disable_header":"","neve_meta_disable_footer":"","neve_meta_disable_title":"","_themeisle_gutenberg_block_has_review":false},"product_brand":[],"product_cat":[757,865,918,846],"product_tag":[286],"class_list":{"0":"post-1804861","1":"product","2":"type-product","3":"status-publish","4":"has-post-thumbnail","6":"product_cat-akcesoria","7":"product_cat-odkurzacze","8":"product_cat-odkurzacze-piorace","9":"product_cat-reszta","10":"product_tag-detailing-house","12":"first","13":"instock","14":"taxable","15":"shipping-taxable","16":"purchasable","17":"product-type-simple"},"_links":{"self":[{"href":"https:\/\/liquidmaster.pl\/en\/wp-json\/wp\/v2\/product\/1804861","targetHints":{"allow":["GET"]}}],"collection":[{"href":"https:\/\/liquidmaster.pl\/en\/wp-json\/wp\/v2\/product"}],"about":[{"href":"https:\/\/liquidmaster.pl\/en\/wp-json\/wp\/v2\/types\/product"}],"replies":[{"embeddable":true,"href":"https:\/\/liquidmaster.pl\/en\/wp-json\/wp\/v2\/comments?post=1804861"}],"wp:featuredmedia":[{"embeddable":true,"href":"https:\/\/liquidmaster.pl\/en\/wp-json\/wp\/v2\/media\/1847789"}],"wp:attachment":[{"href":"https:\/\/liquidmaster.pl\/en\/wp-json\/wp\/v2\/media?parent=1804861"}],"wp:term":[{"taxonomy":"product_brand","embeddable":true,"href":"https:\/\/liquidmaster.pl\/en\/wp-json\/wp\/v2\/product_brand?post=1804861"},{"taxonomy":"product_cat","embeddable":true,"href":"https:\/\/liquidmaster.pl\/en\/wp-json\/wp\/v2\/product_cat?post=1804861"},{"taxonomy":"product_tag","embeddable":true,"href":"https:\/\/liquidmaster.pl\/en\/wp-json\/wp\/v2\/product_tag?post=1804861"}],"curies":[{"name":"wp","href":"https:\/\/api.w.org\/{rel}","templated":true}]}}