{"id":1804854,"date":"2025-03-28T14:50:29","date_gmt":"2025-03-28T12:50:29","guid":{"rendered":"https:\/\/liquidmaster.pl\/kwazar-orion-super-foamer-pianownica-6l\/"},"modified":"2026-04-18T04:33:43","modified_gmt":"2026-04-18T02:33:43","slug":"kwazar-orion-super-foamer-pianownica-6l","status":"publish","type":"product","link":"https:\/\/liquidmaster.pl\/en\/kwazar-orion-super-foamer-pianownica-8\/","title":{"rendered":"Quasar Orion Super Foamer Foambox 6L"},"content":{"rendered":"<p data-end=\"816\" data-start=\"40\">The Orion Super Foamer is an advanced device from the Cleaning PRO+ series, designed for the effective application of foaming agents. It guarantees fast, precise, and even coverage of surfaces with dense foam, making it an ideal solution for car washes, car repair shops, and cleaning companies. It is also successfully used in the catering, construction, and road construction industries. It is perfect for pre-washing vehicles, cleaning rims, engine compartments, windows, mirrors, garden infrastructure, and facades. It can also be used for cleaning combi-steam ovens, bakery ovens, butcher tables, and cold stores, as well as for applying concrete removal agents and cleaning roadside elements.<\/p>\n<p data-end=\"906\" data-start=\"818\">The set includes three foaming inserts: for liquid, medium and dense foam.<\/p>\n<p data-end=\"927\" data-start=\"908\">Product features:<\/p>\n<ul data-end=\"1313\" data-start=\"929\">\n<li data-end=\"972\" data-start=\"929\">Fiberglass lance, 50 cm long<\/li>\n<li data-end=\"1024\" data-start=\"973\">Convenient funnel for easy pouring of liquids<\/li>\n<li data-end=\"1079\" data-start=\"1025\">Safety valve for pressure control<\/li>\n<li data-end=\"1141\" data-start=\"1080\">Liquid level control strip for easy dosing<\/li>\n<li data-end=\"1221\" data-start=\"1142\">Comfortable carrying strap ensuring comfort of use during long-term work<\/li>\n<li data-end=\"1313\" data-start=\"1222\">Stabilizing ring that protects the tank from damage and ensures stability<\/li>\n<\/ul>","protected":false},"excerpt":{"rendered":"<p>Pianownica Orion Super Foamer to zaawansowane urz\u0105dzenie z serii Cleaning PRO+, zaprojektowane do efektywnej aplikacji \u015brodk\u00f3w pianotw\u00f3rczych. Gwarantuje szybkie, precyzyjne i r\u00f3wnomierne pokrycie powierzchni g\u0119st\u0105 pian\u0105, co sprawia, \u017ce jest idealnym rozwi\u0105zaniem w myjniach, warsztatach samochodowych oraz firmach sprz\u0105taj\u0105cych. Z powodzeniem znajduje zastosowanie tak\u017ce w bran\u017cy gastronomicznej, budowlanej oraz drogownictwie. Doskonale sprawdza si\u0119 przy wst\u0119pnym&hellip;&nbsp;<a href=\"https:\/\/liquidmaster.pl\/en\/kwazar-orion-super-foamer-pianownica-8\/\" rel=\"bookmark\">Read More \u00bb<span class=\"screen-reader-text\">Quasar Orion Super Foamer Foambox 6L<\/span><\/a><\/p>","protected":false},"featured_media":1847781,"comment_status":"open","ping_status":"open","template":"","meta":{"neve_meta_sidebar":"","neve_meta_container":"","neve_meta_enable_content_width":"","neve_meta_content_width":0,"neve_meta_title_alignment":"","neve_meta_author_avatar":"","neve_post_elements_order":"","neve_meta_disable_header":"","neve_meta_disable_footer":"","neve_meta_disable_title":"","_themeisle_gutenberg_block_has_review":false},"product_brand":[],"product_cat":[734,733,753],"product_tag":[315],"class_list":{"0":"post-1804854","1":"product","2":"type-product","3":"status-publish","4":"has-post-thumbnail","6":"product_cat-mycie-i-osuszanie","7":"product_cat-na-zewnatrz","8":"product_cat-piany-aktywne-i-pianownice","9":"product_tag-kwazar","11":"first","12":"instock","13":"taxable","14":"shipping-taxable","15":"purchasable","16":"product-type-simple"},"_links":{"self":[{"href":"https:\/\/liquidmaster.pl\/en\/wp-json\/wp\/v2\/product\/1804854","targetHints":{"allow":["GET"]}}],"collection":[{"href":"https:\/\/liquidmaster.pl\/en\/wp-json\/wp\/v2\/product"}],"about":[{"href":"https:\/\/liquidmaster.pl\/en\/wp-json\/wp\/v2\/types\/product"}],"replies":[{"embeddable":true,"href":"https:\/\/liquidmaster.pl\/en\/wp-json\/wp\/v2\/comments?post=1804854"}],"wp:featuredmedia":[{"embeddable":true,"href":"https:\/\/liquidmaster.pl\/en\/wp-json\/wp\/v2\/media\/1847781"}],"wp:attachment":[{"href":"https:\/\/liquidmaster.pl\/en\/wp-json\/wp\/v2\/media?parent=1804854"}],"wp:term":[{"taxonomy":"product_brand","embeddable":true,"href":"https:\/\/liquidmaster.pl\/en\/wp-json\/wp\/v2\/product_brand?post=1804854"},{"taxonomy":"product_cat","embeddable":true,"href":"https:\/\/liquidmaster.pl\/en\/wp-json\/wp\/v2\/product_cat?post=1804854"},{"taxonomy":"product_tag","embeddable":true,"href":"https:\/\/liquidmaster.pl\/en\/wp-json\/wp\/v2\/product_tag?post=1804854"}],"curies":[{"name":"wp","href":"https:\/\/api.w.org\/{rel}","templated":true}]}}