{"id":1804852,"date":"2025-03-28T14:50:29","date_gmt":"2025-03-28T12:50:29","guid":{"rendered":"https:\/\/liquidmaster.pl\/koch-chemie-vorreiniger-b-5kg-srodek-do-wstepnego-mycia-lakieru\/"},"modified":"2026-04-18T04:33:42","modified_gmt":"2026-04-18T02:33:42","slug":"koch-chemie-vorreiniger-b-5kg-srodek-do-wstepnego-mycia-lakieru","status":"publish","type":"product","link":"https:\/\/liquidmaster.pl\/en\/koch-chemie-vorreiniger-b-5kg-srodek-do-wstepnego-mycia-lakieru\/","title":{"rendered":"Koch Chemie Vorreiniger B 5kg - agent for pre-cleaning the varnish"},"content":{"rendered":"<p>Koch Chemie Vorreiniger B \u2013 is a highly concentrated, alkaline and highly foaming special cleaning agent intended for pre-washing passenger cars and trucks. A combination of high-quality chemical compounds with surface-active properties instantly disperse not only general dirt and street dust, but also stubborn dirt such as insects, bird excrement and other static pollutants. Corrosion inhibitors ensure high durability of elements such as anodized aluminum.<\/p>\n<ul>\n<li>Cleaning rims 1:4 to 1:8<\/li>\n<li>Pre-cleaning: from 1:30 to 1:50<\/li>\n<li>Insect removal 1:10 to 1:30<\/li>\n<li>Heavily dirty vehicle interiors 1:10 to 1:20<\/li>\n<li>Dewaxing (copolymer) 1:5 to 1:10<\/li>\n<li>Engine washing 1:10 to 1:20<\/li>\n<li>Self-service high pressure washing: 1: 300<\/li>\n<\/ul>\n<p>Capacity: 5 kg<\/p>","protected":false},"excerpt":{"rendered":"<p>Koch Chemie Vorreiniger B \u2013 jest mocno skoncentrowanym, alkalicznym i wysoko pieni\u0105cym specjalnym \u015brodkiem czyszcz\u0105cym przeznaczonym do wst\u0119pnego mycia samochod\u00f3w osobowych i ci\u0119\u017carowych. Kombinacja wysokowarto\u015bciowych zwi\u0105zk\u00f3w chemicznych, maj\u0105cych w\u0142a\u015bciwo\u015bci powierzchniowo czynne, rozpraszaj\u0105 w mgnieniu oka nie tylko og\u00f3lny br\u00f3d i kurz uliczny, ale r\u00f3wnie\u017c uparte zabrudzenia jak insekty, ptasie ekskrementy i inne statyczne zanieczyszczenia. Inhibitory&hellip;&nbsp;<a href=\"https:\/\/liquidmaster.pl\/en\/koch-chemie-vorreiniger-b-5kg-srodek-do-wstepnego-mycia-lakieru\/\" rel=\"bookmark\">Read More \u00bb<span class=\"screen-reader-text\">Koch Chemie Vorreiniger B 5kg - agent for pre-cleaning the varnish<\/span><\/a><\/p>","protected":false},"featured_media":1847780,"comment_status":"open","ping_status":"open","template":"","meta":{"neve_meta_sidebar":"","neve_meta_container":"","neve_meta_enable_content_width":"","neve_meta_content_width":0,"neve_meta_title_alignment":"","neve_meta_author_avatar":"","neve_post_elements_order":"","neve_meta_disable_header":"","neve_meta_disable_footer":"","neve_meta_disable_title":"","_themeisle_gutenberg_block_has_review":false},"product_brand":[],"product_cat":[734,733],"product_tag":[313],"class_list":{"0":"post-1804852","1":"product","2":"type-product","3":"status-publish","4":"has-post-thumbnail","6":"product_cat-mycie-i-osuszanie","7":"product_cat-na-zewnatrz","8":"product_tag-koch-chemie","10":"first","11":"instock","12":"taxable","13":"shipping-taxable","14":"purchasable","15":"product-type-simple"},"_links":{"self":[{"href":"https:\/\/liquidmaster.pl\/en\/wp-json\/wp\/v2\/product\/1804852","targetHints":{"allow":["GET"]}}],"collection":[{"href":"https:\/\/liquidmaster.pl\/en\/wp-json\/wp\/v2\/product"}],"about":[{"href":"https:\/\/liquidmaster.pl\/en\/wp-json\/wp\/v2\/types\/product"}],"replies":[{"embeddable":true,"href":"https:\/\/liquidmaster.pl\/en\/wp-json\/wp\/v2\/comments?post=1804852"}],"wp:featuredmedia":[{"embeddable":true,"href":"https:\/\/liquidmaster.pl\/en\/wp-json\/wp\/v2\/media\/1847780"}],"wp:attachment":[{"href":"https:\/\/liquidmaster.pl\/en\/wp-json\/wp\/v2\/media?parent=1804852"}],"wp:term":[{"taxonomy":"product_brand","embeddable":true,"href":"https:\/\/liquidmaster.pl\/en\/wp-json\/wp\/v2\/product_brand?post=1804852"},{"taxonomy":"product_cat","embeddable":true,"href":"https:\/\/liquidmaster.pl\/en\/wp-json\/wp\/v2\/product_cat?post=1804852"},{"taxonomy":"product_tag","embeddable":true,"href":"https:\/\/liquidmaster.pl\/en\/wp-json\/wp\/v2\/product_tag?post=1804852"}],"curies":[{"name":"wp","href":"https:\/\/api.w.org\/{rel}","templated":true}]}}