{"id":1804848,"date":"2025-03-28T14:50:05","date_gmt":"2025-03-28T12:50:05","guid":{"rendered":"https:\/\/liquidmaster.pl\/koch-chemie-glas-star-10l-koncentrat-plynu-do-mycia-szyb\/"},"modified":"2026-04-19T03:20:40","modified_gmt":"2026-04-19T01:20:40","slug":"koch-chemie-glas-star-10l-koncentrat-plynu-do-mycia-szyb","status":"publish","type":"product","link":"https:\/\/liquidmaster.pl\/en\/koch-chemie-glas-star-10l-koncentrat-plynu-do-mycia-szyb\/","title":{"rendered":"Koch Chemie Glas Star 10L \u2013 glass cleaner concentrate"},"content":{"rendered":"<p>Concentrated, alcohol-based window cleaner for all smooth, alcohol-resistant surfaces on vehicles, buildings, etc. Easily removes stubborn oil, grease, silicone, wax residue, light paint dust, insects, and more. Glas Star evaporates quickly and streak-free, and thanks to its polishing and smoothing additives, it increases the slipperiness of cleaning cloths. Due to its alcohol content, cleaning cloths dry faster. It is also ideal for winter use. Daimler-approved.<\/p>\n<p>Capacity: 10L<\/p>","protected":false},"excerpt":{"rendered":"<p>Skoncentrowany, bazuj\u0105cy na alkoholu p\u0142yn do mycia szyb do wszystkich g\u0142adkich, odpornych na dzia\u0142anie alkoholu powierzchni na pojazdach, budynkach itp. Usuwa bez problemu uporczywe zabrudzenia olejem, t\u0142uszczem, silikonem, resztki wosku, lekkie odkurze lakiernicze, owady itp. Glas Star odparowuje szybko i bez smug oraz ze wzgl\u0119du na dodatki nab\u0142yszczaj\u0105ce i wyg\u0142adzaj\u0105ce, zwi\u0119ksza po\u015blizg \u015bciereczki u\u017cywanej do&hellip;&nbsp;<a href=\"https:\/\/liquidmaster.pl\/en\/koch-chemie-glas-star-10l-koncentrat-plynu-do-mycia-szyb\/\" rel=\"bookmark\">Read More \u00bb<span class=\"screen-reader-text\">Koch Chemie Glas Star 10L \u2013 glass cleaner concentrate<\/span><\/a><\/p>","protected":false},"featured_media":1847779,"comment_status":"open","ping_status":"open","template":"","meta":{"neve_meta_sidebar":"","neve_meta_container":"","neve_meta_enable_content_width":"","neve_meta_content_width":0,"neve_meta_title_alignment":"","neve_meta_author_avatar":"","neve_post_elements_order":"","neve_meta_disable_header":"","neve_meta_disable_footer":"","neve_meta_disable_title":"","_themeisle_gutenberg_block_has_review":false},"product_brand":[],"product_cat":[733,774,773],"product_tag":[313],"class_list":{"0":"post-1804848","1":"product","2":"type-product","3":"status-publish","4":"has-post-thumbnail","6":"product_cat-na-zewnatrz","7":"product_cat-plyny-do-szyb","8":"product_cat-szyby","9":"product_tag-koch-chemie","11":"first","12":"outofstock","13":"taxable","14":"shipping-taxable","15":"purchasable","16":"product-type-simple"},"_links":{"self":[{"href":"https:\/\/liquidmaster.pl\/en\/wp-json\/wp\/v2\/product\/1804848","targetHints":{"allow":["GET"]}}],"collection":[{"href":"https:\/\/liquidmaster.pl\/en\/wp-json\/wp\/v2\/product"}],"about":[{"href":"https:\/\/liquidmaster.pl\/en\/wp-json\/wp\/v2\/types\/product"}],"replies":[{"embeddable":true,"href":"https:\/\/liquidmaster.pl\/en\/wp-json\/wp\/v2\/comments?post=1804848"}],"wp:featuredmedia":[{"embeddable":true,"href":"https:\/\/liquidmaster.pl\/en\/wp-json\/wp\/v2\/media\/1847779"}],"wp:attachment":[{"href":"https:\/\/liquidmaster.pl\/en\/wp-json\/wp\/v2\/media?parent=1804848"}],"wp:term":[{"taxonomy":"product_brand","embeddable":true,"href":"https:\/\/liquidmaster.pl\/en\/wp-json\/wp\/v2\/product_brand?post=1804848"},{"taxonomy":"product_cat","embeddable":true,"href":"https:\/\/liquidmaster.pl\/en\/wp-json\/wp\/v2\/product_cat?post=1804848"},{"taxonomy":"product_tag","embeddable":true,"href":"https:\/\/liquidmaster.pl\/en\/wp-json\/wp\/v2\/product_tag?post=1804848"}],"curies":[{"name":"wp","href":"https:\/\/api.w.org\/{rel}","templated":true}]}}