{"id":1804826,"date":"2025-03-28T14:48:28","date_gmt":"2025-03-28T12:48:28","guid":{"rendered":"https:\/\/liquidmaster.pl\/funky-witch-fat-rubs-fluffy-towel-40x40-1200gsm\/"},"modified":"2026-04-18T04:33:38","modified_gmt":"2026-04-18T02:33:38","slug":"funky-witch-fat-rubs-fluffy-towel-40x40-1200gsm","status":"publish","type":"product","link":"https:\/\/liquidmaster.pl\/en\/funky-witch-fat-rubs-fluffy-towel-40x40-1200gsm\/","title":{"rendered":"FUNKY WITCH Fat Rubs Fluffy Towel 40\u00d740 1200gsm"},"content":{"rendered":"<p>1200 GSM \u2013 the fluffiest towel for lapping hard waxes and collecting water. The high grammage means that it glides gently over the paint surface. Perfect for finishing work. Sewn edges and no tag ensure the highest level of paint safety.<\/p>\n<p>USER MANUAL<\/p>\n<ul>\n<li>wash at a maximum temperature of 30 degrees,<\/li>\n<li>do not use fabric softeners,<\/li>\n<li>do not dry mechanically or on radiators.<\/li>\n<\/ul>\n<p>Dimensions:<br \/>\n40 x 40 cm<\/p>","protected":false},"excerpt":{"rendered":"<p>1200 GSM \u2013 najbardziej puszysty r\u0119cznik do docierania twardych wosk\u00f3w, zbierania wody. Wysoka gramatura sprawia, \u017ce delikatnie przesuwa si\u0119 po powierzchni lakieru. \u015awietnie nadaje si\u0119 do prac wyko\u0144czeniowych. Obszyte kraw\u0119dzie, brak metki zapewniaj\u0105 bezpiecze\u0144stwo lakieru na najwy\u017cszym poziomie. INSTRUKCJA OBS\u0141UGI pra\u0107 w temperaturze maksymalnie 30 stopni, nie u\u017cywa\u0107 p\u0142yn\u00f3w zmi\u0119kczaj\u0105cych, nie suszy\u0107 mechanicznie lub na&hellip;&nbsp;<a href=\"https:\/\/liquidmaster.pl\/en\/funky-witch-fat-rubs-fluffy-towel-40x40-1200gsm\/\" rel=\"bookmark\">Read More \u00bb<span class=\"screen-reader-text\">FUNKY WITCH Fat Rubs Fluffy Towel 40\u00d740 1200gsm<\/span><\/a><\/p>","protected":false},"featured_media":1847764,"comment_status":"open","ping_status":"open","template":"","meta":{"neve_meta_sidebar":"","neve_meta_container":"","neve_meta_enable_content_width":"","neve_meta_content_width":0,"neve_meta_title_alignment":"","neve_meta_author_avatar":"","neve_post_elements_order":"","neve_meta_disable_header":"","neve_meta_disable_footer":"","neve_meta_disable_title":"","_themeisle_gutenberg_block_has_review":false},"product_brand":[],"product_cat":[757,758,780],"product_tag":[298],"class_list":{"0":"post-1804826","1":"product","2":"type-product","3":"status-publish","4":"has-post-thumbnail","6":"product_cat-akcesoria","7":"product_cat-mikrofibry-i-reczniki","8":"product_cat-pluszowe","9":"product_tag-funky-witch","11":"first","12":"outofstock","13":"taxable","14":"shipping-taxable","15":"purchasable","16":"product-type-simple"},"_links":{"self":[{"href":"https:\/\/liquidmaster.pl\/en\/wp-json\/wp\/v2\/product\/1804826","targetHints":{"allow":["GET"]}}],"collection":[{"href":"https:\/\/liquidmaster.pl\/en\/wp-json\/wp\/v2\/product"}],"about":[{"href":"https:\/\/liquidmaster.pl\/en\/wp-json\/wp\/v2\/types\/product"}],"replies":[{"embeddable":true,"href":"https:\/\/liquidmaster.pl\/en\/wp-json\/wp\/v2\/comments?post=1804826"}],"wp:featuredmedia":[{"embeddable":true,"href":"https:\/\/liquidmaster.pl\/en\/wp-json\/wp\/v2\/media\/1847764"}],"wp:attachment":[{"href":"https:\/\/liquidmaster.pl\/en\/wp-json\/wp\/v2\/media?parent=1804826"}],"wp:term":[{"taxonomy":"product_brand","embeddable":true,"href":"https:\/\/liquidmaster.pl\/en\/wp-json\/wp\/v2\/product_brand?post=1804826"},{"taxonomy":"product_cat","embeddable":true,"href":"https:\/\/liquidmaster.pl\/en\/wp-json\/wp\/v2\/product_cat?post=1804826"},{"taxonomy":"product_tag","embeddable":true,"href":"https:\/\/liquidmaster.pl\/en\/wp-json\/wp\/v2\/product_tag?post=1804826"}],"curies":[{"name":"wp","href":"https:\/\/api.w.org\/{rel}","templated":true}]}}