{"id":1804813,"date":"2025-03-28T14:46:51","date_gmt":"2025-03-28T12:46:51","guid":{"rendered":"https:\/\/liquidmaster.pl\/funky-witch-amulet-quick-wax-1l-syntetyczny-wosk-w-sprayu\/"},"modified":"2026-04-18T04:33:36","modified_gmt":"2026-04-18T02:33:36","slug":"funky-witch-amulet-quick-wax-1l-syntetyczny-wosk-w-sprayu","status":"publish","type":"product","link":"https:\/\/liquidmaster.pl\/en\/funky-witch-amulet-quick-wax-1l-syntetyczny-wosk-w-sprayu\/","title":{"rendered":"FUNKY WITCH Amulet Quick Wax 1L \u2013 synthetic spray wax"},"content":{"rendered":"<p>Innovative quick wax based on polymers. This ensures long-lasting protection of the paint. It darkens, highlights the grain and enhances the depth of the varnish. The product provides excellent hydrophobicity, which helps clean the paint.<\/p>\n<p>\u00a0<\/p>\n<p>\u2013 shake before use<br \/>\n\u2013 apply to microfiber,<\/p>\n<p>\u2013 spread over the surface, do not reach in immediately,<\/p>\n<p>\u2013 wait about 1-3 minutes, wipe with a soft microfiber<\/p>\n<p>\u2013 polish if necessary<\/p>\n<p>\u00a0<\/p>","protected":false},"excerpt":{"rendered":"<p>Innowacyjny quick wax oparty na polimerach. Zapewnia to d\u0142ugotrwa\u0142\u0105 ochron\u0119 lakieru. Przyciemnia, \u015bwietnie uwydatnia ziarno i wzmacnia g\u0142\u0119bi\u0119 lakieru. Produkt zapewnia doskona\u0142\u0105 hydrofobowo\u015b\u0107 co pomaga w oczyszczaniu lakieru. \u00a0 \u2013 wstrz\u0105sn\u0105\u0107 przed u\u017cyciem \u2013 aplikowa\u0107 na mikrofibr\u0119, \u2013 rozprowadzi\u0107 po powierzchni, nie dociera\u0107 od razu, \u2013 odczeka\u0107 oko\u0142o 1-3 minuty, dotrze\u0107 mi\u0119kk\u0105 mikrofibr\u0105 \u2013 w&hellip;&nbsp;<a href=\"https:\/\/liquidmaster.pl\/en\/funky-witch-amulet-quick-wax-1l-syntetyczny-wosk-w-sprayu\/\" rel=\"bookmark\">Read More \u00bb<span class=\"screen-reader-text\">FUNKY WITCH Amulet Quick Wax 1L \u2013 synthetic spray wax<\/span><\/a><\/p>","protected":false},"featured_media":1847758,"comment_status":"open","ping_status":"open","template":"","meta":{"neve_meta_sidebar":"","neve_meta_container":"","neve_meta_enable_content_width":"","neve_meta_content_width":0,"neve_meta_title_alignment":"","neve_meta_author_avatar":"","neve_post_elements_order":"","neve_meta_disable_header":"","neve_meta_disable_footer":"","neve_meta_disable_title":"","_themeisle_gutenberg_block_has_review":false},"product_brand":[],"product_cat":[733,766,788],"product_tag":[298],"class_list":{"0":"post-1804813","1":"product","2":"type-product","3":"status-publish","4":"has-post-thumbnail","6":"product_cat-na-zewnatrz","7":"product_cat-ochrona-lakieru","8":"product_cat-woski","9":"product_tag-funky-witch","10":"pa_promocja-promocje","12":"first","13":"instock","14":"sale","15":"taxable","16":"shipping-taxable","17":"purchasable","18":"product-type-simple"},"_links":{"self":[{"href":"https:\/\/liquidmaster.pl\/en\/wp-json\/wp\/v2\/product\/1804813","targetHints":{"allow":["GET"]}}],"collection":[{"href":"https:\/\/liquidmaster.pl\/en\/wp-json\/wp\/v2\/product"}],"about":[{"href":"https:\/\/liquidmaster.pl\/en\/wp-json\/wp\/v2\/types\/product"}],"replies":[{"embeddable":true,"href":"https:\/\/liquidmaster.pl\/en\/wp-json\/wp\/v2\/comments?post=1804813"}],"wp:featuredmedia":[{"embeddable":true,"href":"https:\/\/liquidmaster.pl\/en\/wp-json\/wp\/v2\/media\/1847758"}],"wp:attachment":[{"href":"https:\/\/liquidmaster.pl\/en\/wp-json\/wp\/v2\/media?parent=1804813"}],"wp:term":[{"taxonomy":"product_brand","embeddable":true,"href":"https:\/\/liquidmaster.pl\/en\/wp-json\/wp\/v2\/product_brand?post=1804813"},{"taxonomy":"product_cat","embeddable":true,"href":"https:\/\/liquidmaster.pl\/en\/wp-json\/wp\/v2\/product_cat?post=1804813"},{"taxonomy":"product_tag","embeddable":true,"href":"https:\/\/liquidmaster.pl\/en\/wp-json\/wp\/v2\/product_tag?post=1804813"}],"curies":[{"name":"wp","href":"https:\/\/api.w.org\/{rel}","templated":true}]}}