{"id":1804777,"date":"2025-03-28T14:44:47","date_gmt":"2025-03-28T12:44:47","guid":{"rendered":"https:\/\/liquidmaster.pl\/cleantle-soaker-recznik-do-osuszania-50x70-1000gsm\/"},"modified":"2026-04-18T04:33:31","modified_gmt":"2026-04-18T02:33:31","slug":"cleantle-soaker-recznik-do-osuszania-50x70-1000gsm","status":"publish","type":"product","link":"https:\/\/liquidmaster.pl\/en\/cleantle-soaker-recznik-do-osuszania-50x70-1000gsm\/","title":{"rendered":"Cleantle Soaker - drying towel 50\u00d770 1000gsm"},"content":{"rendered":"<\/p>\n<p>Sokaer is a towel intended for drying the car after washing. Only high-quality microfibers were used to create Soaker. The high quality of microfibers combined with an equally high grammage means that the towel is able to absorb an exceptionally large amount of water. Drying even extremely wet elements will not be a challenge for Soaker. This towel is the right choice for both professional detailers and amateurs working in the comfort of their garage.<\/p>\n<p>Characteristics:<\/p>\n<ul>\n<li>extremely absorbent<\/li>\n<li>carefully selected microfibers<\/li>\n<li>harmless and gentle to the elements being dried<\/li>\n<li>useful accessory<\/li>\n<li>Size: 50 x 70 cm<\/li>\n<li>1000 GSM<\/li>\n<\/ul>","protected":false},"excerpt":{"rendered":"<p>Sokaer to r\u0119cznik przeznaczony do osuszania samochodu po zako\u0144czonym myciu. Do stworzenia Soaker&#8217;a wykorzystano wy\u0142\u0105cznie mikrow\u0142\u00f3kna wysokiej jako\u015bci. Wysoka jako\u015b\u0107 mikrow\u0142\u00f3kien w po\u0142\u0105czeniu z r\u00f3wnie wysok\u0105 gramatur\u0105 powoduje, \u017ce r\u0119cznik jest w stanie wch\u0142on\u0105\u0107 wyj\u0105tkowo du\u017c\u0105 ilo\u015b\u0107 wody. Dla Soaker&#8217;a nie b\u0119dzie wyzwaniem osuszenie nawet wyj\u0105tkowo mokrych element\u00f3w. R\u0119cznik ten to odpowiedni wyb\u00f3r zar\u00f3wno dla&hellip;&nbsp;<a href=\"https:\/\/liquidmaster.pl\/en\/cleantle-soaker-recznik-do-osuszania-50x70-1000gsm\/\" rel=\"bookmark\">Read More \u00bb<span class=\"screen-reader-text\">Cleantle Soaker - drying towel 50\u00d770 1000gsm<\/span><\/a><\/p>","protected":false},"featured_media":1847739,"comment_status":"open","ping_status":"open","template":"","meta":{"neve_meta_sidebar":"","neve_meta_container":"","neve_meta_enable_content_width":"","neve_meta_content_width":0,"neve_meta_title_alignment":"","neve_meta_author_avatar":"","neve_post_elements_order":"","neve_meta_disable_header":"","neve_meta_disable_footer":"","neve_meta_disable_title":"","_themeisle_gutenberg_block_has_review":false},"product_brand":[],"product_cat":[734,733,781],"product_tag":[280],"class_list":{"0":"post-1804777","1":"product","2":"type-product","3":"status-publish","4":"has-post-thumbnail","6":"product_cat-mycie-i-osuszanie","7":"product_cat-na-zewnatrz","8":"product_cat-reczniki-do-osuszania","9":"product_tag-cleantech-cleantle","11":"first","12":"instock","13":"taxable","14":"shipping-taxable","15":"purchasable","16":"product-type-simple"},"_links":{"self":[{"href":"https:\/\/liquidmaster.pl\/en\/wp-json\/wp\/v2\/product\/1804777","targetHints":{"allow":["GET"]}}],"collection":[{"href":"https:\/\/liquidmaster.pl\/en\/wp-json\/wp\/v2\/product"}],"about":[{"href":"https:\/\/liquidmaster.pl\/en\/wp-json\/wp\/v2\/types\/product"}],"replies":[{"embeddable":true,"href":"https:\/\/liquidmaster.pl\/en\/wp-json\/wp\/v2\/comments?post=1804777"}],"wp:featuredmedia":[{"embeddable":true,"href":"https:\/\/liquidmaster.pl\/en\/wp-json\/wp\/v2\/media\/1847739"}],"wp:attachment":[{"href":"https:\/\/liquidmaster.pl\/en\/wp-json\/wp\/v2\/media?parent=1804777"}],"wp:term":[{"taxonomy":"product_brand","embeddable":true,"href":"https:\/\/liquidmaster.pl\/en\/wp-json\/wp\/v2\/product_brand?post=1804777"},{"taxonomy":"product_cat","embeddable":true,"href":"https:\/\/liquidmaster.pl\/en\/wp-json\/wp\/v2\/product_cat?post=1804777"},{"taxonomy":"product_tag","embeddable":true,"href":"https:\/\/liquidmaster.pl\/en\/wp-json\/wp\/v2\/product_tag?post=1804777"}],"curies":[{"name":"wp","href":"https:\/\/api.w.org\/{rel}","templated":true}]}}