{"id":1804771,"date":"2025-03-28T14:44:26","date_gmt":"2025-03-28T12:44:26","guid":{"rendered":"https:\/\/liquidmaster.pl\/cleantle-leather-cleaner-5l-preparat-do-czyszczenia-tapicerki-skorzanej\/"},"modified":"2026-04-18T04:33:30","modified_gmt":"2026-04-18T02:33:30","slug":"cleantle-leather-cleaner-5l-preparat-do-czyszczenia-tapicerki-skorzanej","status":"publish","type":"product","link":"https:\/\/liquidmaster.pl\/en\/cleantle-leather-cleaner-5l-preparat-do-czyszczenia-tapicerki-skorzanej\/","title":{"rendered":"Cleantle Leather Cleaner 5L - Preparation for cleaning leather upholstery"},"content":{"rendered":"<\/p>\n<p>Leather Cleaner is a product intended for cleaning leather upholstery. The product combines gentleness and safety for cleaned surfaces, and at the same time can easily remove typical dirt from the skin. Leather Cleaner has a stable foam that extends the working time of the product and reduces the risk of wetting the cleaned surface. The product leaves the skin soft and prevents it from excessive drying. The product was developed with ecology in mind, almost 100% of the ingredients needed to create the product are of natural origin.<\/p>\n<p>Characteristics:<\/p>\n<ul>\n<li>removes dirt from leather upholstery while being safe for it\u00a0<\/li>\n<li>does not dry out the upholstery and makes the leather soft after cleaning<\/li>\n<li>almost the entire composition of the product is based on ingredients of natural origin<\/li>\n<li>not subject to CLP (no pictograms)<\/li>\n<li>no hazardous or corrosive substances, solvents or alcohol\u00a0<\/li>\n<\/ul>\n<p>dilution:<\/p>\n<ul>\n<li>When cleaning heavy and medium dirt, the product is immediately ready for use<\/li>\n<li>When cleaning minor dirt, the product can be diluted in a ratio of 100 ml of product to 100 ml of water<\/li>\n<\/ul>\n<p>Usage:<\/p>\n<ul>\n<li>Apply the product using a foam applicator or a sprayer on a brush or microfiber<\/li>\n<li>Clean the dirty element carefully and then wipe it with a clean microfiber<\/li>\n<li>the product must not be applied in the sun or on heated surfaces\u00a0<\/li>\n<li>the product must not be allowed to dry on the surface<\/li>\n<\/ul>","protected":false},"excerpt":{"rendered":"<p>Leather Cleaner to produkt, kt\u00f3rego przeznaczeniem jest czyszczenie tapicerki wykonanej ze sk\u00f3ry. Produkt \u0142\u0105czy w sobie delikatno\u015b\u0107 i bezpiecze\u0144stwo dla czyszczonych powierzchni jednocze\u015bnie bez problemu poradzi sobie z usuni\u0119ciem typowych zabrudze\u0144 zalegaj\u0105cych na sk\u00f3rze. Leather Cleaner cechuje si\u0119 stabiln\u0105 pian\u0105 wyd\u0142u\u017caj\u0105c\u0105 czas pracy z produktem i redukuj\u0105c\u0105 ryzyko przemoczenia czyszczonej powierzchni. Produkt pozostawia sk\u00f3r\u0119 mi\u0119kk\u0105&hellip;&nbsp;<a href=\"https:\/\/liquidmaster.pl\/en\/cleantle-leather-cleaner-5l-preparat-do-czyszczenia-tapicerki-skorzanej\/\" rel=\"bookmark\">Read More \u00bb<span class=\"screen-reader-text\">Cleantle Leather Cleaner 5L - Preparation for cleaning leather upholstery<\/span><\/a><\/p>","protected":false},"featured_media":1847735,"comment_status":"open","ping_status":"open","template":"","meta":{"neve_meta_sidebar":"","neve_meta_container":"","neve_meta_enable_content_width":"","neve_meta_content_width":0,"neve_meta_title_alignment":"","neve_meta_author_avatar":"","neve_post_elements_order":"","neve_meta_disable_header":"","neve_meta_disable_footer":"","neve_meta_disable_title":"","_themeisle_gutenberg_block_has_review":false},"product_brand":[],"product_cat":[834,816,768],"product_tag":[280],"class_list":{"0":"post-1804771","1":"product","2":"type-product","3":"status-publish","4":"has-post-thumbnail","6":"product_cat-czyszczenie-skory","7":"product_cat-tapicerka-skorzana","8":"product_cat-wnetrze-auta","9":"product_tag-cleantech-cleantle","11":"first","12":"instock","13":"taxable","14":"shipping-taxable","15":"purchasable","16":"product-type-simple"},"_links":{"self":[{"href":"https:\/\/liquidmaster.pl\/en\/wp-json\/wp\/v2\/product\/1804771","targetHints":{"allow":["GET"]}}],"collection":[{"href":"https:\/\/liquidmaster.pl\/en\/wp-json\/wp\/v2\/product"}],"about":[{"href":"https:\/\/liquidmaster.pl\/en\/wp-json\/wp\/v2\/types\/product"}],"replies":[{"embeddable":true,"href":"https:\/\/liquidmaster.pl\/en\/wp-json\/wp\/v2\/comments?post=1804771"}],"wp:featuredmedia":[{"embeddable":true,"href":"https:\/\/liquidmaster.pl\/en\/wp-json\/wp\/v2\/media\/1847735"}],"wp:attachment":[{"href":"https:\/\/liquidmaster.pl\/en\/wp-json\/wp\/v2\/media?parent=1804771"}],"wp:term":[{"taxonomy":"product_brand","embeddable":true,"href":"https:\/\/liquidmaster.pl\/en\/wp-json\/wp\/v2\/product_brand?post=1804771"},{"taxonomy":"product_cat","embeddable":true,"href":"https:\/\/liquidmaster.pl\/en\/wp-json\/wp\/v2\/product_cat?post=1804771"},{"taxonomy":"product_tag","embeddable":true,"href":"https:\/\/liquidmaster.pl\/en\/wp-json\/wp\/v2\/product_tag?post=1804771"}],"curies":[{"name":"wp","href":"https:\/\/api.w.org\/{rel}","templated":true}]}}