{"id":1804753,"date":"2025-03-28T14:42:53","date_gmt":"2025-03-28T12:42:53","guid":{"rendered":"https:\/\/liquidmaster.pl\/cleantle-industrial-degreaser-1l-skoncentrowany-uniwersalny-srodek-czyszczacy\/"},"modified":"2026-04-18T04:33:27","modified_gmt":"2026-04-18T02:33:27","slug":"cleantle-industrial-degreaser-1l-skoncentrowany-uniwersalny-srodek-czyszczacy","status":"publish","type":"product","link":"https:\/\/liquidmaster.pl\/en\/cleantle-industrial-degreaser-1l-skoncentrowany-uniwersalny-srodek-czyszczacy\/","title":{"rendered":"Cleantle Industrial Degreaser 1L - concentrated, universal cleaner"},"content":{"rendered":"<\/p>\n<p>Cleantle Industrial Degreaser \u2013 is a highly concentrated cleaning preparation with high cleaning power, intended for heavily dirty and greasy surfaces. Perfect for washing engines, machines, trucks, grease and oil stains.<\/p>\n<p>The product perfectly separates greasy and difficult dirt from the surface, and is safe for many surfaces.<\/p>\n<p>Contains organic solvents that are safe for the environment and the user. It does not contain petroleum-based solvents, the inhalation of which is harmful to health.<\/p>\n<p>The most important features:<\/p>\n<ul>\n<li>very high cleaning power,<\/li>\n<li>no petroleum-based solvents harmful to inhalation,<\/li>\n<li>also safe for plastic and rubber elements,<\/li>\n<li>perfectly cleans greasy dirt from grease and oil,<\/li>\n<li>perfect for washing engines, trucks and machines.<\/li>\n<\/ul>\n<p>Smell: Orange Juice Scent<\/p>\n<p>dilution:<\/p>\n<ul>\n<li>from 1:0 (concentrate) to 1:10 (100 ml of product and 1 liter of water) \u2013 engine compartment and machine washing,<\/li>\n<li>from 1:1 (1l of product and 1l of water) to 1:20 (50ml of product and 1l of water) - pre-washing, cleaning of medium dirt, plastic elements.<\/li>\n<\/ul>\n<p>Usage:<\/p>\n<ul>\n<li>Prepare a working solution depending on the dirt.<\/li>\n<li>Spray the surface to be cleaned and work with a brush or brush.<\/li>\n<li>Rinse the product with water under pressure.<\/li>\n<\/ul>\n<p>Attention:<\/p>\n<ul>\n<li>Do not apply to heated surfaces.<\/li>\n<li>Do not allow to dry.<\/li>\n<li>When using the product in concentrate or high concentrations, test the effect on a small part of the surface.<\/li>\n<\/ul>\n<p>Capacity: 1L<\/p>","protected":false},"excerpt":{"rendered":"<p>Cleantle Industrial Degreaser &#8211; to silnie skoncentrowany preparat czyszcz\u0105cy o du\u017cej mocy czyszcz\u0105cej, kt\u00f3ry przeznaczony jest do silnie zabrudzonych i zat\u0142uszczonych powierzchni. Idealnie nadaje si\u0119 do mycia silnik\u00f3w, maszyn, tir\u00f3w, plam ze smar\u00f3w i olej\u00f3w. Produkt doskonale odseparowuje t\u0142uste i trudne zabrudzenia od powierzchni, a przy tym jest bezpieczny dla wielu powierzchni. Zawiera bezpieczne dla&hellip;&nbsp;<a href=\"https:\/\/liquidmaster.pl\/en\/cleantle-industrial-degreaser-1l-skoncentrowany-uniwersalny-srodek-czyszczacy\/\" rel=\"bookmark\">Read More \u00bb<span class=\"screen-reader-text\">Cleantle Industrial Degreaser 1L - concentrated, universal cleaner<\/span><\/a><\/p>","protected":false},"featured_media":1847725,"comment_status":"open","ping_status":"open","template":"","meta":{"neve_meta_sidebar":"","neve_meta_container":"","neve_meta_enable_content_width":"","neve_meta_content_width":0,"neve_meta_title_alignment":"","neve_meta_author_avatar":"","neve_post_elements_order":"","neve_meta_disable_header":"","neve_meta_disable_footer":"","neve_meta_disable_title":"","_themeisle_gutenberg_block_has_review":false},"product_brand":[],"product_cat":[742,734,733],"product_tag":[280],"class_list":{"0":"post-1804753","1":"product","2":"type-product","3":"status-publish","4":"has-post-thumbnail","6":"product_cat-apc-mycie-i-osuszanie","7":"product_cat-mycie-i-osuszanie","8":"product_cat-na-zewnatrz","9":"product_tag-cleantech-cleantle","11":"first","12":"instock","13":"taxable","14":"shipping-taxable","15":"purchasable","16":"product-type-simple"},"_links":{"self":[{"href":"https:\/\/liquidmaster.pl\/en\/wp-json\/wp\/v2\/product\/1804753","targetHints":{"allow":["GET"]}}],"collection":[{"href":"https:\/\/liquidmaster.pl\/en\/wp-json\/wp\/v2\/product"}],"about":[{"href":"https:\/\/liquidmaster.pl\/en\/wp-json\/wp\/v2\/types\/product"}],"replies":[{"embeddable":true,"href":"https:\/\/liquidmaster.pl\/en\/wp-json\/wp\/v2\/comments?post=1804753"}],"wp:featuredmedia":[{"embeddable":true,"href":"https:\/\/liquidmaster.pl\/en\/wp-json\/wp\/v2\/media\/1847725"}],"wp:attachment":[{"href":"https:\/\/liquidmaster.pl\/en\/wp-json\/wp\/v2\/media?parent=1804753"}],"wp:term":[{"taxonomy":"product_brand","embeddable":true,"href":"https:\/\/liquidmaster.pl\/en\/wp-json\/wp\/v2\/product_brand?post=1804753"},{"taxonomy":"product_cat","embeddable":true,"href":"https:\/\/liquidmaster.pl\/en\/wp-json\/wp\/v2\/product_cat?post=1804753"},{"taxonomy":"product_tag","embeddable":true,"href":"https:\/\/liquidmaster.pl\/en\/wp-json\/wp\/v2\/product_tag?post=1804753"}],"curies":[{"name":"wp","href":"https:\/\/api.w.org\/{rel}","templated":true}]}}