{"id":1804751,"date":"2025-03-28T14:42:53","date_gmt":"2025-03-28T12:42:53","guid":{"rendered":"https:\/\/liquidmaster.pl\/cleantle-leather-and-fabric-brush-szczotka-do-tapicerki-materialowej-i-skorzanej\/"},"modified":"2026-04-18T04:33:27","modified_gmt":"2026-04-18T02:33:27","slug":"cleantle-leather-and-fabric-brush-szczotka-do-tapicerki-materialowej-i-skorzanej","status":"publish","type":"product","link":"https:\/\/liquidmaster.pl\/en\/cleantle-leather-and-fabric-brush-szczotka-do-tapicerki-materialowej-i-skorzanej\/","title":{"rendered":"Cleantle Leather and Fabric Brush - Brush for fabric and leather upholstery"},"content":{"rendered":"<p class=\"text-justify\">Leather and Fabric Brush is a hand-made brush designed for cleaning leather and fabric upholstery. A professional brush has the right type and length of bristles so that it can be used in various situations. This is what Leather and Fabric Brush is like. Thanks to this brush, we can easily clean plastic surfaces, fabric upholstery and, of course, leather upholstery.\u00a0<\/p>\n<p class=\"text-justify\">Thanks to natural bristles, the brush is delicate and safe for leather upholstery. Stiffer bristles of the appropriate length make the brush cope even with removing dirt from hard and rough surfaces. The brush is appropriately profiled, which ensures very good ergonomics of work. Made in Poland from high-quality materials, it does not lose bristles.<\/p>\n<p>Characteristics:<\/p>\n<ul>\n<li>firm grip<\/li>\n<li>natural bristles of appropriate length<\/li>\n<li>durable<\/li>\n<li>produced in Poland<\/li>\n<\/ul>","protected":false},"excerpt":{"rendered":"<p>Leather and Fabric Brush to r\u0119cznie stworzona szczotka przeznaczona do czyszczenia tapicerki sk\u00f3rzanej i materia\u0142owej. Profesjonalna szczotka cechuje si\u0119 odpowiednim rodzajem i d\u0142ugo\u015bci\u0105 w\u0142osia tak aby mo\u017cna j\u0105 by\u0142o wykorzysta\u0107 w r\u00f3\u017cnych sytuacjach. Taka jest w\u0142a\u015bnie Leather and Fabric Brush. Dzi\u0119ki tej szczotce bez problemu wyczy\u015bcimy powierzchnie plastikowe, tapicerk\u0119 materia\u0142ow\u0105 i rzecz jasna tapicerk\u0119 sk\u00f3rzan\u0105.\u00a0&hellip;&nbsp;<a href=\"https:\/\/liquidmaster.pl\/en\/cleantle-leather-and-fabric-brush-szczotka-do-tapicerki-materialowej-i-skorzanej\/\" rel=\"bookmark\">Read More \u00bb<span class=\"screen-reader-text\">Cleantle Leather and Fabric Brush - Brush for fabric and leather upholstery<\/span><\/a><\/p>","protected":false},"featured_media":1847722,"comment_status":"open","ping_status":"open","template":"","meta":{"neve_meta_sidebar":"","neve_meta_container":"","neve_meta_enable_content_width":"","neve_meta_content_width":0,"neve_meta_title_alignment":"","neve_meta_author_avatar":"","neve_post_elements_order":"","neve_meta_disable_header":"","neve_meta_disable_footer":"","neve_meta_disable_title":"","_themeisle_gutenberg_block_has_review":false},"product_brand":[],"product_cat":[817,816,768],"product_tag":[280],"class_list":{"0":"post-1804751","1":"product","2":"type-product","3":"status-publish","4":"has-post-thumbnail","6":"product_cat-szczotki-do-skor","7":"product_cat-tapicerka-skorzana","8":"product_cat-wnetrze-auta","9":"product_tag-cleantech-cleantle","11":"first","12":"instock","13":"taxable","14":"shipping-taxable","15":"purchasable","16":"product-type-simple"},"_links":{"self":[{"href":"https:\/\/liquidmaster.pl\/en\/wp-json\/wp\/v2\/product\/1804751","targetHints":{"allow":["GET"]}}],"collection":[{"href":"https:\/\/liquidmaster.pl\/en\/wp-json\/wp\/v2\/product"}],"about":[{"href":"https:\/\/liquidmaster.pl\/en\/wp-json\/wp\/v2\/types\/product"}],"replies":[{"embeddable":true,"href":"https:\/\/liquidmaster.pl\/en\/wp-json\/wp\/v2\/comments?post=1804751"}],"wp:featuredmedia":[{"embeddable":true,"href":"https:\/\/liquidmaster.pl\/en\/wp-json\/wp\/v2\/media\/1847722"}],"wp:attachment":[{"href":"https:\/\/liquidmaster.pl\/en\/wp-json\/wp\/v2\/media?parent=1804751"}],"wp:term":[{"taxonomy":"product_brand","embeddable":true,"href":"https:\/\/liquidmaster.pl\/en\/wp-json\/wp\/v2\/product_brand?post=1804751"},{"taxonomy":"product_cat","embeddable":true,"href":"https:\/\/liquidmaster.pl\/en\/wp-json\/wp\/v2\/product_cat?post=1804751"},{"taxonomy":"product_tag","embeddable":true,"href":"https:\/\/liquidmaster.pl\/en\/wp-json\/wp\/v2\/product_tag?post=1804751"}],"curies":[{"name":"wp","href":"https:\/\/api.w.org\/{rel}","templated":true}]}}