{"id":1804719,"date":"2025-03-28T14:40:29","date_gmt":"2025-03-28T12:40:29","guid":{"rendered":"https:\/\/liquidmaster.pl\/deturner-suede-1-pcs-sciereczka-do-aplikacji-powlok-ceramicznych\/"},"modified":"2026-04-18T04:33:22","modified_gmt":"2026-04-18T02:33:22","slug":"deturner-suede-1-pcs-sciereczka-do-aplikacji-powlok-ceramicznych","status":"publish","type":"product","link":"https:\/\/liquidmaster.pl\/en\/deturner-suede-1-pcs-sciereczka-do-aplikacji-powlok-ceramicznych\/","title":{"rendered":"Deturner Suede 1 pcs \u2013 cloth for applying ceramic coatings"},"content":{"rendered":"<p>Cloth for applying protective coatings. It has a delicate material structure.<\/p>\n<p>Dimensions: 10\u00d710 cm<\/p>\n<p>Quantity: 1 pc.<\/p>","protected":false},"excerpt":{"rendered":"<p>\u015aciereczka do aplikacji pow\u0142ok ochronnych. Posiada delikatn\u0105 struktur\u0119 materia\u0142u. Wymiary: 10&#215;10 cm Ilo\u015b\u0107: 1 szt.<\/p>","protected":false},"featured_media":1847704,"comment_status":"open","ping_status":"open","template":"","meta":{"neve_meta_sidebar":"","neve_meta_container":"","neve_meta_enable_content_width":"","neve_meta_content_width":0,"neve_meta_title_alignment":"","neve_meta_author_avatar":"","neve_post_elements_order":"","neve_meta_disable_header":"","neve_meta_disable_footer":"","neve_meta_disable_title":"","_themeisle_gutenberg_block_has_review":false},"product_brand":[],"product_cat":[757,786,787],"product_tag":[287],"class_list":{"0":"post-1804719","1":"product","2":"type-product","3":"status-publish","4":"has-post-thumbnail","6":"product_cat-akcesoria","7":"product_cat-aplikatory","8":"product_cat-aplikatory-do-ceramiki","9":"product_tag-deturner","11":"first","12":"instock","13":"taxable","14":"shipping-taxable","15":"purchasable","16":"product-type-simple"},"_links":{"self":[{"href":"https:\/\/liquidmaster.pl\/en\/wp-json\/wp\/v2\/product\/1804719","targetHints":{"allow":["GET"]}}],"collection":[{"href":"https:\/\/liquidmaster.pl\/en\/wp-json\/wp\/v2\/product"}],"about":[{"href":"https:\/\/liquidmaster.pl\/en\/wp-json\/wp\/v2\/types\/product"}],"replies":[{"embeddable":true,"href":"https:\/\/liquidmaster.pl\/en\/wp-json\/wp\/v2\/comments?post=1804719"}],"wp:featuredmedia":[{"embeddable":true,"href":"https:\/\/liquidmaster.pl\/en\/wp-json\/wp\/v2\/media\/1847704"}],"wp:attachment":[{"href":"https:\/\/liquidmaster.pl\/en\/wp-json\/wp\/v2\/media?parent=1804719"}],"wp:term":[{"taxonomy":"product_brand","embeddable":true,"href":"https:\/\/liquidmaster.pl\/en\/wp-json\/wp\/v2\/product_brand?post=1804719"},{"taxonomy":"product_cat","embeddable":true,"href":"https:\/\/liquidmaster.pl\/en\/wp-json\/wp\/v2\/product_cat?post=1804719"},{"taxonomy":"product_tag","embeddable":true,"href":"https:\/\/liquidmaster.pl\/en\/wp-json\/wp\/v2\/product_tag?post=1804719"}],"curies":[{"name":"wp","href":"https:\/\/api.w.org\/{rel}","templated":true}]}}