{"id":1804713,"date":"2025-03-28T14:40:05","date_gmt":"2025-03-28T12:40:05","guid":{"rendered":"https:\/\/liquidmaster.pl\/deturner-scrubbing-pad-gabka-do-szorowania\/"},"modified":"2026-04-18T04:33:21","modified_gmt":"2026-04-18T02:33:21","slug":"deturner-scrubbing-pad-gabka-do-szorowania","status":"publish","type":"product","link":"https:\/\/liquidmaster.pl\/en\/deturner-scrubbing-pad-gabka-do-szorowania\/","title":{"rendered":"Deturner Scrubbing Pad \u2013 scrubbing sponge"},"content":{"rendered":"<p>Scrubbing Pad<\/p>\n<p>Cleaning pad, ideal for all indoor surfaces, specially selected bristles combined with the cleaning product ensure high work efficiency and comfort of use.<\/p>","protected":false},"excerpt":{"rendered":"<p>Scrubbing Pad Pad czyszcz\u0105cy, idealny do wszystkich powierzchni wewn\u0105trz, specjalnie dobrane w\u0142osie w po\u0142\u0105czeniu z produktem czyszcz\u0105cym zapewnia wysok\u0105 skuteczno\u015b\u0107 pracy oraz komfort u\u017cytkowania.<\/p>","protected":false},"featured_media":1847697,"comment_status":"open","ping_status":"open","template":"","meta":{"neve_meta_sidebar":"","neve_meta_container":"","neve_meta_enable_content_width":"","neve_meta_content_width":0,"neve_meta_title_alignment":"","neve_meta_author_avatar":"","neve_post_elements_order":"","neve_meta_disable_header":"","neve_meta_disable_footer":"","neve_meta_disable_title":"","_themeisle_gutenberg_block_has_review":false},"product_brand":[],"product_cat":[804,795,768],"product_tag":[287],"class_list":{"0":"post-1804713","1":"product","2":"type-product","3":"status-publish","4":"has-post-thumbnail","6":"product_cat-czyszczenie-plastikow-wewnetrznych","7":"product_cat-plastiki-wewnetrzne","8":"product_cat-wnetrze-auta","9":"product_tag-deturner","11":"first","12":"instock","13":"taxable","14":"shipping-taxable","15":"purchasable","16":"product-type-simple"},"_links":{"self":[{"href":"https:\/\/liquidmaster.pl\/en\/wp-json\/wp\/v2\/product\/1804713","targetHints":{"allow":["GET"]}}],"collection":[{"href":"https:\/\/liquidmaster.pl\/en\/wp-json\/wp\/v2\/product"}],"about":[{"href":"https:\/\/liquidmaster.pl\/en\/wp-json\/wp\/v2\/types\/product"}],"replies":[{"embeddable":true,"href":"https:\/\/liquidmaster.pl\/en\/wp-json\/wp\/v2\/comments?post=1804713"}],"wp:featuredmedia":[{"embeddable":true,"href":"https:\/\/liquidmaster.pl\/en\/wp-json\/wp\/v2\/media\/1847697"}],"wp:attachment":[{"href":"https:\/\/liquidmaster.pl\/en\/wp-json\/wp\/v2\/media?parent=1804713"}],"wp:term":[{"taxonomy":"product_brand","embeddable":true,"href":"https:\/\/liquidmaster.pl\/en\/wp-json\/wp\/v2\/product_brand?post=1804713"},{"taxonomy":"product_cat","embeddable":true,"href":"https:\/\/liquidmaster.pl\/en\/wp-json\/wp\/v2\/product_cat?post=1804713"},{"taxonomy":"product_tag","embeddable":true,"href":"https:\/\/liquidmaster.pl\/en\/wp-json\/wp\/v2\/product_tag?post=1804713"}],"curies":[{"name":"wp","href":"https:\/\/api.w.org\/{rel}","templated":true}]}}