{"id":1804701,"date":"2025-03-28T14:38:49","date_gmt":"2025-03-28T12:38:49","guid":{"rendered":"https:\/\/liquidmaster.pl\/deturner-pearl-microfiber-bezkrawedziowa-mikrofibra\/"},"modified":"2026-04-20T08:12:26","modified_gmt":"2026-04-20T06:12:26","slug":"deturner-pearl-microfiber-bezkrawedziowa-mikrofibra","status":"publish","type":"product","link":"https:\/\/liquidmaster.pl\/en\/deturner-pearl-microfiber-bezkrawedziowa-mikrofibra\/","title":{"rendered":"Deturner Pearl Microfiber \u2013 Edgeless Microfiber"},"content":{"rendered":"<p>Pearl Microfiber<\/p>\n<p>Techniczna bezkraw\u0119dziowa mikrofibra, dzi\u0119ki zamkni\u0119tej strukturze w\u0142osia, jest idealna do<br \/>\nwork on varnishes, such as: lapping of pastes, coatings and degreasing. Its structure<br \/>\nminimizes the risk of micro scratches. I am also suitable for working on QD,<br \/>\nwaxes and interiors, including leather.<\/p>\n<p>Weight: 350 gsm<br \/>\nDimension: 40\u00d740 cm<\/p>","protected":false},"excerpt":{"rendered":"<p>Pearl Microfiber Techniczna bezkraw\u0119dziowa mikrofibra, dzi\u0119ki zamkni\u0119tej strukturze w\u0142osia, jest idealna do prac przy lakierach takich jakich: docieranie past, pow\u0142ok oraz odt\u0142uszczania. Jej struktura minimalizuje ryzyko powstawania mikro zarysowa\u0144. Nadaj\u0119 si\u0119 r\u00f3wnie\u017c do prac przy QD, woskach i we wn\u0119trzu w tym r\u00f3wnie\u017c do sk\u00f3r. Gramatura: 350 gsm Wymiar: 40&#215;40 cm<\/p>","protected":false},"featured_media":1847691,"comment_status":"open","ping_status":"open","template":"","meta":{"neve_meta_sidebar":"","neve_meta_container":"","neve_meta_enable_content_width":"","neve_meta_content_width":0,"neve_meta_title_alignment":"","neve_meta_author_avatar":"","neve_post_elements_order":"","neve_meta_disable_header":"","neve_meta_disable_footer":"","neve_meta_disable_title":"","_themeisle_gutenberg_block_has_review":false},"product_brand":[],"product_cat":[757,758,798],"product_tag":[287],"class_list":{"0":"post-1804701","1":"product","2":"type-product","3":"status-publish","4":"has-post-thumbnail","6":"product_cat-akcesoria","7":"product_cat-mikrofibry-i-reczniki","8":"product_cat-uniwersalne","9":"product_tag-deturner","11":"first","12":"outofstock","13":"taxable","14":"shipping-taxable","15":"purchasable","16":"product-type-simple"},"_links":{"self":[{"href":"https:\/\/liquidmaster.pl\/en\/wp-json\/wp\/v2\/product\/1804701","targetHints":{"allow":["GET"]}}],"collection":[{"href":"https:\/\/liquidmaster.pl\/en\/wp-json\/wp\/v2\/product"}],"about":[{"href":"https:\/\/liquidmaster.pl\/en\/wp-json\/wp\/v2\/types\/product"}],"replies":[{"embeddable":true,"href":"https:\/\/liquidmaster.pl\/en\/wp-json\/wp\/v2\/comments?post=1804701"}],"wp:featuredmedia":[{"embeddable":true,"href":"https:\/\/liquidmaster.pl\/en\/wp-json\/wp\/v2\/media\/1847691"}],"wp:attachment":[{"href":"https:\/\/liquidmaster.pl\/en\/wp-json\/wp\/v2\/media?parent=1804701"}],"wp:term":[{"taxonomy":"product_brand","embeddable":true,"href":"https:\/\/liquidmaster.pl\/en\/wp-json\/wp\/v2\/product_brand?post=1804701"},{"taxonomy":"product_cat","embeddable":true,"href":"https:\/\/liquidmaster.pl\/en\/wp-json\/wp\/v2\/product_cat?post=1804701"},{"taxonomy":"product_tag","embeddable":true,"href":"https:\/\/liquidmaster.pl\/en\/wp-json\/wp\/v2\/product_tag?post=1804701"}],"curies":[{"name":"wp","href":"https:\/\/api.w.org\/{rel}","templated":true}]}}