{"id":1804699,"date":"2025-03-28T14:38:49","date_gmt":"2025-03-28T12:38:49","guid":{"rendered":"https:\/\/liquidmaster.pl\/deturner-cube-coating-applicator-aplikator-do-powlok\/"},"modified":"2026-04-18T04:33:19","modified_gmt":"2026-04-18T02:33:19","slug":"deturner-cube-coating-applicator-aplikator-do-powlok","status":"publish","type":"product","link":"https:\/\/liquidmaster.pl\/en\/deturner-cube-coating-applicator-aplikator-do-powlok\/","title":{"rendered":"Deturner Cube Coating Applicator \u2013 coating applicator"},"content":{"rendered":"<p>Cube Coating Applicator<\/p>\n<p>Applicator for ceramic coatings, has notches for placing a suede cloth.<br \/>\nDimension: 9 cm x 4 cm x 2.5 cm<\/p>","protected":false},"excerpt":{"rendered":"<p>Cube Coating Applicator Aplikator do pow\u0142ok ceramicznych, posiada naci\u0119cia na umieszczenie \u015bciereczki suede. Wymiar: 9 cm x 4 cm x 2,5 cm<\/p>","protected":false},"featured_media":1847690,"comment_status":"open","ping_status":"open","template":"","meta":{"neve_meta_sidebar":"","neve_meta_container":"","neve_meta_enable_content_width":"","neve_meta_content_width":0,"neve_meta_title_alignment":"","neve_meta_author_avatar":"","neve_post_elements_order":"","neve_meta_disable_header":"","neve_meta_disable_footer":"","neve_meta_disable_title":"","_themeisle_gutenberg_block_has_review":false},"product_brand":[],"product_cat":[757,786,787],"product_tag":[287],"class_list":{"0":"post-1804699","1":"product","2":"type-product","3":"status-publish","4":"has-post-thumbnail","6":"product_cat-akcesoria","7":"product_cat-aplikatory","8":"product_cat-aplikatory-do-ceramiki","9":"product_tag-deturner","11":"first","12":"instock","13":"taxable","14":"shipping-taxable","15":"purchasable","16":"product-type-simple"},"_links":{"self":[{"href":"https:\/\/liquidmaster.pl\/en\/wp-json\/wp\/v2\/product\/1804699","targetHints":{"allow":["GET"]}}],"collection":[{"href":"https:\/\/liquidmaster.pl\/en\/wp-json\/wp\/v2\/product"}],"about":[{"href":"https:\/\/liquidmaster.pl\/en\/wp-json\/wp\/v2\/types\/product"}],"replies":[{"embeddable":true,"href":"https:\/\/liquidmaster.pl\/en\/wp-json\/wp\/v2\/comments?post=1804699"}],"wp:featuredmedia":[{"embeddable":true,"href":"https:\/\/liquidmaster.pl\/en\/wp-json\/wp\/v2\/media\/1847690"}],"wp:attachment":[{"href":"https:\/\/liquidmaster.pl\/en\/wp-json\/wp\/v2\/media?parent=1804699"}],"wp:term":[{"taxonomy":"product_brand","embeddable":true,"href":"https:\/\/liquidmaster.pl\/en\/wp-json\/wp\/v2\/product_brand?post=1804699"},{"taxonomy":"product_cat","embeddable":true,"href":"https:\/\/liquidmaster.pl\/en\/wp-json\/wp\/v2\/product_cat?post=1804699"},{"taxonomy":"product_tag","embeddable":true,"href":"https:\/\/liquidmaster.pl\/en\/wp-json\/wp\/v2\/product_tag?post=1804699"}],"curies":[{"name":"wp","href":"https:\/\/api.w.org\/{rel}","templated":true}]}}