{"id":1804689,"date":"2025-03-28T14:38:22","date_gmt":"2025-03-28T12:38:22","guid":{"rendered":"https:\/\/liquidmaster.pl\/odk-not-for-resale-no-5-200ml-wosk-do-lakieru\/"},"modified":"2026-04-01T15:26:33","modified_gmt":"2026-04-01T13:26:33","slug":"odk-not-for-resale-no-5-200ml-wosk-do-lakieru","status":"publish","type":"product","link":"https:\/\/liquidmaster.pl\/en\/odk-not-for-resale-no5-200ml-wosk-do-lakieru\/","title":{"rendered":"ODK Not for Resale No.5 200ml - paint wax"},"content":{"rendered":"<p>ODK Not for Resale No. 5 \u2013 a modified version of the first Sterling wax by ODK.<\/p>\n<p>An all-natural, old-school wax using the finest natural waxes and oils that adds depth to any paint color. It is especially good in lighter shades and ideal for metallic paints.<\/p>\n<p>Usage:<\/p>\n<li>Apply as thinly as possible and leave to harden for 2-8 minutes, depending on the temperature.<\/li>\n<p>Durability: 3 months.<\/p>\n<p>Capacity: 200 ml<\/p>","protected":false},"excerpt":{"rendered":"<p>ODK Not for Resale Nr. 5 \u2013 to zmodyfikowana wersja pierwszego wosku Sterling marki ODK. Ca\u0142kowicie naturalny wosk starej szko\u0142y wykorzystuj\u0105cy najlepsze naturalne woski i oleje, kt\u00f3ry dodaje g\u0142\u0119bi ka\u017cdemu kolorowi lakieru. Jest szczeg\u00f3lnie dobry w ja\u015bniejszych odcieniach i idealny dla lakier\u00f3w metalicznych. Spos\u00f3b u\u017cycia: Nak\u0142ada\u0107 mo\u017cliwie cienko i pozostawi\u0107 do utwardzenia na 2-8 minut&hellip;&nbsp;<a href=\"https:\/\/liquidmaster.pl\/en\/odk-not-for-resale-no5-200ml-wosk-do-lakieru\/\" rel=\"bookmark\">Read More \u00bb<span class=\"screen-reader-text\">ODK Not for Resale No.5 200ml - paint wax<\/span><\/a><\/p>","protected":false},"featured_media":1846739,"comment_status":"open","ping_status":"open","template":"","meta":{"neve_meta_sidebar":"","neve_meta_container":"","neve_meta_enable_content_width":"","neve_meta_content_width":0,"neve_meta_title_alignment":"","neve_meta_author_avatar":"","neve_post_elements_order":"","neve_meta_disable_header":"","neve_meta_disable_footer":"","neve_meta_disable_title":"","_themeisle_gutenberg_block_has_review":false},"product_brand":[],"product_cat":[733,766,788],"product_tag":[337],"class_list":{"0":"post-1804689","1":"product","2":"type-product","3":"status-publish","4":"has-post-thumbnail","6":"product_cat-na-zewnatrz","7":"product_cat-ochrona-lakieru","8":"product_cat-woski","9":"product_tag-odk","11":"first","12":"outofstock","13":"taxable","14":"shipping-taxable","15":"purchasable","16":"product-type-simple"},"_links":{"self":[{"href":"https:\/\/liquidmaster.pl\/en\/wp-json\/wp\/v2\/product\/1804689","targetHints":{"allow":["GET"]}}],"collection":[{"href":"https:\/\/liquidmaster.pl\/en\/wp-json\/wp\/v2\/product"}],"about":[{"href":"https:\/\/liquidmaster.pl\/en\/wp-json\/wp\/v2\/types\/product"}],"replies":[{"embeddable":true,"href":"https:\/\/liquidmaster.pl\/en\/wp-json\/wp\/v2\/comments?post=1804689"}],"wp:featuredmedia":[{"embeddable":true,"href":"https:\/\/liquidmaster.pl\/en\/wp-json\/wp\/v2\/media\/1846739"}],"wp:attachment":[{"href":"https:\/\/liquidmaster.pl\/en\/wp-json\/wp\/v2\/media?parent=1804689"}],"wp:term":[{"taxonomy":"product_brand","embeddable":true,"href":"https:\/\/liquidmaster.pl\/en\/wp-json\/wp\/v2\/product_brand?post=1804689"},{"taxonomy":"product_cat","embeddable":true,"href":"https:\/\/liquidmaster.pl\/en\/wp-json\/wp\/v2\/product_cat?post=1804689"},{"taxonomy":"product_tag","embeddable":true,"href":"https:\/\/liquidmaster.pl\/en\/wp-json\/wp\/v2\/product_tag?post=1804689"}],"curies":[{"name":"wp","href":"https:\/\/api.w.org\/{rel}","templated":true}]}}