{"id":1804687,"date":"2025-03-28T14:38:04","date_gmt":"2025-03-28T12:38:04","guid":{"rendered":"https:\/\/liquidmaster.pl\/deturner-basic-microfiber-5pcs-zestaw-uniwersalnych-mikrofibr\/"},"modified":"2026-04-18T04:33:17","modified_gmt":"2026-04-18T02:33:17","slug":"deturner-basic-microfiber-5pcs-zestaw-uniwersalnych-mikrofibr","status":"publish","type":"product","link":"https:\/\/liquidmaster.pl\/en\/deturner-basic-microfiber-5pcs-zestaw-uniwersalnych-mikrofibr\/","title":{"rendered":"Deturner Basic Microfiber 5pcs \u2013 universal microfiber set"},"content":{"rendered":"<p>Basic Microfiber<br \/>\nEconomical edgeless microfiber with a wide range of applications. Its increased<br \/>\nthe weight and softness will allow you to work freely with ceramic coatings<br \/>\nsoft varnishes. Perfect for indoor work and for lapping pastes, QDs and sealants.<\/p>\n<p>Weight: 350 gsm<br \/>\nDimensions 40\u00d740 cm<\/p>\n<p>\n5 pcs<\/p>","protected":false},"excerpt":{"rendered":"<p>Basic Microfiber Ekonomiczna bezkraw\u0119dziowa mikrofibra o szerokim polu zastosowania. Jej podwy\u017cszona gramatura oraz mi\u0119kko\u015b\u0107 pozwol\u0105 na swobodne prace przy pow\u0142okach ceramicznych i mi\u0119kkich lakierach. Idealna do prac wewn\u0105trz oraz docierania past, QD i sealant\u00f3w. Gramatura: 350 gsm Wymiar 40&#215;40 cm 5 pcs<\/p>","protected":false},"featured_media":1847680,"comment_status":"open","ping_status":"open","template":"","meta":{"neve_meta_sidebar":"","neve_meta_container":"","neve_meta_enable_content_width":"","neve_meta_content_width":0,"neve_meta_title_alignment":"","neve_meta_author_avatar":"","neve_post_elements_order":"","neve_meta_disable_header":"","neve_meta_disable_footer":"","neve_meta_disable_title":"","_themeisle_gutenberg_block_has_review":false},"product_brand":[],"product_cat":[757,758,798],"product_tag":[287],"class_list":{"0":"post-1804687","1":"product","2":"type-product","3":"status-publish","4":"has-post-thumbnail","6":"product_cat-akcesoria","7":"product_cat-mikrofibry-i-reczniki","8":"product_cat-uniwersalne","9":"product_tag-deturner","11":"first","12":"instock","13":"taxable","14":"shipping-taxable","15":"purchasable","16":"product-type-simple"},"_links":{"self":[{"href":"https:\/\/liquidmaster.pl\/en\/wp-json\/wp\/v2\/product\/1804687","targetHints":{"allow":["GET"]}}],"collection":[{"href":"https:\/\/liquidmaster.pl\/en\/wp-json\/wp\/v2\/product"}],"about":[{"href":"https:\/\/liquidmaster.pl\/en\/wp-json\/wp\/v2\/types\/product"}],"replies":[{"embeddable":true,"href":"https:\/\/liquidmaster.pl\/en\/wp-json\/wp\/v2\/comments?post=1804687"}],"wp:featuredmedia":[{"embeddable":true,"href":"https:\/\/liquidmaster.pl\/en\/wp-json\/wp\/v2\/media\/1847680"}],"wp:attachment":[{"href":"https:\/\/liquidmaster.pl\/en\/wp-json\/wp\/v2\/media?parent=1804687"}],"wp:term":[{"taxonomy":"product_brand","embeddable":true,"href":"https:\/\/liquidmaster.pl\/en\/wp-json\/wp\/v2\/product_brand?post=1804687"},{"taxonomy":"product_cat","embeddable":true,"href":"https:\/\/liquidmaster.pl\/en\/wp-json\/wp\/v2\/product_cat?post=1804687"},{"taxonomy":"product_tag","embeddable":true,"href":"https:\/\/liquidmaster.pl\/en\/wp-json\/wp\/v2\/product_tag?post=1804687"}],"curies":[{"name":"wp","href":"https:\/\/api.w.org\/{rel}","templated":true}]}}