{"id":1804685,"date":"2025-03-28T14:38:04","date_gmt":"2025-03-28T12:38:04","guid":{"rendered":"https:\/\/liquidmaster.pl\/deturner-2-side-microfiber-3-pcs-zestaw-uniwersalnych-mikrofibr\/"},"modified":"2026-04-20T08:12:22","modified_gmt":"2026-04-20T06:12:22","slug":"deturner-2-side-microfiber-3-pcs-zestaw-uniwersalnych-mikrofibr","status":"publish","type":"product","link":"https:\/\/liquidmaster.pl\/en\/deturner-2-side-microfiber-3-pcs-zestaw-uniwersalnych-mikrofibr\/","title":{"rendered":"Deturner 2 Side Microfiber 3 pcs \u2013 a set of universal microfibers"},"content":{"rendered":"<p>2 Sided Microfiber<br \/>\nVersatile edgeless microfiber with two types of bristles: short and long.<br \/>\nPerfect for QD, waxes, abrading pastes, lapping coatings and for interior work<br \/>\ninterior.<br \/>\nWeight: 380 gsm<br \/>\nDimension: 40\u00d740 cm<\/p>\n<p>3 pcs<\/p>","protected":false},"excerpt":{"rendered":"<p>2 Sided Microfiber Wszechstronna bez kraw\u0119dziowa mikrofibra o dw\u00f3ch rodzajach w\u0142osia: kr\u00f3tkim i d\u0142ugim. Idealnie nadaje si\u0119 do QD, wosk\u00f3w, \u015bcierania past, docierania pow\u0142ok oraz do prac we wn\u0119trzu. Gramatura: 380 gsm Wymiar: 40&#215;40 cm 3 szt<\/p>","protected":false},"featured_media":1847679,"comment_status":"open","ping_status":"open","template":"","meta":{"neve_meta_sidebar":"","neve_meta_container":"","neve_meta_enable_content_width":"","neve_meta_content_width":0,"neve_meta_title_alignment":"","neve_meta_author_avatar":"","neve_post_elements_order":"","neve_meta_disable_header":"","neve_meta_disable_footer":"","neve_meta_disable_title":"","_themeisle_gutenberg_block_has_review":false},"product_brand":[],"product_cat":[757,758,798],"product_tag":[287],"class_list":{"0":"post-1804685","1":"product","2":"type-product","3":"status-publish","4":"has-post-thumbnail","6":"product_cat-akcesoria","7":"product_cat-mikrofibry-i-reczniki","8":"product_cat-uniwersalne","9":"product_tag-deturner","11":"first","12":"instock","13":"taxable","14":"shipping-taxable","15":"purchasable","16":"product-type-simple"},"_links":{"self":[{"href":"https:\/\/liquidmaster.pl\/en\/wp-json\/wp\/v2\/product\/1804685","targetHints":{"allow":["GET"]}}],"collection":[{"href":"https:\/\/liquidmaster.pl\/en\/wp-json\/wp\/v2\/product"}],"about":[{"href":"https:\/\/liquidmaster.pl\/en\/wp-json\/wp\/v2\/types\/product"}],"replies":[{"embeddable":true,"href":"https:\/\/liquidmaster.pl\/en\/wp-json\/wp\/v2\/comments?post=1804685"}],"wp:featuredmedia":[{"embeddable":true,"href":"https:\/\/liquidmaster.pl\/en\/wp-json\/wp\/v2\/media\/1847679"}],"wp:attachment":[{"href":"https:\/\/liquidmaster.pl\/en\/wp-json\/wp\/v2\/media?parent=1804685"}],"wp:term":[{"taxonomy":"product_brand","embeddable":true,"href":"https:\/\/liquidmaster.pl\/en\/wp-json\/wp\/v2\/product_brand?post=1804685"},{"taxonomy":"product_cat","embeddable":true,"href":"https:\/\/liquidmaster.pl\/en\/wp-json\/wp\/v2\/product_cat?post=1804685"},{"taxonomy":"product_tag","embeddable":true,"href":"https:\/\/liquidmaster.pl\/en\/wp-json\/wp\/v2\/product_tag?post=1804685"}],"curies":[{"name":"wp","href":"https:\/\/api.w.org\/{rel}","templated":true}]}}