{"id":1804682,"date":"2025-03-28T14:38:04","date_gmt":"2025-03-28T12:38:04","guid":{"rendered":"https:\/\/liquidmaster.pl\/deturner-premium-round-applicator-2-pcs-zestaw-aplikatorow\/"},"modified":"2026-04-20T08:12:21","modified_gmt":"2026-04-20T06:12:21","slug":"deturner-premium-round-applicator-2-pcs-zestaw-aplikatorow","status":"publish","type":"product","link":"https:\/\/liquidmaster.pl\/en\/deturner-premium-round-applicator-2-pcs-zestaw-aplikatorow\/","title":{"rendered":"Deturner Premium Round Applicator 2 pcs \u2013 applicator set"},"content":{"rendered":"<p>Premium Round Applicator<\/p>\n<p>Round applicator, intended for applying coatings. Perfect for windows and car rims. Packed in 2 pcs.<br \/>\nDiameter: 9 cm<\/p>","protected":false},"excerpt":{"rendered":"<p>Premium Round Applicator Okr\u0105g\u0142y aplikator, przeznaczony do aplikacji pow\u0142ok. Idealnie sprawdzi si\u0119 do szyb oraz felg samochodowych. Pakowany po 2 szt. \u015arednica: 9 cm<\/p>","protected":false},"featured_media":1847678,"comment_status":"open","ping_status":"open","template":"","meta":{"neve_meta_sidebar":"","neve_meta_container":"","neve_meta_enable_content_width":"","neve_meta_content_width":0,"neve_meta_title_alignment":"","neve_meta_author_avatar":"","neve_post_elements_order":"","neve_meta_disable_header":"","neve_meta_disable_footer":"","neve_meta_disable_title":"","_themeisle_gutenberg_block_has_review":false},"product_brand":[],"product_cat":[757,786,787],"product_tag":[287],"class_list":{"0":"post-1804682","1":"product","2":"type-product","3":"status-publish","4":"has-post-thumbnail","6":"product_cat-akcesoria","7":"product_cat-aplikatory","8":"product_cat-aplikatory-do-ceramiki","9":"product_tag-deturner","11":"first","12":"instock","13":"taxable","14":"shipping-taxable","15":"purchasable","16":"product-type-simple"},"_links":{"self":[{"href":"https:\/\/liquidmaster.pl\/en\/wp-json\/wp\/v2\/product\/1804682","targetHints":{"allow":["GET"]}}],"collection":[{"href":"https:\/\/liquidmaster.pl\/en\/wp-json\/wp\/v2\/product"}],"about":[{"href":"https:\/\/liquidmaster.pl\/en\/wp-json\/wp\/v2\/types\/product"}],"replies":[{"embeddable":true,"href":"https:\/\/liquidmaster.pl\/en\/wp-json\/wp\/v2\/comments?post=1804682"}],"wp:featuredmedia":[{"embeddable":true,"href":"https:\/\/liquidmaster.pl\/en\/wp-json\/wp\/v2\/media\/1847678"}],"wp:attachment":[{"href":"https:\/\/liquidmaster.pl\/en\/wp-json\/wp\/v2\/media?parent=1804682"}],"wp:term":[{"taxonomy":"product_brand","embeddable":true,"href":"https:\/\/liquidmaster.pl\/en\/wp-json\/wp\/v2\/product_brand?post=1804682"},{"taxonomy":"product_cat","embeddable":true,"href":"https:\/\/liquidmaster.pl\/en\/wp-json\/wp\/v2\/product_cat?post=1804682"},{"taxonomy":"product_tag","embeddable":true,"href":"https:\/\/liquidmaster.pl\/en\/wp-json\/wp\/v2\/product_tag?post=1804682"}],"curies":[{"name":"wp","href":"https:\/\/api.w.org\/{rel}","templated":true}]}}