{"id":1804679,"date":"2025-03-28T14:36:59","date_gmt":"2025-03-28T12:36:59","guid":{"rendered":"https:\/\/liquidmaster.pl\/odk-not-for-resale-no-3-200ml-wosk-do-lakieru\/"},"modified":"2026-04-01T15:26:32","modified_gmt":"2026-04-01T13:26:32","slug":"odk-not-for-resale-no-3-200ml-wosk-do-lakieru","status":"publish","type":"product","link":"https:\/\/liquidmaster.pl\/en\/odk-not-for-resale-no3-200ml-wosk-do-lakieru\/","title":{"rendered":"ODK Not for Resale No.3 200ml - paint wax"},"content":{"rendered":"<p>The Not For Resale collection includes 6 waxes, each of which offers a different experience.<\/p>\n<p>Wax no. 3 from the collection is a pink hybrid wax with a melon scent. It has a natural color and a fruity-sweet scent. Extremely efficient, with excellent hydrophobic properties.<\/p>\n<p>Strictly limited edition so you&#039;ll have to be quick before they&#039;re gone!<\/p>\n<p>Capacity: 200 ml<\/p>","protected":false},"excerpt":{"rendered":"<p>Kolekcja Not For Resale to 6 wosk\u00f3w, z kt\u00f3rych ka\u017cdy oferuje inne wra\u017cenia. Wosk nr 3 z kolekcji to r\u00f3\u017cowy wosk hybrydowy o zapachu melona. Posiada naturalny kolor i owocowo-s\u0142odki zapach. Niezwykle wydajny, posiadaj\u0105cy rewelacyjne w\u0142a\u015bciwo\u015bci hydrofobowe. \u015aci\u015ble limitowana edycja wi\u0119c musisz by\u0107 szybki, zanim znikn\u0105! Pojemno\u015b\u0107: 200 ml<\/p>","protected":false},"featured_media":1846727,"comment_status":"open","ping_status":"open","template":"","meta":{"neve_meta_sidebar":"","neve_meta_container":"","neve_meta_enable_content_width":"","neve_meta_content_width":0,"neve_meta_title_alignment":"","neve_meta_author_avatar":"","neve_post_elements_order":"","neve_meta_disable_header":"","neve_meta_disable_footer":"","neve_meta_disable_title":"","_themeisle_gutenberg_block_has_review":false},"product_brand":[],"product_cat":[733,766,788],"product_tag":[337],"class_list":{"0":"post-1804679","1":"product","2":"type-product","3":"status-publish","4":"has-post-thumbnail","6":"product_cat-na-zewnatrz","7":"product_cat-ochrona-lakieru","8":"product_cat-woski","9":"product_tag-odk","11":"first","12":"outofstock","13":"taxable","14":"shipping-taxable","15":"purchasable","16":"product-type-simple"},"_links":{"self":[{"href":"https:\/\/liquidmaster.pl\/en\/wp-json\/wp\/v2\/product\/1804679","targetHints":{"allow":["GET"]}}],"collection":[{"href":"https:\/\/liquidmaster.pl\/en\/wp-json\/wp\/v2\/product"}],"about":[{"href":"https:\/\/liquidmaster.pl\/en\/wp-json\/wp\/v2\/types\/product"}],"replies":[{"embeddable":true,"href":"https:\/\/liquidmaster.pl\/en\/wp-json\/wp\/v2\/comments?post=1804679"}],"wp:featuredmedia":[{"embeddable":true,"href":"https:\/\/liquidmaster.pl\/en\/wp-json\/wp\/v2\/media\/1846727"}],"wp:attachment":[{"href":"https:\/\/liquidmaster.pl\/en\/wp-json\/wp\/v2\/media?parent=1804679"}],"wp:term":[{"taxonomy":"product_brand","embeddable":true,"href":"https:\/\/liquidmaster.pl\/en\/wp-json\/wp\/v2\/product_brand?post=1804679"},{"taxonomy":"product_cat","embeddable":true,"href":"https:\/\/liquidmaster.pl\/en\/wp-json\/wp\/v2\/product_cat?post=1804679"},{"taxonomy":"product_tag","embeddable":true,"href":"https:\/\/liquidmaster.pl\/en\/wp-json\/wp\/v2\/product_tag?post=1804679"}],"curies":[{"name":"wp","href":"https:\/\/api.w.org\/{rel}","templated":true}]}}