{"id":1804667,"date":"2025-03-28T14:36:26","date_gmt":"2025-03-28T12:36:26","guid":{"rendered":"https:\/\/liquidmaster.pl\/ava-vario-nozzle-p90-dysza-do-myjki-ava\/"},"modified":"2026-04-18T04:33:15","modified_gmt":"2026-04-18T02:33:15","slug":"ava-vario-nozzle-p90-dysza-do-myjki-ava","status":"publish","type":"product","link":"https:\/\/liquidmaster.pl\/en\/ava-vario-nozzle-p90-dysza-do-myjki-ava\/","title":{"rendered":"AVA Vario Nozzle P90 \u2013 AVA washer nozzle"},"content":{"rendered":"<p>AVA Vario Nozzle P90 is a variable finishing nozzle for a trigger gun or an attachment for AVA pressure washers with a pressure of 160 bar and a maximum water flow of over 12 l\/min.<\/p>\n<p>The AVA Vario nozzle is very popular among customers. With the ability to switch the water dispersion between 20\u00b0 and 60\u00b0 with a simple twist, this nozzle can be used in most everyday situations. It is perfect for cleaning various surfaces that require different pressures and gentleness. AVA Vario is a system that uses two different fixed nozzles to reduce performance losses. This is not the only outlet in which the water jet only changes subsequent tabs, which is a standard solution for competing nozzles. The Vario nozzle allows you to switch the spread between 20\u00b0 and 60\u00b0 by simply turning the handle. Although there are already many nozzles on the market, the AVA Vario is unique in that it does not lose performance thanks to a pair of built-in nozzles. Both nozzles can also be used simultaneously to produce a low-pressure jet.<\/p>\n<p>All AVA nozzles and accessories are color coded to show which AVA models they fit. The color codes should help the user get the most out of the pressure washer and make the job as efficient as possible.<\/p>\n<p>\u00a0<\/p>\n<p>\u00a0<\/p>","protected":false},"excerpt":{"rendered":"<p>AVA Vario Nozzle P90 to zmienna dysza wyka\u0144czaj\u0105ca do pistoletu spustowego lub przystawki do myjek ci\u015bnieniowych AVA o ci\u015bnieniu od 160 bar i maksymalnym przep\u0142ywie wody powy\u017cej 12 l\/min. Dysza AVA Vario cieszy si\u0119 du\u017c\u0105 popularno\u015bci\u0105 w\u015br\u00f3d klient\u00f3w. Dzi\u0119ki mo\u017cliwo\u015bci prze\u0142\u0105czania dyspersji strumienia wody mi\u0119dzy 20\u00b0 a 60\u00b0 za pomoc\u0105 prostego obrotu, ta dysza mo\u017ce&hellip;&nbsp;<a href=\"https:\/\/liquidmaster.pl\/en\/ava-vario-nozzle-p90-dysza-do-myjki-ava\/\" rel=\"bookmark\">Read More \u00bb<span class=\"screen-reader-text\">AVA Vario Nozzle P90 \u2013 AVA washer nozzle<\/span><\/a><\/p>","protected":false},"featured_media":1847670,"comment_status":"open","ping_status":"open","template":"","meta":{"neve_meta_sidebar":"","neve_meta_container":"","neve_meta_enable_content_width":"","neve_meta_content_width":0,"neve_meta_title_alignment":"","neve_meta_author_avatar":"","neve_post_elements_order":"","neve_meta_disable_header":"","neve_meta_disable_footer":"","neve_meta_disable_title":"","_themeisle_gutenberg_block_has_review":false},"product_brand":[],"product_cat":[757,892,846],"product_tag":[599],"class_list":{"0":"post-1804667","1":"product","2":"type-product","3":"status-publish","4":"has-post-thumbnail","6":"product_cat-akcesoria","7":"product_cat-myjki-cisnieniowe","8":"product_cat-reszta","9":"product_tag-ava","11":"first","12":"outofstock","13":"taxable","14":"shipping-taxable","15":"purchasable","16":"product-type-simple"},"_links":{"self":[{"href":"https:\/\/liquidmaster.pl\/en\/wp-json\/wp\/v2\/product\/1804667","targetHints":{"allow":["GET"]}}],"collection":[{"href":"https:\/\/liquidmaster.pl\/en\/wp-json\/wp\/v2\/product"}],"about":[{"href":"https:\/\/liquidmaster.pl\/en\/wp-json\/wp\/v2\/types\/product"}],"replies":[{"embeddable":true,"href":"https:\/\/liquidmaster.pl\/en\/wp-json\/wp\/v2\/comments?post=1804667"}],"wp:featuredmedia":[{"embeddable":true,"href":"https:\/\/liquidmaster.pl\/en\/wp-json\/wp\/v2\/media\/1847670"}],"wp:attachment":[{"href":"https:\/\/liquidmaster.pl\/en\/wp-json\/wp\/v2\/media?parent=1804667"}],"wp:term":[{"taxonomy":"product_brand","embeddable":true,"href":"https:\/\/liquidmaster.pl\/en\/wp-json\/wp\/v2\/product_brand?post=1804667"},{"taxonomy":"product_cat","embeddable":true,"href":"https:\/\/liquidmaster.pl\/en\/wp-json\/wp\/v2\/product_cat?post=1804667"},{"taxonomy":"product_tag","embeddable":true,"href":"https:\/\/liquidmaster.pl\/en\/wp-json\/wp\/v2\/product_tag?post=1804667"}],"curies":[{"name":"wp","href":"https:\/\/api.w.org\/{rel}","templated":true}]}}