{"id":1804663,"date":"2025-03-28T14:36:21","date_gmt":"2025-03-28T12:36:21","guid":{"rendered":"https:\/\/liquidmaster.pl\/odk-not-for-resale-no-1-200ml\/"},"modified":"2026-04-01T15:26:31","modified_gmt":"2026-04-01T13:26:31","slug":"odk-not-for-resale-no-1-200ml","status":"publish","type":"product","link":"https:\/\/liquidmaster.pl\/en\/odk-not-for-resale-no1-200ml\/","title":{"rendered":"ODK Not for Resale No.1 200ml"},"content":{"rendered":"<p>The Not For Resale Collection is a collection of 6 waxes, each offering a different experience.<\/p>\n<p>The first wax is the latest modification of the mixture that we have been testing for a long time. It is a combination of Montana wax and Ceramic oil. It offers easy application and a shiny finish that we all love. Thanks to advanced ceramic additives that increase durability, the varnish will be smooth to the touch and shiny after application. Everyone will envy you, this wax is perfect for those who really love waxing. A nice, smooth blend with a pleasant blue color and a fruity scent of banana and raspberry.<\/p>\n<p>Tips:<br \/>\nApply a thin layer to the degreased varnish, leave the wax to harden, and then remove it with a soft microfiber cloth. It can be layered, leaving 1 hour between layers.<\/p>","protected":false},"excerpt":{"rendered":"<p>Kolekcja Not For Resale to kolekcja 6 wosk\u00f3w, z kt\u00f3rych ka\u017cdy oferuje inne wra\u017cenia. Pierwszy wosk to ostatnia modyfikacja mieszanki, kt\u00f3r\u0105 testowali\u015bmy od d\u0142u\u017cszego czasu. Jest to po\u0142\u0105czenie wosku Montanowego oraz olejku Ceramicznego. Oferuje \u0142atw\u0105 apliakcje oraz b\u0142yszcz\u0105ce wyko\u0144czenie, kt\u00f3re wszyscy kochamy. Dzi\u0119ki zaawansowanym dodatkom ceramicznym, kt\u00f3re zapewniaj\u0105 wzrost trwa\u0142o\u015bci lakier po aplikacji b\u0119dzie g\u0142adki&hellip;&nbsp;<a href=\"https:\/\/liquidmaster.pl\/en\/odk-not-for-resale-no1-200ml\/\" rel=\"bookmark\">Read More \u00bb<span class=\"screen-reader-text\">ODK Not for Resale No.1 200ml<\/span><\/a><\/p>","protected":false},"featured_media":1846715,"comment_status":"open","ping_status":"open","template":"","meta":{"neve_meta_sidebar":"","neve_meta_container":"","neve_meta_enable_content_width":"","neve_meta_content_width":0,"neve_meta_title_alignment":"","neve_meta_author_avatar":"","neve_post_elements_order":"","neve_meta_disable_header":"","neve_meta_disable_footer":"","neve_meta_disable_title":"","_themeisle_gutenberg_block_has_review":false},"product_brand":[],"product_cat":[733,766,788],"product_tag":[337],"class_list":{"0":"post-1804663","1":"product","2":"type-product","3":"status-publish","4":"has-post-thumbnail","6":"product_cat-na-zewnatrz","7":"product_cat-ochrona-lakieru","8":"product_cat-woski","9":"product_tag-odk","11":"first","12":"outofstock","13":"taxable","14":"shipping-taxable","15":"purchasable","16":"product-type-simple"},"_links":{"self":[{"href":"https:\/\/liquidmaster.pl\/en\/wp-json\/wp\/v2\/product\/1804663","targetHints":{"allow":["GET"]}}],"collection":[{"href":"https:\/\/liquidmaster.pl\/en\/wp-json\/wp\/v2\/product"}],"about":[{"href":"https:\/\/liquidmaster.pl\/en\/wp-json\/wp\/v2\/types\/product"}],"replies":[{"embeddable":true,"href":"https:\/\/liquidmaster.pl\/en\/wp-json\/wp\/v2\/comments?post=1804663"}],"wp:featuredmedia":[{"embeddable":true,"href":"https:\/\/liquidmaster.pl\/en\/wp-json\/wp\/v2\/media\/1846715"}],"wp:attachment":[{"href":"https:\/\/liquidmaster.pl\/en\/wp-json\/wp\/v2\/media?parent=1804663"}],"wp:term":[{"taxonomy":"product_brand","embeddable":true,"href":"https:\/\/liquidmaster.pl\/en\/wp-json\/wp\/v2\/product_brand?post=1804663"},{"taxonomy":"product_cat","embeddable":true,"href":"https:\/\/liquidmaster.pl\/en\/wp-json\/wp\/v2\/product_cat?post=1804663"},{"taxonomy":"product_tag","embeddable":true,"href":"https:\/\/liquidmaster.pl\/en\/wp-json\/wp\/v2\/product_tag?post=1804663"}],"curies":[{"name":"wp","href":"https:\/\/api.w.org\/{rel}","templated":true}]}}