{"id":1804655,"date":"2025-03-28T14:36:04","date_gmt":"2025-03-28T12:36:04","guid":{"rendered":"https:\/\/liquidmaster.pl\/ava-turbo-nozzle-p90-dysza-do-myji-ava\/"},"modified":"2026-04-18T04:33:13","modified_gmt":"2026-04-18T02:33:13","slug":"ava-turbo-nozzle-p90-dysza-do-myji-ava","status":"publish","type":"product","link":"https:\/\/liquidmaster.pl\/en\/ava-turbo-nozzle-p90-dysza-do-myji-ava\/","title":{"rendered":"AVA Turbo Nozzle P90 - AVA washer nozzle"},"content":{"rendered":"<p>The AVA Turbo Nozzle is a high performance rotating nozzle and the most powerful nozzle in the AVA nozzle arsenal. The AVA Turbo Nozzle combines the power of a 0\u00b0 nozzle with a 20\u00b0 nozzle reach. It should only be used on hard surfaces and should be kept away from cars and wooden surfaces. It is highly recommended that you try this nozzle on a less visible area before starting a larger job. Use extreme caution when using this nozzle and always wear appropriate protective clothing.<\/p>","protected":false},"excerpt":{"rendered":"<p>AVA Turbo Nozzle to obrotowa dysza o wysokiej wydajno\u015bci i najpot\u0119\u017cniejsza dysza w arsenale dysz AVA. AVA Turbo Nozzle \u0142\u0105czy moc dyszy 0\u00b0 z zasi\u0119giem dyszy 20\u00b0. Powinien by\u0107 u\u017cywany tylko na twardych powierzchniach i powinien by\u0107 trzymany z dala od samochodu i powierzchni drewnianych. Zdecydowanie zaleca si\u0119 wypr\u00f3bowanie tej dyszy na mniej widocznym obszarze&hellip;&nbsp;<a href=\"https:\/\/liquidmaster.pl\/en\/ava-turbo-nozzle-p90-dysza-do-myji-ava\/\" rel=\"bookmark\">Read More \u00bb<span class=\"screen-reader-text\">AVA Turbo Nozzle P90 - AVA washer nozzle<\/span><\/a><\/p>","protected":false},"featured_media":1847662,"comment_status":"open","ping_status":"open","template":"","meta":{"neve_meta_sidebar":"","neve_meta_container":"","neve_meta_enable_content_width":"","neve_meta_content_width":0,"neve_meta_title_alignment":"","neve_meta_author_avatar":"","neve_post_elements_order":"","neve_meta_disable_header":"","neve_meta_disable_footer":"","neve_meta_disable_title":"","_themeisle_gutenberg_block_has_review":false},"product_brand":[],"product_cat":[757,892,846],"product_tag":[599],"class_list":{"0":"post-1804655","1":"product","2":"type-product","3":"status-publish","4":"has-post-thumbnail","6":"product_cat-akcesoria","7":"product_cat-myjki-cisnieniowe","8":"product_cat-reszta","9":"product_tag-ava","11":"first","12":"instock","13":"taxable","14":"shipping-taxable","15":"purchasable","16":"product-type-simple"},"_links":{"self":[{"href":"https:\/\/liquidmaster.pl\/en\/wp-json\/wp\/v2\/product\/1804655","targetHints":{"allow":["GET"]}}],"collection":[{"href":"https:\/\/liquidmaster.pl\/en\/wp-json\/wp\/v2\/product"}],"about":[{"href":"https:\/\/liquidmaster.pl\/en\/wp-json\/wp\/v2\/types\/product"}],"replies":[{"embeddable":true,"href":"https:\/\/liquidmaster.pl\/en\/wp-json\/wp\/v2\/comments?post=1804655"}],"wp:featuredmedia":[{"embeddable":true,"href":"https:\/\/liquidmaster.pl\/en\/wp-json\/wp\/v2\/media\/1847662"}],"wp:attachment":[{"href":"https:\/\/liquidmaster.pl\/en\/wp-json\/wp\/v2\/media?parent=1804655"}],"wp:term":[{"taxonomy":"product_brand","embeddable":true,"href":"https:\/\/liquidmaster.pl\/en\/wp-json\/wp\/v2\/product_brand?post=1804655"},{"taxonomy":"product_cat","embeddable":true,"href":"https:\/\/liquidmaster.pl\/en\/wp-json\/wp\/v2\/product_cat?post=1804655"},{"taxonomy":"product_tag","embeddable":true,"href":"https:\/\/liquidmaster.pl\/en\/wp-json\/wp\/v2\/product_tag?post=1804655"}],"curies":[{"name":"wp","href":"https:\/\/api.w.org\/{rel}","templated":true}]}}