{"id":1804651,"date":"2025-03-28T14:34:56","date_gmt":"2025-03-28T12:34:56","guid":{"rendered":"https:\/\/liquidmaster.pl\/ava-turbo-nozzle-p70-p80-dysza-do-myjki-ava\/"},"modified":"2026-04-18T04:33:13","modified_gmt":"2026-04-18T02:33:13","slug":"ava-turbo-nozzle-p70-p80-dysza-do-myjki-ava","status":"publish","type":"product","link":"https:\/\/liquidmaster.pl\/en\/ava-turbo-nozzle-p70-p80-dysza-do-myjki-ava\/","title":{"rendered":"AVA Turbo Nozzle P70-P80 \u2013 AVA washer nozzle"},"content":{"rendered":"<p>AVA Turbo Nozzle P70-P80 is a finishing rotary nozzle for a trigger gun or an attachment for AVA pressure washers with a pressure of 150-160 bar.<\/p>\n<p>The turbo nozzle is the most powerful nozzle in the AVA nozzle arsenal. Combines 0\u00b0 nozzle power with 20\u00b0 nozzle coverage. This nozzle is intended for use on hard surfaces and should be kept away from cars and wooden surfaces.<\/p>\n<p>We strongly recommend that you test this nozzle before starting any more extensive work. You should also exercise caution when using this nozzle and always wear appropriate protective equipment. The force of the water jet may cause strips, signs or other vehicle elements that are not protected by strength elements to fall off.<\/p>","protected":false},"excerpt":{"rendered":"<p>AVA Turbo Nozzle P70-P80 to wyka\u0144czaj\u0105ca dysza rotacyjna do pistoletu spustowego lub przystawka do myjek ci\u015bnieniowych AVA o ci\u015bnieniu 150-160 bar. Dysza turbo to najpot\u0119\u017cniejsza dysza w arsenale dysz AVA. \u0141\u0105czy moc dyszy 0\u00b0 z pokryciem dyszy 20\u00b0. Ta dysza jest przeznaczona do u\u017cytku na twardych powierzchniach i powinna by\u0107 trzymana z dala od samochodu&hellip;&nbsp;<a href=\"https:\/\/liquidmaster.pl\/en\/ava-turbo-nozzle-p70-p80-dysza-do-myjki-ava\/\" rel=\"bookmark\">Read More \u00bb<span class=\"screen-reader-text\">AVA Turbo Nozzle P70-P80 \u2013 AVA washer nozzle<\/span><\/a><\/p>","protected":false},"featured_media":1847661,"comment_status":"open","ping_status":"open","template":"","meta":{"neve_meta_sidebar":"","neve_meta_container":"","neve_meta_enable_content_width":"","neve_meta_content_width":0,"neve_meta_title_alignment":"","neve_meta_author_avatar":"","neve_post_elements_order":"","neve_meta_disable_header":"","neve_meta_disable_footer":"","neve_meta_disable_title":"","_themeisle_gutenberg_block_has_review":false},"product_brand":[],"product_cat":[757,892,846],"product_tag":[599],"class_list":{"0":"post-1804651","1":"product","2":"type-product","3":"status-publish","4":"has-post-thumbnail","6":"product_cat-akcesoria","7":"product_cat-myjki-cisnieniowe","8":"product_cat-reszta","9":"product_tag-ava","11":"first","12":"instock","13":"taxable","14":"shipping-taxable","15":"purchasable","16":"product-type-simple"},"_links":{"self":[{"href":"https:\/\/liquidmaster.pl\/en\/wp-json\/wp\/v2\/product\/1804651","targetHints":{"allow":["GET"]}}],"collection":[{"href":"https:\/\/liquidmaster.pl\/en\/wp-json\/wp\/v2\/product"}],"about":[{"href":"https:\/\/liquidmaster.pl\/en\/wp-json\/wp\/v2\/types\/product"}],"replies":[{"embeddable":true,"href":"https:\/\/liquidmaster.pl\/en\/wp-json\/wp\/v2\/comments?post=1804651"}],"wp:featuredmedia":[{"embeddable":true,"href":"https:\/\/liquidmaster.pl\/en\/wp-json\/wp\/v2\/media\/1847661"}],"wp:attachment":[{"href":"https:\/\/liquidmaster.pl\/en\/wp-json\/wp\/v2\/media?parent=1804651"}],"wp:term":[{"taxonomy":"product_brand","embeddable":true,"href":"https:\/\/liquidmaster.pl\/en\/wp-json\/wp\/v2\/product_brand?post=1804651"},{"taxonomy":"product_cat","embeddable":true,"href":"https:\/\/liquidmaster.pl\/en\/wp-json\/wp\/v2\/product_cat?post=1804651"},{"taxonomy":"product_tag","embeddable":true,"href":"https:\/\/liquidmaster.pl\/en\/wp-json\/wp\/v2\/product_tag?post=1804651"}],"curies":[{"name":"wp","href":"https:\/\/api.w.org\/{rel}","templated":true}]}}