{"id":1804649,"date":"2025-03-28T14:34:56","date_gmt":"2025-03-28T12:34:56","guid":{"rendered":"https:\/\/liquidmaster.pl\/ava-turbo-nozzle-p30-p60-dysza-do-myji-ava\/"},"modified":"2026-04-18T04:33:12","modified_gmt":"2026-04-18T02:33:12","slug":"ava-turbo-nozzle-p30-p60-dysza-do-myji-ava","status":"publish","type":"product","link":"https:\/\/liquidmaster.pl\/en\/ava-turbo-nozzle-p30-p60-dysza-do-myji-ava\/","title":{"rendered":"AVA Turbo Nozzle P30-P60 \u2013 AVA washer nozzle"},"content":{"rendered":"<p>For AVA pressure washers, 110-145 bar<br \/>\n0\u00b0 span rotating 20\u00b0<br \/>\nPerfect for hard surfaces, removing difficult dirt and preparing the surface for painting.<br \/>\nQuick Connect Twister system: easily switch between different accessories within the AVA high pressure washer system<\/p>\n<p>\u00a0<\/p>","protected":false},"excerpt":{"rendered":"<p>Do myjek ci\u015bnieniowych AVA, 110-145 bar Rozpi\u0119to\u015b\u0107 0\u00b0 obracaj\u0105ca si\u0119 w promieniu 20\u00b0 Idealny do twardych powierzchni, usuwania trudnych zabrudze\u0144 oraz przygotowania powierzchni do malowania. System Quick Connect Twister: \u0142atwe prze\u0142\u0105czanie mi\u0119dzy r\u00f3\u017cnymi akcesoriami w ramach systemu myjki wysokoci\u015bnieniowej AVA \u00a0<\/p>","protected":false},"featured_media":1847660,"comment_status":"open","ping_status":"open","template":"","meta":{"neve_meta_sidebar":"","neve_meta_container":"","neve_meta_enable_content_width":"","neve_meta_content_width":0,"neve_meta_title_alignment":"","neve_meta_author_avatar":"","neve_post_elements_order":"","neve_meta_disable_header":"","neve_meta_disable_footer":"","neve_meta_disable_title":"","_themeisle_gutenberg_block_has_review":false},"product_brand":[],"product_cat":[757,892,846],"product_tag":[599],"class_list":{"0":"post-1804649","1":"product","2":"type-product","3":"status-publish","4":"has-post-thumbnail","6":"product_cat-akcesoria","7":"product_cat-myjki-cisnieniowe","8":"product_cat-reszta","9":"product_tag-ava","11":"first","12":"instock","13":"taxable","14":"shipping-taxable","15":"purchasable","16":"product-type-simple"},"_links":{"self":[{"href":"https:\/\/liquidmaster.pl\/en\/wp-json\/wp\/v2\/product\/1804649","targetHints":{"allow":["GET"]}}],"collection":[{"href":"https:\/\/liquidmaster.pl\/en\/wp-json\/wp\/v2\/product"}],"about":[{"href":"https:\/\/liquidmaster.pl\/en\/wp-json\/wp\/v2\/types\/product"}],"replies":[{"embeddable":true,"href":"https:\/\/liquidmaster.pl\/en\/wp-json\/wp\/v2\/comments?post=1804649"}],"wp:featuredmedia":[{"embeddable":true,"href":"https:\/\/liquidmaster.pl\/en\/wp-json\/wp\/v2\/media\/1847660"}],"wp:attachment":[{"href":"https:\/\/liquidmaster.pl\/en\/wp-json\/wp\/v2\/media?parent=1804649"}],"wp:term":[{"taxonomy":"product_brand","embeddable":true,"href":"https:\/\/liquidmaster.pl\/en\/wp-json\/wp\/v2\/product_brand?post=1804649"},{"taxonomy":"product_cat","embeddable":true,"href":"https:\/\/liquidmaster.pl\/en\/wp-json\/wp\/v2\/product_cat?post=1804649"},{"taxonomy":"product_tag","embeddable":true,"href":"https:\/\/liquidmaster.pl\/en\/wp-json\/wp\/v2\/product_tag?post=1804649"}],"curies":[{"name":"wp","href":"https:\/\/api.w.org\/{rel}","templated":true}]}}