{"id":1804647,"date":"2025-03-28T14:34:56","date_gmt":"2025-03-28T12:34:56","guid":{"rendered":"https:\/\/liquidmaster.pl\/ava-steel-reinforced-hose-20m-waz-do-myjki-ava\/"},"modified":"2026-04-18T04:33:12","modified_gmt":"2026-04-18T02:33:12","slug":"ava-steel-reinforced-hose-20m-waz-do-myjki-ava","status":"publish","type":"product","link":"https:\/\/liquidmaster.pl\/en\/ava-steel-reinforced-hose-20m-waz-do-myjki-ava\/","title":{"rendered":"AVA Steel Reinforced Hose 20m - AVA washer hose"},"content":{"rendered":"<p>20m steel-reinforced hose High-pressure hose max 160 bar The AVA steel-reinforced extension hose can be used to increase the reach of all AVA pressure washers. Professional quality and high-quality rubber ensures long service life, high flexibility and wear resistance. It does not curl or twist and is the right choice for everyday use. Comes with a male AVA quick connector on one end and a female AVA quick connector on the other side. Fits all AVA pressure washers and most Nilfisk, Makita, Bosch, Stihl and Black &amp; Decker.<\/p>\n<p>\u00a0<\/p>","protected":false},"excerpt":{"rendered":"<p>20m w\u0105\u017c wzmocniony stal\u0105 W\u0105\u017c wysokoci\u015bnieniowy max 160 bar W\u0105\u017c przed\u0142u\u017caj\u0105cy wzmocniony stal\u0105 AVA mo\u017ce by\u0107 u\u017cyty do zwi\u0119kszenia zasi\u0119gu wszystkich myjek ci\u015bnieniowych AVA. Profesjonalna jako\u015b\u0107 i wysokiej jako\u015bci guma zapewnia d\u0142ug\u0105 \u017cywotno\u015b\u0107, du\u017c\u0105 elastyczno\u015b\u0107 i odporno\u015b\u0107 na zu\u017cycie. Nie zwija si\u0119 i nie skr\u0119ca i jest w\u0142a\u015bciwym wyborem do codziennego u\u017cytku. W zestawie z&hellip;&nbsp;<a href=\"https:\/\/liquidmaster.pl\/en\/ava-steel-reinforced-hose-20m-waz-do-myjki-ava\/\" rel=\"bookmark\">Read More \u00bb<span class=\"screen-reader-text\">AVA Steel Reinforced Hose 20m - AVA washer hose<\/span><\/a><\/p>","protected":false},"featured_media":1847657,"comment_status":"open","ping_status":"open","template":"","meta":{"neve_meta_sidebar":"","neve_meta_container":"","neve_meta_enable_content_width":"","neve_meta_content_width":0,"neve_meta_title_alignment":"","neve_meta_author_avatar":"","neve_post_elements_order":"","neve_meta_disable_header":"","neve_meta_disable_footer":"","neve_meta_disable_title":"","_themeisle_gutenberg_block_has_review":false},"product_brand":[],"product_cat":[757,892,846],"product_tag":[599],"class_list":{"0":"post-1804647","1":"product","2":"type-product","3":"status-publish","4":"has-post-thumbnail","6":"product_cat-akcesoria","7":"product_cat-myjki-cisnieniowe","8":"product_cat-reszta","9":"product_tag-ava","11":"first","12":"outofstock","13":"taxable","14":"shipping-taxable","15":"purchasable","16":"product-type-simple"},"_links":{"self":[{"href":"https:\/\/liquidmaster.pl\/en\/wp-json\/wp\/v2\/product\/1804647","targetHints":{"allow":["GET"]}}],"collection":[{"href":"https:\/\/liquidmaster.pl\/en\/wp-json\/wp\/v2\/product"}],"about":[{"href":"https:\/\/liquidmaster.pl\/en\/wp-json\/wp\/v2\/types\/product"}],"replies":[{"embeddable":true,"href":"https:\/\/liquidmaster.pl\/en\/wp-json\/wp\/v2\/comments?post=1804647"}],"wp:featuredmedia":[{"embeddable":true,"href":"https:\/\/liquidmaster.pl\/en\/wp-json\/wp\/v2\/media\/1847657"}],"wp:attachment":[{"href":"https:\/\/liquidmaster.pl\/en\/wp-json\/wp\/v2\/media?parent=1804647"}],"wp:term":[{"taxonomy":"product_brand","embeddable":true,"href":"https:\/\/liquidmaster.pl\/en\/wp-json\/wp\/v2\/product_brand?post=1804647"},{"taxonomy":"product_cat","embeddable":true,"href":"https:\/\/liquidmaster.pl\/en\/wp-json\/wp\/v2\/product_cat?post=1804647"},{"taxonomy":"product_tag","embeddable":true,"href":"https:\/\/liquidmaster.pl\/en\/wp-json\/wp\/v2\/product_tag?post=1804647"}],"curies":[{"name":"wp","href":"https:\/\/api.w.org\/{rel}","templated":true}]}}