{"id":1804643,"date":"2025-03-28T14:34:27","date_gmt":"2025-03-28T12:34:27","guid":{"rendered":"https:\/\/liquidmaster.pl\/ava-rim-brush-szczotka-do-felg-ava\/"},"modified":"2026-04-20T08:12:16","modified_gmt":"2026-04-20T06:12:16","slug":"ava-rim-brush-szczotka-do-felg-ava","status":"publish","type":"product","link":"https:\/\/liquidmaster.pl\/en\/ava-rim-brush-szczotka-do-felg-ava\/","title":{"rendered":"AVA Rim Brush - brush for AVA rims"},"content":{"rendered":"<p>Whether you&#039;re cleaning car rims or small, hard-to-reach areas, this rim brush from Ava is the perfect tool to get the job done right. Compatible with all Ava pressure washers, this brush attachment features lower pressure water flow and a bristle head that makes gentle yet efficient cleaning easier than ever.<\/p>\n<p>\u00a0\u00a0\u00a0 Low pressure water flow<br \/>\n\u00a0\u00a0\u00a0 Dimensions (H x W x D): 9 cm x 9 cm x 28 cm (3.5\u2033 x 3.5\u2033 x 11\u2033)<\/p>","protected":false},"excerpt":{"rendered":"<p>Niezale\u017cnie od tego, czy czy\u015bcisz felgi samochodowe, czy ma\u0142e, trudno dost\u0119pne miejsca, ta szczotka do felg firmy Ava jest idealnym narz\u0119dziem do dobrego wykonania pracy. Ta nasadka szczotkowa, kompatybilna ze wszystkimi myjkami wysokoci\u015bnieniowymi Ava, zapewnia przep\u0142yw wody pod ni\u017cszym ci\u015bnieniem, a tak\u017ce g\u0142\u00f3wk\u0119 w\u0142osia, kt\u00f3ra sprawia, \u017ce \u200b\u200bdelikatne, ale wydajne czyszczenie jest \u0142atwiejsze ni\u017c kiedykolwiek.&hellip;&nbsp;<a href=\"https:\/\/liquidmaster.pl\/en\/ava-rim-brush-szczotka-do-felg-ava\/\" rel=\"bookmark\">Read More \u00bb<span class=\"screen-reader-text\">AVA Rim Brush - brush for AVA rims<\/span><\/a><\/p>","protected":false},"featured_media":1847656,"comment_status":"open","ping_status":"open","template":"","meta":{"neve_meta_sidebar":"","neve_meta_container":"","neve_meta_enable_content_width":"","neve_meta_content_width":0,"neve_meta_title_alignment":"","neve_meta_author_avatar":"","neve_post_elements_order":"","neve_meta_disable_header":"","neve_meta_disable_footer":"","neve_meta_disable_title":"","_themeisle_gutenberg_block_has_review":false},"product_brand":[],"product_cat":[757,892,846],"product_tag":[599],"class_list":{"0":"post-1804643","1":"product","2":"type-product","3":"status-publish","4":"has-post-thumbnail","6":"product_cat-akcesoria","7":"product_cat-myjki-cisnieniowe","8":"product_cat-reszta","9":"product_tag-ava","11":"first","12":"instock","13":"taxable","14":"shipping-taxable","15":"purchasable","16":"product-type-simple"},"_links":{"self":[{"href":"https:\/\/liquidmaster.pl\/en\/wp-json\/wp\/v2\/product\/1804643","targetHints":{"allow":["GET"]}}],"collection":[{"href":"https:\/\/liquidmaster.pl\/en\/wp-json\/wp\/v2\/product"}],"about":[{"href":"https:\/\/liquidmaster.pl\/en\/wp-json\/wp\/v2\/types\/product"}],"replies":[{"embeddable":true,"href":"https:\/\/liquidmaster.pl\/en\/wp-json\/wp\/v2\/comments?post=1804643"}],"wp:featuredmedia":[{"embeddable":true,"href":"https:\/\/liquidmaster.pl\/en\/wp-json\/wp\/v2\/media\/1847656"}],"wp:attachment":[{"href":"https:\/\/liquidmaster.pl\/en\/wp-json\/wp\/v2\/media?parent=1804643"}],"wp:term":[{"taxonomy":"product_brand","embeddable":true,"href":"https:\/\/liquidmaster.pl\/en\/wp-json\/wp\/v2\/product_brand?post=1804643"},{"taxonomy":"product_cat","embeddable":true,"href":"https:\/\/liquidmaster.pl\/en\/wp-json\/wp\/v2\/product_cat?post=1804643"},{"taxonomy":"product_tag","embeddable":true,"href":"https:\/\/liquidmaster.pl\/en\/wp-json\/wp\/v2\/product_tag?post=1804643"}],"curies":[{"name":"wp","href":"https:\/\/api.w.org\/{rel}","templated":true}]}}