{"id":1804635,"date":"2025-03-28T14:34:04","date_gmt":"2025-03-28T12:34:04","guid":{"rendered":"https:\/\/liquidmaster.pl\/ava-microfiber-mop-mop-do-myjki-ava\/"},"modified":"2026-04-18T04:33:10","modified_gmt":"2026-04-18T02:33:10","slug":"ava-microfiber-mop-mop-do-myjki-ava","status":"publish","type":"product","link":"https:\/\/liquidmaster.pl\/en\/ava-microfiber-mop-mop-do-myjki-ava\/","title":{"rendered":"AVA Microfiber Mop - Mop for the AVA washer"},"content":{"rendered":"<p>The AVA Water Flow Microfiber Mop is easy to use on most surfaces, especially your car or windows. Different microfiber pads have different structures to suit both smooth and rough surfaces. The mop has a flexible connector that allows the microfiber pad to adhere to the surface. Thanks to the internal flow of water at low pressure, the inserts stay clean longer. The AVA microfiber mop comes with one universal microfiber cover.<\/p>\n<p>Click here to see our AVA microfiber pad blend. We recommend the Mix Pack because it allows you to test our three different microfiber pads.<\/p>\n<p>\u00a0\u00a0\u00a0 AVA Gentle Microfiber Pad is designed for use on smooth surfaces such as windows.<br \/>\n\u00a0\u00a0\u00a0 The universal AVA microfiber pad fits most cleaning tasks and can be used in your car.<br \/>\n\u00a0\u00a0\u00a0 AVA Dual Action Pad has both long and short fibers. This makes it perfect for removing stubborn dirt.<\/p>\n<p>All AVA pads attach easily to your AVA Microfiber Flow Mop and are just as easy to wash and reuse<\/p>","protected":false},"excerpt":{"rendered":"<p>Mop z mikrofibry AVA z przep\u0142ywem wody jest \u0142atwy w u\u017cyciu na wi\u0119kszo\u015bci powierzchni, zw\u0142aszcza w samochodzie lub oknach. R\u00f3\u017cne podk\u0142adki z mikrofibry maj\u0105 r\u00f3\u017cne struktury, aby pasowa\u0142y zar\u00f3wno do g\u0142adkich, jak i chropowatych powierzchni. Mop posiada elastyczne z\u0142\u0105cze, kt\u00f3re sprawia, \u017ce \u200b\u200bnak\u0142adka z mikrofibry przylega do powierzchni. Dzi\u0119ki wewn\u0119trznemu przep\u0142ywowi wody pod niskim ci\u015bnieniem&hellip;&nbsp;<a href=\"https:\/\/liquidmaster.pl\/en\/ava-microfiber-mop-mop-do-myjki-ava\/\" rel=\"bookmark\">Read More \u00bb<span class=\"screen-reader-text\">AVA Microfiber Mop - Mop for the AVA washer<\/span><\/a><\/p>","protected":false},"featured_media":1847651,"comment_status":"open","ping_status":"open","template":"","meta":{"neve_meta_sidebar":"","neve_meta_container":"","neve_meta_enable_content_width":"","neve_meta_content_width":0,"neve_meta_title_alignment":"","neve_meta_author_avatar":"","neve_post_elements_order":"","neve_meta_disable_header":"","neve_meta_disable_footer":"","neve_meta_disable_title":"","_themeisle_gutenberg_block_has_review":false},"product_brand":[],"product_cat":[757,892,846],"product_tag":[599],"class_list":{"0":"post-1804635","1":"product","2":"type-product","3":"status-publish","4":"has-post-thumbnail","6":"product_cat-akcesoria","7":"product_cat-myjki-cisnieniowe","8":"product_cat-reszta","9":"product_tag-ava","11":"first","12":"instock","13":"taxable","14":"shipping-taxable","15":"purchasable","16":"product-type-simple"},"_links":{"self":[{"href":"https:\/\/liquidmaster.pl\/en\/wp-json\/wp\/v2\/product\/1804635","targetHints":{"allow":["GET"]}}],"collection":[{"href":"https:\/\/liquidmaster.pl\/en\/wp-json\/wp\/v2\/product"}],"about":[{"href":"https:\/\/liquidmaster.pl\/en\/wp-json\/wp\/v2\/types\/product"}],"replies":[{"embeddable":true,"href":"https:\/\/liquidmaster.pl\/en\/wp-json\/wp\/v2\/comments?post=1804635"}],"wp:featuredmedia":[{"embeddable":true,"href":"https:\/\/liquidmaster.pl\/en\/wp-json\/wp\/v2\/media\/1847651"}],"wp:attachment":[{"href":"https:\/\/liquidmaster.pl\/en\/wp-json\/wp\/v2\/media?parent=1804635"}],"wp:term":[{"taxonomy":"product_brand","embeddable":true,"href":"https:\/\/liquidmaster.pl\/en\/wp-json\/wp\/v2\/product_brand?post=1804635"},{"taxonomy":"product_cat","embeddable":true,"href":"https:\/\/liquidmaster.pl\/en\/wp-json\/wp\/v2\/product_cat?post=1804635"},{"taxonomy":"product_tag","embeddable":true,"href":"https:\/\/liquidmaster.pl\/en\/wp-json\/wp\/v2\/product_tag?post=1804635"}],"curies":[{"name":"wp","href":"https:\/\/api.w.org\/{rel}","templated":true}]}}