{"id":1804621,"date":"2025-03-28T14:32:50","date_gmt":"2025-03-28T12:32:50","guid":{"rendered":"https:\/\/liquidmaster.pl\/ava-first-aid-kit-zestaw-naprawczy-ava\/"},"modified":"2026-04-18T04:33:08","modified_gmt":"2026-04-18T02:33:08","slug":"ava-first-aid-kit-zestaw-naprawczy-ava","status":"publish","type":"product","link":"https:\/\/liquidmaster.pl\/en\/ava-first-aid-kit-zestaw-naprawczy-ava\/","title":{"rendered":"AVA First Aid Kit - AVA Repair Kit"},"content":{"rendered":"<p class=\"def\">The AVA First Aid Kit is a basic service package for AVA hoses and accessories.<\/p>\n<p class=\"def\">Basic service kit for sealing and restoring the functionality of AVA hoses and accessories.<\/p>\n<p class=\"def\">\u00a0<\/p>\n<p class=\"def\">Contents of the AVA first aid kit:<\/p>\n<p class=\"def\">4x O-rings for MALE AVA bayonets<\/p>\n<p class=\"def\">4x O-rings for FEMALE AVA bayonets<\/p>\n<p class=\"def\">4x Inner inserts for the AVA quick attachment system<\/p>\n<p class=\"def\">4x Mesh filters for AVA foam guns<\/p>","protected":false},"excerpt":{"rendered":"<p>Zestaw pierwszej pomocy AVA to podstawowy pakiet serwisowy dla w\u0119\u017cy i akcesori\u00f3w AVA. Podstawowy zestaw serwisowy do uszczelniania i przywracania funkcjonalno\u015bci w\u0119\u017cy i akcesori\u00f3w AVA. \u00a0 Zawarto\u015b\u0107 zestawu pierwszej pomocy AVA: 4x O-ringi dla MALE bagnet\u00f3w AVA 4x O-ringi dla FEMALE bagnet\u00f3w AVA 4x Wk\u0142adki wewn\u0119trzne do systemu szybkiego mocowania AVA 4x Filtry siatkowe do&hellip;&nbsp;<a href=\"https:\/\/liquidmaster.pl\/en\/ava-first-aid-kit-zestaw-naprawczy-ava\/\" rel=\"bookmark\">Read More \u00bb<span class=\"screen-reader-text\">AVA First Aid Kit - AVA Repair Kit<\/span><\/a><\/p>","protected":false},"featured_media":1847640,"comment_status":"open","ping_status":"open","template":"","meta":{"neve_meta_sidebar":"","neve_meta_container":"","neve_meta_enable_content_width":"","neve_meta_content_width":0,"neve_meta_title_alignment":"","neve_meta_author_avatar":"","neve_post_elements_order":"","neve_meta_disable_header":"","neve_meta_disable_footer":"","neve_meta_disable_title":"","_themeisle_gutenberg_block_has_review":false},"product_brand":[],"product_cat":[757,892,846],"product_tag":[599],"class_list":{"0":"post-1804621","1":"product","2":"type-product","3":"status-publish","4":"has-post-thumbnail","6":"product_cat-akcesoria","7":"product_cat-myjki-cisnieniowe","8":"product_cat-reszta","9":"product_tag-ava","11":"first","12":"outofstock","13":"taxable","14":"shipping-taxable","15":"purchasable","16":"product-type-simple"},"_links":{"self":[{"href":"https:\/\/liquidmaster.pl\/en\/wp-json\/wp\/v2\/product\/1804621","targetHints":{"allow":["GET"]}}],"collection":[{"href":"https:\/\/liquidmaster.pl\/en\/wp-json\/wp\/v2\/product"}],"about":[{"href":"https:\/\/liquidmaster.pl\/en\/wp-json\/wp\/v2\/types\/product"}],"replies":[{"embeddable":true,"href":"https:\/\/liquidmaster.pl\/en\/wp-json\/wp\/v2\/comments?post=1804621"}],"wp:featuredmedia":[{"embeddable":true,"href":"https:\/\/liquidmaster.pl\/en\/wp-json\/wp\/v2\/media\/1847640"}],"wp:attachment":[{"href":"https:\/\/liquidmaster.pl\/en\/wp-json\/wp\/v2\/media?parent=1804621"}],"wp:term":[{"taxonomy":"product_brand","embeddable":true,"href":"https:\/\/liquidmaster.pl\/en\/wp-json\/wp\/v2\/product_brand?post=1804621"},{"taxonomy":"product_cat","embeddable":true,"href":"https:\/\/liquidmaster.pl\/en\/wp-json\/wp\/v2\/product_cat?post=1804621"},{"taxonomy":"product_tag","embeddable":true,"href":"https:\/\/liquidmaster.pl\/en\/wp-json\/wp\/v2\/product_tag?post=1804621"}],"curies":[{"name":"wp","href":"https:\/\/api.w.org\/{rel}","templated":true}]}}