{"id":1804609,"date":"2025-03-28T14:32:04","date_gmt":"2025-03-28T12:32:04","guid":{"rendered":"https:\/\/liquidmaster.pl\/ava-60-nozzle-p70-p80-dysza-do-myjki-ava\/"},"modified":"2026-04-18T04:33:06","modified_gmt":"2026-04-18T02:33:06","slug":"ava-60-nozzle-p70-p80-dysza-do-myjki-ava","status":"publish","type":"product","link":"https:\/\/liquidmaster.pl\/en\/ava-60-nozzle-p70-p80-dysza-do-myjki-ava\/","title":{"rendered":"AVA 60 Nozzle P70-P80 \u2013 AVA washer nozzle"},"content":{"rendered":"<p>The AVA 0\u00b0 P70-P80 nozzle is a nozzle for a trigger gun or an attachment for AVA pressure washers with a pressure of 150-160 bar.<\/p>\n<p>The 0\u00b0 nozzle is ideal for cutting soft debris. The nozzle has been optimized to make the water jet as effective as possible before atomization occurs. Perfect for cleaning cables or pipes. Using the right nozzle for the job is essential if you want to complete the job as quickly as possible.<\/p>\n<p>We highly recommend trying out this nozzle before you start working on a larger scale. You should also exercise caution when using this nozzle and always wear appropriate protective equipment. The force of the water jet may cause strips, signs or other vehicle elements that are not protected by strength features to fall off.<\/p>","protected":false},"excerpt":{"rendered":"<p>Dysza AVA 0\u00b0 P70-P80 to dysza do pistoletu spustowego lub przystawki do myjek ci\u015bnieniowych AVA o ci\u015bnieniu 150-160 bar. Dysza 0\u00b0 jest idealna do ci\u0119cia mi\u0119kkich zanieczyszcze\u0144. Dysza zosta\u0142a zoptymalizowana tak, aby strumie\u0144 wody by\u0142 skuteczny w jak najwi\u0119kszym stopniu, zanim nast\u0105pi atomizacja. Doskonale nadaje si\u0119 do czyszczenia kabli lub rur. U\u017cywanie odpowiedniej dyszy do&hellip;&nbsp;<a href=\"https:\/\/liquidmaster.pl\/en\/ava-60-nozzle-p70-p80-dysza-do-myjki-ava\/\" rel=\"bookmark\">Read More \u00bb<span class=\"screen-reader-text\">AVA 60 Nozzle P70-P80 \u2013 AVA washer nozzle<\/span><\/a><\/p>","protected":false},"featured_media":1847634,"comment_status":"open","ping_status":"open","template":"","meta":{"neve_meta_sidebar":"","neve_meta_container":"","neve_meta_enable_content_width":"","neve_meta_content_width":0,"neve_meta_title_alignment":"","neve_meta_author_avatar":"","neve_post_elements_order":"","neve_meta_disable_header":"","neve_meta_disable_footer":"","neve_meta_disable_title":"","_themeisle_gutenberg_block_has_review":false},"product_brand":[],"product_cat":[757,892,846],"product_tag":[599],"class_list":{"0":"post-1804609","1":"product","2":"type-product","3":"status-publish","4":"has-post-thumbnail","6":"product_cat-akcesoria","7":"product_cat-myjki-cisnieniowe","8":"product_cat-reszta","9":"product_tag-ava","11":"first","12":"instock","13":"taxable","14":"shipping-taxable","15":"purchasable","16":"product-type-simple"},"_links":{"self":[{"href":"https:\/\/liquidmaster.pl\/en\/wp-json\/wp\/v2\/product\/1804609","targetHints":{"allow":["GET"]}}],"collection":[{"href":"https:\/\/liquidmaster.pl\/en\/wp-json\/wp\/v2\/product"}],"about":[{"href":"https:\/\/liquidmaster.pl\/en\/wp-json\/wp\/v2\/types\/product"}],"replies":[{"embeddable":true,"href":"https:\/\/liquidmaster.pl\/en\/wp-json\/wp\/v2\/comments?post=1804609"}],"wp:featuredmedia":[{"embeddable":true,"href":"https:\/\/liquidmaster.pl\/en\/wp-json\/wp\/v2\/media\/1847634"}],"wp:attachment":[{"href":"https:\/\/liquidmaster.pl\/en\/wp-json\/wp\/v2\/media?parent=1804609"}],"wp:term":[{"taxonomy":"product_brand","embeddable":true,"href":"https:\/\/liquidmaster.pl\/en\/wp-json\/wp\/v2\/product_brand?post=1804609"},{"taxonomy":"product_cat","embeddable":true,"href":"https:\/\/liquidmaster.pl\/en\/wp-json\/wp\/v2\/product_cat?post=1804609"},{"taxonomy":"product_tag","embeddable":true,"href":"https:\/\/liquidmaster.pl\/en\/wp-json\/wp\/v2\/product_tag?post=1804609"}],"curies":[{"name":"wp","href":"https:\/\/api.w.org\/{rel}","templated":true}]}}