{"id":1804607,"date":"2025-03-28T14:32:04","date_gmt":"2025-03-28T12:32:04","guid":{"rendered":"https:\/\/liquidmaster.pl\/ava-60-nozzle-p30-p60-dysza-do-myjki-ava\/"},"modified":"2026-04-20T08:12:09","modified_gmt":"2026-04-20T06:12:09","slug":"ava-60-nozzle-p30-p60-dysza-do-myjki-ava","status":"publish","type":"product","link":"https:\/\/liquidmaster.pl\/en\/ava-60-nozzle-p30-p60-dysza-do-myjki-ava\/","title":{"rendered":"AVA 60 Nozzle P30-P60 \u2013 AVA washer nozzle"},"content":{"rendered":"<p>VA Nozzle Kit P30-P60 is a set of nozzles and an extension lance for pressure washers with a maximum pressure of 110-145 bar.<\/p>\n<p>The AVA Nozzle Kit P30-P60 is compatible with all AVA pressure washers with a working pressure of up to 145 bar and with all AVA attachments.<\/p>\n<p>Main advantages of AVA Nozzle Kit P30-P60<\/p>\n<p>Compatible with all AVA pressure washers with a pressure range of 110-145 bar (specific models listed below)<\/p>\n<p>Compatibility with AVA magnifying lances, AVA flexible lances and AVA telescopic lances<\/p>\n<p>High cutting force<\/p>\n<p>Quick clamping system for immediate assembly<\/p>\n<p>Made of very durable materials for maximum durability<\/p>","protected":false},"excerpt":{"rendered":"<p>VA Nozzle Kit P30-P60 to zestaw dysz i lancy przed\u0142u\u017caj\u0105cej do myjek ci\u015bnieniowych o maksymalnym ci\u015bnieniu 110-145 bar. Zestaw AVA Nozzle Kit P30-P60 jest kompatybilny ze wszystkimi myjkami ci\u015bnieniowymi AVA o ci\u015bnieniu roboczym do 145 bar oraz ze wszystkimi przystawkami AVA. G\u0142\u00f3wne zalety AVA Nozzle Kit P30-P60 Kompatybilny ze wszystkimi myjkami ci\u015bnieniowymi AVA o zakresie&hellip;&nbsp;<a href=\"https:\/\/liquidmaster.pl\/en\/ava-60-nozzle-p30-p60-dysza-do-myjki-ava\/\" rel=\"bookmark\">Read More \u00bb<span class=\"screen-reader-text\">AVA 60 Nozzle P30-P60 \u2013 AVA washer nozzle<\/span><\/a><\/p>","protected":false},"featured_media":1847633,"comment_status":"open","ping_status":"open","template":"","meta":{"neve_meta_sidebar":"","neve_meta_container":"","neve_meta_enable_content_width":"","neve_meta_content_width":0,"neve_meta_title_alignment":"","neve_meta_author_avatar":"","neve_post_elements_order":"","neve_meta_disable_header":"","neve_meta_disable_footer":"","neve_meta_disable_title":"","_themeisle_gutenberg_block_has_review":false},"product_brand":[],"product_cat":[757,892,846],"product_tag":[599],"class_list":{"0":"post-1804607","1":"product","2":"type-product","3":"status-publish","4":"has-post-thumbnail","6":"product_cat-akcesoria","7":"product_cat-myjki-cisnieniowe","8":"product_cat-reszta","9":"product_tag-ava","11":"first","12":"outofstock","13":"taxable","14":"shipping-taxable","15":"purchasable","16":"product-type-simple"},"_links":{"self":[{"href":"https:\/\/liquidmaster.pl\/en\/wp-json\/wp\/v2\/product\/1804607","targetHints":{"allow":["GET"]}}],"collection":[{"href":"https:\/\/liquidmaster.pl\/en\/wp-json\/wp\/v2\/product"}],"about":[{"href":"https:\/\/liquidmaster.pl\/en\/wp-json\/wp\/v2\/types\/product"}],"replies":[{"embeddable":true,"href":"https:\/\/liquidmaster.pl\/en\/wp-json\/wp\/v2\/comments?post=1804607"}],"wp:featuredmedia":[{"embeddable":true,"href":"https:\/\/liquidmaster.pl\/en\/wp-json\/wp\/v2\/media\/1847633"}],"wp:attachment":[{"href":"https:\/\/liquidmaster.pl\/en\/wp-json\/wp\/v2\/media?parent=1804607"}],"wp:term":[{"taxonomy":"product_brand","embeddable":true,"href":"https:\/\/liquidmaster.pl\/en\/wp-json\/wp\/v2\/product_brand?post=1804607"},{"taxonomy":"product_cat","embeddable":true,"href":"https:\/\/liquidmaster.pl\/en\/wp-json\/wp\/v2\/product_cat?post=1804607"},{"taxonomy":"product_tag","embeddable":true,"href":"https:\/\/liquidmaster.pl\/en\/wp-json\/wp\/v2\/product_tag?post=1804607"}],"curies":[{"name":"wp","href":"https:\/\/api.w.org\/{rel}","templated":true}]}}