{"id":1804603,"date":"2025-03-28T14:32:04","date_gmt":"2025-03-28T12:32:04","guid":{"rendered":"https:\/\/liquidmaster.pl\/auto-finesse-avalanche-bubblegum-1l-piana-aktywna-do-mycia-samochodu\/"},"modified":"2026-04-18T04:25:56","modified_gmt":"2026-04-18T02:25:56","slug":"auto-finesse-avalanche-bubblegum-1l-piana-aktywna-do-mycia-samochodu","status":"publish","type":"product","link":"https:\/\/liquidmaster.pl\/en\/auto-finesse-avalanche-bubblegum-1l-piana-aktywna-do-mycia-samochodu\/","title":{"rendered":"Auto Finesse Avalanche Bubblegum 1L - active foam for car washing"},"content":{"rendered":"<p>Auto Finesse Avalanche Bubblegum - concentrated active foam with a neutral pH. Stimulate your senses at the pre-wash stage with our new Bubble Gum Scented Active Foam.<\/p>\n<p>Brand new to the Auto Finesse range, the special edition Avalanche Snow Foam offers all the great features you&#039;d expect from our popular pre-cleaner, but with the added benefit of a fresh punch of sweet bubblegum scent. \u00a0<\/p>\n<p>Avalanche Bubblegum Snow Foam creates a thick, creamy foam that dissolves and removes road dirt before hand washing, minimizing the risk of scratching the paint during further washing stages.<\/p>\n<p>Usage:<\/p>\n<li>For best results, use Auto Finesse Avalanche Bubblegum Snow Foam in conjunction with a foam gun and pressure washer (can also be used with a garden hose foam gun) to soften and remove road film and accumulated dirt prior to hand washing.<\/li>\n<li>Apply foam and leave for about 5 minutes.<\/li>\n<li>After this time, rinse the product thoroughly from the vehicle.<\/li>\n<p>Despite Avalanche&#039;s high cleaning power, it is friendly to waxes and sealants, so it won&#039;t remove or damage any previously applied protection.<\/p>\n<p>Capacity: 1L<\/p>\n<p>\u00a0<\/p>","protected":false},"excerpt":{"rendered":"<p>Auto Finesse Avalanche Bubblegum \u2013 skoncentrowana piana aktywna o neutralnym pH. Pobud\u017a swoje zmys\u0142y na etapie mycia wst\u0119pnego, dzi\u0119ki naszej nowej pianie aktywnej o zapachu gumy balonowej. Zupe\u0142nie nowa w gamie Auto Finesse, specjalna edycja Avalanche Snow Foam oferuje wszystkie doskona\u0142e w\u0142a\u015bciwo\u015bci, kt\u00f3rych mo\u017cna oczekiwa\u0107 od naszego popularnego \u015brodka do mycia wst\u0119pnego, ale z dodatkow\u0105&hellip;&nbsp;<a href=\"https:\/\/liquidmaster.pl\/en\/auto-finesse-avalanche-bubblegum-1l-piana-aktywna-do-mycia-samochodu\/\" rel=\"bookmark\">Read More \u00bb<span class=\"screen-reader-text\">Auto Finesse Avalanche Bubblegum 1L - active foam for car washing<\/span><\/a><\/p>","protected":false},"featured_media":1846677,"comment_status":"open","ping_status":"open","template":"","meta":{"neve_meta_sidebar":"","neve_meta_container":"","neve_meta_enable_content_width":"","neve_meta_content_width":0,"neve_meta_title_alignment":"","neve_meta_author_avatar":"","neve_post_elements_order":"","neve_meta_disable_header":"","neve_meta_disable_footer":"","neve_meta_disable_title":"","_themeisle_gutenberg_block_has_review":false},"product_brand":[],"product_cat":[734,733,753],"product_tag":[263],"class_list":{"0":"post-1804603","1":"product","2":"type-product","3":"status-publish","4":"has-post-thumbnail","6":"product_cat-mycie-i-osuszanie","7":"product_cat-na-zewnatrz","8":"product_cat-piany-aktywne-i-pianownice","9":"product_tag-auto-finesse","11":"first","12":"outofstock","13":"taxable","14":"shipping-taxable","15":"purchasable","16":"product-type-simple"},"_links":{"self":[{"href":"https:\/\/liquidmaster.pl\/en\/wp-json\/wp\/v2\/product\/1804603","targetHints":{"allow":["GET"]}}],"collection":[{"href":"https:\/\/liquidmaster.pl\/en\/wp-json\/wp\/v2\/product"}],"about":[{"href":"https:\/\/liquidmaster.pl\/en\/wp-json\/wp\/v2\/types\/product"}],"replies":[{"embeddable":true,"href":"https:\/\/liquidmaster.pl\/en\/wp-json\/wp\/v2\/comments?post=1804603"}],"wp:featuredmedia":[{"embeddable":true,"href":"https:\/\/liquidmaster.pl\/en\/wp-json\/wp\/v2\/media\/1846677"}],"wp:attachment":[{"href":"https:\/\/liquidmaster.pl\/en\/wp-json\/wp\/v2\/media?parent=1804603"}],"wp:term":[{"taxonomy":"product_brand","embeddable":true,"href":"https:\/\/liquidmaster.pl\/en\/wp-json\/wp\/v2\/product_brand?post=1804603"},{"taxonomy":"product_cat","embeddable":true,"href":"https:\/\/liquidmaster.pl\/en\/wp-json\/wp\/v2\/product_cat?post=1804603"},{"taxonomy":"product_tag","embeddable":true,"href":"https:\/\/liquidmaster.pl\/en\/wp-json\/wp\/v2\/product_tag?post=1804603"}],"curies":[{"name":"wp","href":"https:\/\/api.w.org\/{rel}","templated":true}]}}