{"id":1804599,"date":"2025-03-28T14:30:50","date_gmt":"2025-03-28T12:30:50","guid":{"rendered":"https:\/\/liquidmaster.pl\/ava-40-nozzle-p30-p60\/"},"modified":"2026-04-18T04:33:05","modified_gmt":"2026-04-18T02:33:05","slug":"ava-40-nozzle-p30-p60","status":"publish","type":"product","link":"https:\/\/liquidmaster.pl\/en\/ava-40-nozzle-p30-p60\/","title":{"rendered":"AVA 40 Nozzles P30-P60"},"content":{"rendered":"<p class=\"def\">The AVA 40\u00b0 P30-P60 nozzle is a nozzle for a trigger gun or an attachment for AVA pressure washers with a pressure of 110-145 bar.<\/p>\n<p class=\"def\">The AVA 40\u00b0 nozzle is ideal for cleaning any surfaces where pressure is required for gentle but effective cleaning. It is effective enough to remove common dirt, droppings, dust and grime, yet gentle enough on vehicle surfaces. Move the nozzle closer to very sticky dirt and further away when rinsing for a gentler treatment.<\/p>\n<p class=\"def\">The nozzle shape has been optimized to distribute water in a uniform band at an angle of 40\u00b0, which reduces water spray and increases efficiency. All AVA nozzles have a bayonet system that allows you to easily switch between different variants.<\/p>\n<p class=\"def\">\u00a0<\/p>\n<p class=\"def\">Main advantages of the AVA 40\u00b0 P30-P60 nozzle:<\/p>\n<p class=\"def\">Compatible with all AVA pressure washers with a pressure of 110-145 bar (specific models listed below)<\/p>\n<p class=\"def\">Compatible with AVA magnifying lances, AVA flexible lances and AVA telescopic lances<\/p>\n<p class=\"def\">High cutting force<\/p>\n<p class=\"def\">Quick clamping system for immediate assembly<\/p>\n<p class=\"def\">Made of very durable materials for maximum durability<\/p>\n<p class=\"def\">\u00a0<\/p>\n<p class=\"def\">Compatible with:<\/p>\n<p class=\"def\">AVA GO P40<\/p>\n<p class=\"def\">AVA GO P50<\/p>\n<p class=\"def\">AVA GO P55<\/p>\n<p class=\"def\">AVA Smart P50<\/p>\n<p class=\"def\">AVA Smart P55<\/p>\n<p class=\"def\">AVA Master P60<\/p>\n<p class=\"def\">AVA Evolution P60<\/p>\n<p class=\"def\">\u00a0<\/p>\n<p class=\"def\">Package contents AVA 40\u00b0 P30-P60 nozzle:<\/p>\n<p class=\"def\">1x end nozzle<\/p>","protected":false},"excerpt":{"rendered":"<p>Dysza AVA 40\u00b0 P30-P60 to dysza do pistoletu spustowego lub przystawki do myjek ci\u015bnieniowych AVA o ci\u015bnieniu 110-145 bar. Dysza AVA 40\u00b0 jest idealna do czyszczenia wszelkich powierzchni, gdzie wymagany jest nacisk na delikatne, ale skuteczne czyszczenie. Jest wystarczaj\u0105co skuteczna, aby usun\u0105\u0107 zwyk\u0142y brud, odchody, kurz i brud, a jednocze\u015bnie wystarczaj\u0105co delikatna dla powierzchni pojazd\u00f3w.&hellip;&nbsp;<a href=\"https:\/\/liquidmaster.pl\/en\/ava-40-nozzle-p30-p60\/\" rel=\"bookmark\">Read More \u00bb<span class=\"screen-reader-text\">AVA 40 Nozzles P30-P60<\/span><\/a><\/p>","protected":false},"featured_media":1847629,"comment_status":"open","ping_status":"open","template":"","meta":{"neve_meta_sidebar":"","neve_meta_container":"","neve_meta_enable_content_width":"","neve_meta_content_width":0,"neve_meta_title_alignment":"","neve_meta_author_avatar":"","neve_post_elements_order":"","neve_meta_disable_header":"","neve_meta_disable_footer":"","neve_meta_disable_title":"","_themeisle_gutenberg_block_has_review":false},"product_brand":[],"product_cat":[757,892,846],"product_tag":[599],"class_list":{"0":"post-1804599","1":"product","2":"type-product","3":"status-publish","4":"has-post-thumbnail","6":"product_cat-akcesoria","7":"product_cat-myjki-cisnieniowe","8":"product_cat-reszta","9":"product_tag-ava","11":"first","12":"outofstock","13":"taxable","14":"shipping-taxable","15":"purchasable","16":"product-type-simple"},"_links":{"self":[{"href":"https:\/\/liquidmaster.pl\/en\/wp-json\/wp\/v2\/product\/1804599","targetHints":{"allow":["GET"]}}],"collection":[{"href":"https:\/\/liquidmaster.pl\/en\/wp-json\/wp\/v2\/product"}],"about":[{"href":"https:\/\/liquidmaster.pl\/en\/wp-json\/wp\/v2\/types\/product"}],"replies":[{"embeddable":true,"href":"https:\/\/liquidmaster.pl\/en\/wp-json\/wp\/v2\/comments?post=1804599"}],"wp:featuredmedia":[{"embeddable":true,"href":"https:\/\/liquidmaster.pl\/en\/wp-json\/wp\/v2\/media\/1847629"}],"wp:attachment":[{"href":"https:\/\/liquidmaster.pl\/en\/wp-json\/wp\/v2\/media?parent=1804599"}],"wp:term":[{"taxonomy":"product_brand","embeddable":true,"href":"https:\/\/liquidmaster.pl\/en\/wp-json\/wp\/v2\/product_brand?post=1804599"},{"taxonomy":"product_cat","embeddable":true,"href":"https:\/\/liquidmaster.pl\/en\/wp-json\/wp\/v2\/product_cat?post=1804599"},{"taxonomy":"product_tag","embeddable":true,"href":"https:\/\/liquidmaster.pl\/en\/wp-json\/wp\/v2\/product_tag?post=1804599"}],"curies":[{"name":"wp","href":"https:\/\/api.w.org\/{rel}","templated":true}]}}