{"id":1804597,"date":"2025-03-28T14:30:50","date_gmt":"2025-03-28T12:30:50","guid":{"rendered":"https:\/\/liquidmaster.pl\/ava-25-nozzle-p90\/"},"modified":"2026-04-19T03:19:58","modified_gmt":"2026-04-19T01:19:58","slug":"ava-25-nozzle-p90","status":"publish","type":"product","link":"https:\/\/liquidmaster.pl\/en\/ava-25-nozzle-p90\/","title":{"rendered":"AVA 25 Nozzle P90"},"content":{"rendered":"<p class=\"def\">The AVA 25\u00b0 P90 nozzle is a nozzle tip for a trigger gun or an attachment for AVA pressure washers with a pressure of 160 bar or more and a maximum water flow of over 12 l\/min.<\/p>\n<p class=\"def\">The AVA 25\u00b0 nozzle is ideal for cleaning boats or cars that require heavy cleaning. It is effective enough to remove algae, seaweed, dust and dirt, yet gentle enough for the surface of your boat or vehicle. Move the nozzle closer for extra stuck-on dirt and further away while rinsing for a gentler treatment.<\/p>\n<p class=\"def\">The nozzle shape has been optimized to distribute water in a uniform band at an angle of 25\u00b0, which reduces water spray and increases efficiency. All AVA nozzles have a bayonet system that allows you to easily switch between different variants.<\/p>\n<p class=\"def\">\u00a0<\/p>\n<p class=\"def\">Main advantages of the AVA 25\u00b0 P90 nozzle:<\/p>\n<p class=\"def\">Compatible with all AVA pressure washers with a pressure of 160 bar or higher (specific models listed below)<\/p>\n<p class=\"def\">Compatible with AVA magnifying lances, AVA flexible lances and AVA telescopic lances<\/p>\n<p class=\"def\">High cutting force<\/p>\n<p class=\"def\">Quick clamping system for immediate assembly<\/p>\n<p class=\"def\">Made of highly durable materials for maximum durability<\/p>\n<p class=\"def\">\u00a0<\/p>\n<p class=\"def\">Compatible with:<\/p>\n<p class=\"def\">AVA Evolution P90<\/p>\n<p class=\"def\">\u00a0<\/p>\n<p class=\"def\">Package contents AVA 25\u00b0 P90 nozzle:<\/p>\n<p class=\"def\">1x end nozzle<\/p>","protected":false},"excerpt":{"rendered":"<p>Dysza AVA 25\u00b0 P90 to ko\u0144c\u00f3wka dyszy do pistoletu spustowego lub przystawki do myjek ci\u015bnieniowych AVA o ci\u015bnieniu 160 bar lub wi\u0119kszym i maksymalnym przep\u0142ywie wody ponad 12 l\/min. Dysza AVA 25\u00b0 jest idealna do czyszczenia \u0142odzi lub samochodu, kt\u00f3re wymagaj\u0105 silnego czyszczenia. Jest wystarczaj\u0105co skuteczna, aby usun\u0105\u0107 algi, wodorosty, kurz i brud, a jednocze\u015bnie&hellip;&nbsp;<a href=\"https:\/\/liquidmaster.pl\/en\/ava-25-nozzle-p90\/\" rel=\"bookmark\">Read More \u00bb<span class=\"screen-reader-text\">AVA 25 Nozzle P90<\/span><\/a><\/p>","protected":false},"featured_media":1847628,"comment_status":"open","ping_status":"open","template":"","meta":{"neve_meta_sidebar":"","neve_meta_container":"","neve_meta_enable_content_width":"","neve_meta_content_width":0,"neve_meta_title_alignment":"","neve_meta_author_avatar":"","neve_post_elements_order":"","neve_meta_disable_header":"","neve_meta_disable_footer":"","neve_meta_disable_title":"","_themeisle_gutenberg_block_has_review":false},"product_brand":[],"product_cat":[757,892,846],"product_tag":[599],"class_list":{"0":"post-1804597","1":"product","2":"type-product","3":"status-publish","4":"has-post-thumbnail","6":"product_cat-akcesoria","7":"product_cat-myjki-cisnieniowe","8":"product_cat-reszta","9":"product_tag-ava","11":"first","12":"instock","13":"taxable","14":"shipping-taxable","15":"purchasable","16":"product-type-simple"},"_links":{"self":[{"href":"https:\/\/liquidmaster.pl\/en\/wp-json\/wp\/v2\/product\/1804597","targetHints":{"allow":["GET"]}}],"collection":[{"href":"https:\/\/liquidmaster.pl\/en\/wp-json\/wp\/v2\/product"}],"about":[{"href":"https:\/\/liquidmaster.pl\/en\/wp-json\/wp\/v2\/types\/product"}],"replies":[{"embeddable":true,"href":"https:\/\/liquidmaster.pl\/en\/wp-json\/wp\/v2\/comments?post=1804597"}],"wp:featuredmedia":[{"embeddable":true,"href":"https:\/\/liquidmaster.pl\/en\/wp-json\/wp\/v2\/media\/1847628"}],"wp:attachment":[{"href":"https:\/\/liquidmaster.pl\/en\/wp-json\/wp\/v2\/media?parent=1804597"}],"wp:term":[{"taxonomy":"product_brand","embeddable":true,"href":"https:\/\/liquidmaster.pl\/en\/wp-json\/wp\/v2\/product_brand?post=1804597"},{"taxonomy":"product_cat","embeddable":true,"href":"https:\/\/liquidmaster.pl\/en\/wp-json\/wp\/v2\/product_cat?post=1804597"},{"taxonomy":"product_tag","embeddable":true,"href":"https:\/\/liquidmaster.pl\/en\/wp-json\/wp\/v2\/product_tag?post=1804597"}],"curies":[{"name":"wp","href":"https:\/\/api.w.org\/{rel}","templated":true}]}}