{"id":1804595,"date":"2025-03-28T14:30:50","date_gmt":"2025-03-28T12:30:50","guid":{"rendered":"https:\/\/liquidmaster.pl\/ava-25-nozzle-p70-p80\/"},"modified":"2026-04-18T04:33:04","modified_gmt":"2026-04-18T02:33:04","slug":"ava-25-nozzle-p70-p80","status":"publish","type":"product","link":"https:\/\/liquidmaster.pl\/en\/ava-25-nozzle-p70-p80\/","title":{"rendered":"AVA 25 Nozzles P70-P80"},"content":{"rendered":"<p class=\"def\">The AVA 25\u00b0 P70-P80 nozzle is a nozzle for a trigger gun or an attachment for AVA pressure washers with a pressure of 150-160 bar.<\/p>\n<p class=\"def\">The AVA 25\u00b0 nozzle is ideal for cleaning boats or cars that require heavy cleaning. It is effective enough to remove algae, seaweed, dust and dirt, yet gentle enough for the surface of your boat or vehicle. Move the nozzle closer for extra stuck-on dirt and further away while rinsing for a gentler treatment.<\/p>\n<p class=\"def\">The nozzle shape has been optimized to distribute water in a uniform band at an angle of 25\u00b0, which reduces water spray and increases efficiency. All AVA nozzles have a bayonet system that allows you to easily switch between different variants.<\/p>\n<p class=\"def\">\u00a0<\/p>\n<p class=\"def\">Main advantages of the AVA 25\u00b0 P70-P80 nozzle:<\/p>\n<p class=\"def\">Compatible with all AVA pressure washers with a pressure of 150-160 bar (specific models listed below)<\/p>\n<p class=\"def\">Compatible with AVA magnifying lances, AVA flexible lances and AVA telescopic lances<\/p>\n<p class=\"def\">High cutting force<\/p>\n<p class=\"def\">Quick clamping system for immediate assembly<\/p>\n<p class=\"def\">Made of highly durable materials for maximum durability<\/p>\n<p class=\"def\">\u00a0<\/p>\n<p class=\"def\">Compatible with:<\/p>\n<p class=\"def\">AVA Smart P60<\/p>\n<p class=\"def\">AVA Master P70<\/p>\n<p class=\"def\">AVA Master P80<\/p>\n<p class=\"def\">AVA Evolution P70<\/p>\n<p class=\"def\">AVA Evolution P80<\/p>\n<p class=\"def\">\u00a0<\/p>\n<p class=\"def\">Package contents AVA 25\u00b0 P70-P80 nozzle:<\/p>\n<p class=\"def\">1x end nozzle<\/p>","protected":false},"excerpt":{"rendered":"<p>Dysza AVA 25\u00b0 P70-P80 to dysza do pistoletu spustowego lub przystawki do myjek ci\u015bnieniowych AVA o ci\u015bnieniu 150-160 bar. Dysza AVA 25\u00b0 jest idealna do czyszczenia \u0142odzi lub samochodu, kt\u00f3re wymagaj\u0105 silnego czyszczenia. Jest wystarczaj\u0105co skuteczna, aby usun\u0105\u0107 algi, wodorosty, kurz i brud, a jednocze\u015bnie wystarczaj\u0105co delikatna dla powierzchni \u0142odzi lub pojazdu. Przesu\u0144 dysz\u0119 bli\u017cej,&hellip;&nbsp;<a href=\"https:\/\/liquidmaster.pl\/en\/ava-25-nozzle-p70-p80\/\" rel=\"bookmark\">Read More \u00bb<span class=\"screen-reader-text\">AVA 25 Nozzles P70-P80<\/span><\/a><\/p>","protected":false},"featured_media":1847625,"comment_status":"open","ping_status":"open","template":"","meta":{"neve_meta_sidebar":"","neve_meta_container":"","neve_meta_enable_content_width":"","neve_meta_content_width":0,"neve_meta_title_alignment":"","neve_meta_author_avatar":"","neve_post_elements_order":"","neve_meta_disable_header":"","neve_meta_disable_footer":"","neve_meta_disable_title":"","_themeisle_gutenberg_block_has_review":false},"product_brand":[],"product_cat":[757,892,846],"product_tag":[599],"class_list":{"0":"post-1804595","1":"product","2":"type-product","3":"status-publish","4":"has-post-thumbnail","6":"product_cat-akcesoria","7":"product_cat-myjki-cisnieniowe","8":"product_cat-reszta","9":"product_tag-ava","11":"first","12":"outofstock","13":"taxable","14":"shipping-taxable","15":"purchasable","16":"product-type-simple"},"_links":{"self":[{"href":"https:\/\/liquidmaster.pl\/en\/wp-json\/wp\/v2\/product\/1804595","targetHints":{"allow":["GET"]}}],"collection":[{"href":"https:\/\/liquidmaster.pl\/en\/wp-json\/wp\/v2\/product"}],"about":[{"href":"https:\/\/liquidmaster.pl\/en\/wp-json\/wp\/v2\/types\/product"}],"replies":[{"embeddable":true,"href":"https:\/\/liquidmaster.pl\/en\/wp-json\/wp\/v2\/comments?post=1804595"}],"wp:featuredmedia":[{"embeddable":true,"href":"https:\/\/liquidmaster.pl\/en\/wp-json\/wp\/v2\/media\/1847625"}],"wp:attachment":[{"href":"https:\/\/liquidmaster.pl\/en\/wp-json\/wp\/v2\/media?parent=1804595"}],"wp:term":[{"taxonomy":"product_brand","embeddable":true,"href":"https:\/\/liquidmaster.pl\/en\/wp-json\/wp\/v2\/product_brand?post=1804595"},{"taxonomy":"product_cat","embeddable":true,"href":"https:\/\/liquidmaster.pl\/en\/wp-json\/wp\/v2\/product_cat?post=1804595"},{"taxonomy":"product_tag","embeddable":true,"href":"https:\/\/liquidmaster.pl\/en\/wp-json\/wp\/v2\/product_tag?post=1804595"}],"curies":[{"name":"wp","href":"https:\/\/api.w.org\/{rel}","templated":true}]}}