{"id":1804577,"date":"2025-03-28T14:30:04","date_gmt":"2025-03-28T12:30:04","guid":{"rendered":"https:\/\/liquidmaster.pl\/meguiars-supreme-angled-wheel-brush-szczotka-do-czyszczenia-felg-z-mikrofibry\/"},"modified":"2026-04-18T04:33:00","modified_gmt":"2026-04-18T02:33:00","slug":"meguiars-supreme-angled-wheel-brush-szczotka-do-czyszczenia-felg-z-mikrofibry","status":"publish","type":"product","link":"https:\/\/liquidmaster.pl\/en\/meguiars-supreme-angled-wheel-brush-szczotka-do-czyszczenia-felg-z-mikrofibry\/","title":{"rendered":"Meguiar&#039;s Supreme Angled Wheel Brush - a brush for cleaning microfiber wheels"},"content":{"rendered":"<p>Meguiar&#039;s Supreme Angled Wheel Brush Large<\/p>\n<p>Meguiar&#039;s Supreme Angled Wheel Brush - Large has a thick, curved microfiber head with excellent cleaning properties and is completely safe for all types of rims. Perfect for cleaning all wheel surfaces and long enough to reach the back of the rim for show car-level results. Meguiar&#039;s Supreme Angled Wheel Brush is not made of wire or other metal parts - a common reason for potential damage to wheels. The dense microfiber bristles clean effectively and at the same time are gentle on the rims. Efficiently removes dirt thanks to the highly absorbent microfiber head, facilitates access to all nooks and crannies and is safe for all surfaces and rim surfaces.<\/p>\n<p>COMPLETELY SAFE: Safe cleaning of all types of rims, including aluminum, painted and chrome; the brush has no metal elements<br \/>\nMICROFIBER HEAD: Dense microfiber bristles; cleans gently and effectively<br \/>\nSOLID HANDLE: Premium uniform, curved handle for excellent durability<br \/>\nFOR BEST RESULTS: Use with Meguiar&#039;s Ultimate All Wheel Cleaner<br \/>\nMaintenance: After use, rinse thoroughly with water to remove any remaining dirt and rim cleaner. Leave to dry.<\/p>\n<p>Warning: Do not use with HOT water above 40C<\/p>","protected":false},"excerpt":{"rendered":"<p>Meguiar&#8217;s Supreme Angled Wheel Brush Large Szczotka do felg Meguiar\u2019s Supreme Angled Wheel Brush \u2013 Large ma grub\u0105, zakrzywion\u0105 g\u0142owic\u0119 z mikrofibry o doskona\u0142ych w\u0142a\u015bciwo\u015bciach czyszcz\u0105cych i jest ca\u0142kowicie bezpieczna dla wszystkich rodzaj\u00f3w felg. Idealna do czyszczenia wszelkich powierzchni k\u00f3\u0142 i wystarczaj\u0105co d\u0142uga, aby si\u0119gn\u0105\u0107 do tylnej cz\u0119\u015bci obr\u0119czy dla uzyskania rezultatu na poziomie samochodu&hellip;&nbsp;<a href=\"https:\/\/liquidmaster.pl\/en\/meguiars-supreme-angled-wheel-brush-szczotka-do-czyszczenia-felg-z-mikrofibry\/\" rel=\"bookmark\">Read More \u00bb<span class=\"screen-reader-text\">Meguiar&#039;s Supreme Angled Wheel Brush - a brush for cleaning microfiber wheels<\/span><\/a><\/p>","protected":false},"featured_media":1847613,"comment_status":"open","ping_status":"open","template":"","meta":{"neve_meta_sidebar":"","neve_meta_container":"","neve_meta_enable_content_width":"","neve_meta_content_width":0,"neve_meta_title_alignment":"","neve_meta_author_avatar":"","neve_post_elements_order":"","neve_meta_disable_header":"","neve_meta_disable_footer":"","neve_meta_disable_title":"","_themeisle_gutenberg_block_has_review":false},"product_brand":[],"product_cat":[757,911,777],"product_tag":[322],"class_list":{"0":"post-1804577","1":"product","2":"type-product","3":"status-publish","4":"has-post-thumbnail","6":"product_cat-akcesoria","7":"product_cat-do-kol","8":"product_cat-szczotki-i-pedzelki","9":"product_tag-meguiars","11":"first","12":"instock","13":"taxable","14":"shipping-taxable","15":"purchasable","16":"product-type-simple"},"_links":{"self":[{"href":"https:\/\/liquidmaster.pl\/en\/wp-json\/wp\/v2\/product\/1804577","targetHints":{"allow":["GET"]}}],"collection":[{"href":"https:\/\/liquidmaster.pl\/en\/wp-json\/wp\/v2\/product"}],"about":[{"href":"https:\/\/liquidmaster.pl\/en\/wp-json\/wp\/v2\/types\/product"}],"replies":[{"embeddable":true,"href":"https:\/\/liquidmaster.pl\/en\/wp-json\/wp\/v2\/comments?post=1804577"}],"wp:featuredmedia":[{"embeddable":true,"href":"https:\/\/liquidmaster.pl\/en\/wp-json\/wp\/v2\/media\/1847613"}],"wp:attachment":[{"href":"https:\/\/liquidmaster.pl\/en\/wp-json\/wp\/v2\/media?parent=1804577"}],"wp:term":[{"taxonomy":"product_brand","embeddable":true,"href":"https:\/\/liquidmaster.pl\/en\/wp-json\/wp\/v2\/product_brand?post=1804577"},{"taxonomy":"product_cat","embeddable":true,"href":"https:\/\/liquidmaster.pl\/en\/wp-json\/wp\/v2\/product_cat?post=1804577"},{"taxonomy":"product_tag","embeddable":true,"href":"https:\/\/liquidmaster.pl\/en\/wp-json\/wp\/v2\/product_tag?post=1804577"}],"curies":[{"name":"wp","href":"https:\/\/api.w.org\/{rel}","templated":true}]}}