{"id":1804563,"date":"2025-03-28T14:28:28","date_gmt":"2025-03-28T12:28:28","guid":{"rendered":"https:\/\/liquidmaster.pl\/ultracoat-ceramic-breeze-100ml-powloka-na-lodzie-i-jachty\/"},"modified":"2026-04-21T08:12:58","modified_gmt":"2026-04-21T06:12:58","slug":"ultracoat-ceramic-breeze-100ml-powloka-na-lodzie-i-jachty","status":"publish","type":"product","link":"https:\/\/liquidmaster.pl\/en\/ultracoat-ceramic-breeze-100ml-powloka-na-lodzie-i-jachty\/","title":{"rendered":"Ultracoat Ceramic Breeze 100ml - coating for boats and yachts"},"content":{"rendered":"<p>Ahoy! We present a new, revolutionary ceramic coating for all boat and yacht owners who love it when their ships shine beautifully and are protected!<\/p>\n<p>Ultracoat Ceramic Breeze is based on the same technology we use in our other premium ceramic coatings, but is specially adapted to gelcoats and the entire surface of the boat that is in contact with water for a long time.<\/p>\n<p>Your yacht will be protected against severe weather conditions. In our tests in difficult Norwegian waters, after applying 2 layers of coating, the ship&#039;s hull remained intact for 2 (!) seasons.<\/p>\n<p>Gelcoat, due to its porosity, is more susceptible to oxidation and contamination than traditional car paint. To prevent them, it needs an additional, reliable protective layer, which Ceramic Breeze provides.\u00a0<\/p>\n<p>Thanks to Ultracoat Ceramic Breeze, you will forget about difficult-to-remove oil stains on the hull and you will enjoy the beautiful shine and depth of color of your boat. You get excellent protection against oxidation, weather conditions, algae and harmful UV radiation for free.<\/p>\n<p>Sails up!<\/p>\n<ul>\n<li>Perfect gloss of the gelcoat surface<\/li>\n<li>Very easy application<\/li>\n<li>Very simple care<\/li>\n<li>Bottle capacity 35m2<\/li>\n<\/ul>\n<p>Application method:<\/p>\n<li>Wash the hull thoroughly using Ultracoat Master Wash and Shampoo+. Make sure the surface is completely clean and dry.<\/li>\n<li>Polish the surface until you achieve a perfect finish.<\/li>\n<li>Degrease the surface with Ultracoat Finest Wipe.<\/li>\n<li>Apply a thick layer of Ceramic Breeze in a criss-cross manner to approximately 1 m2 of surface at a time.<\/li>\n<li>Wait approximately 1 minute and gently remove most of the product with a microfiber cloth. Then use a clean microfiber to wipe away any remaining coating for a perfect finish.<\/li>\n<li>Leave the coating to cure for at least 24 hours. During this time, the coating should not come into contact with water or chemicals<\/li>\n<p>Tips:<\/p>\n<ul>\n<li>Remove old waxes, sealants and coatings from the surface.\u00a0<\/li>\n<li>Do not apply the coating in direct sunlight.<\/li>\n<li>Avoid working at temperatures above 30 degrees.<\/li>\n<li>Always use new microfiber cloths. You should have enough of them to change them frequently during application.<\/li>\n<li>Apply in small areas. We recommend dividing the panels into 1 m2 sections to ensure safe and easy application.<\/li>\n<li>Apply in appropriate lighting.<\/li>\n<li>The coating needs min. 24 hours until fully hardened.<\/li>\n<\/ul>","protected":false},"excerpt":{"rendered":"<p>Ahoj! Przedstawiamy now\u0105, rewolucyjn\u0105 pow\u0142ok\u0119 ceramiczn\u0105 dla wszystkich w\u0142a\u015bcicieli \u0142odzi i jacht\u00f3w, kt\u00f3rzy uwielbiaj\u0105, gdy ich statki pi\u0119knie si\u0119 b\u0142yszcz\u0105 i s\u0105 zabezpieczone! Ultracoat Ceramic Breeze bazuje na tej samej technologii, z kt\u00f3rej korzystamy w naszych pozosta\u0142ych pow\u0142okach ceramicznych klasy premium, ale jest specjalnie dostosowany do \u017celkot\u00f3w i do ca\u0142ej powierzchni \u0142odzi, kt\u00f3ra ma kontakt&hellip;&nbsp;<a href=\"https:\/\/liquidmaster.pl\/en\/ultracoat-ceramic-breeze-100ml-powloka-na-lodzie-i-jachty\/\" rel=\"bookmark\">Read More \u00bb<span class=\"screen-reader-text\">Ultracoat Ceramic Breeze 100ml - coating for boats and yachts<\/span><\/a><\/p>","protected":false},"featured_media":1847606,"comment_status":"open","ping_status":"open","template":"","meta":{"neve_meta_sidebar":"","neve_meta_container":"","neve_meta_enable_content_width":"","neve_meta_content_width":0,"neve_meta_title_alignment":"","neve_meta_author_avatar":"","neve_post_elements_order":"","neve_meta_disable_header":"","neve_meta_disable_footer":"","neve_meta_disable_title":"","_themeisle_gutenberg_block_has_review":false},"product_brand":[],"product_cat":[733,766,775],"product_tag":[372],"class_list":{"0":"post-1804563","1":"product","2":"type-product","3":"status-publish","4":"has-post-thumbnail","6":"product_cat-na-zewnatrz","7":"product_cat-ochrona-lakieru","8":"product_cat-powloki-ceramiczne","9":"product_tag-ultracoat","11":"first","12":"outofstock","13":"taxable","14":"shipping-taxable","15":"purchasable","16":"product-type-simple"},"_links":{"self":[{"href":"https:\/\/liquidmaster.pl\/en\/wp-json\/wp\/v2\/product\/1804563","targetHints":{"allow":["GET"]}}],"collection":[{"href":"https:\/\/liquidmaster.pl\/en\/wp-json\/wp\/v2\/product"}],"about":[{"href":"https:\/\/liquidmaster.pl\/en\/wp-json\/wp\/v2\/types\/product"}],"replies":[{"embeddable":true,"href":"https:\/\/liquidmaster.pl\/en\/wp-json\/wp\/v2\/comments?post=1804563"}],"wp:featuredmedia":[{"embeddable":true,"href":"https:\/\/liquidmaster.pl\/en\/wp-json\/wp\/v2\/media\/1847606"}],"wp:attachment":[{"href":"https:\/\/liquidmaster.pl\/en\/wp-json\/wp\/v2\/media?parent=1804563"}],"wp:term":[{"taxonomy":"product_brand","embeddable":true,"href":"https:\/\/liquidmaster.pl\/en\/wp-json\/wp\/v2\/product_brand?post=1804563"},{"taxonomy":"product_cat","embeddable":true,"href":"https:\/\/liquidmaster.pl\/en\/wp-json\/wp\/v2\/product_cat?post=1804563"},{"taxonomy":"product_tag","embeddable":true,"href":"https:\/\/liquidmaster.pl\/en\/wp-json\/wp\/v2\/product_tag?post=1804563"}],"curies":[{"name":"wp","href":"https:\/\/api.w.org\/{rel}","templated":true}]}}