{"id":1804557,"date":"2025-03-28T14:28:04","date_gmt":"2025-03-28T12:28:04","guid":{"rendered":"https:\/\/liquidmaster.pl\/work-stuff-detailing-brush-grey-24mm-pedzelek-detailingowy-z-syntetycznym-wlosiem-24mm\/"},"modified":"2026-04-20T08:11:58","modified_gmt":"2026-04-20T06:11:58","slug":"work-stuff-detailing-brush-grey-24mm-pedzelek-detailingowy-z-syntetycznym-wlosiem-24mm","status":"publish","type":"product","link":"https:\/\/liquidmaster.pl\/en\/work-stuff-detailing-brush-grey-24mm-pedzelek-detailingowy-z-syntetycznym-wlosiem-24mm\/","title":{"rendered":"Work Stuff Detailing Brush Gray 24mm - detailing brush with synthetic bristles 24mm"},"content":{"rendered":"<p>Work Stuff Detailing Brush Gray \u2013 a high-quality detailing brush for cleaning the exterior and interior of the car.<\/p>\n<p>The most important features:<\/p>\n<ul>\n<li>High quality,<\/li>\n<li>plastic cap,<\/li>\n<li>Very dense and delicate bristles (fully synthetic),<\/li>\n<li>Full, double lacquered shaft,<\/li>\n<\/ul>\n<p>Size: 24mm<\/p>","protected":false},"excerpt":{"rendered":"<p>Work Stuff Detailing Brush Grey\u00a0\u2013 to wysokiej jako\u015bci p\u0119dzelek detailingowy do czyszczenia element\u00f3w zewn\u0119trznych i wewn\u0119trznych samochodu. Najwa\u017cniejsze cechy: Wysoka jako\u015b\u0107, Plastikowa skuwka, Bardzo g\u0119ste i delikatne w\u0142osie (w pe\u0142ni syntetyczne), Pe\u0142ny, podw\u00f3jnie lakierowany trzonek, Rozmiar:\u00a024 mm<\/p>","protected":false},"featured_media":1847602,"comment_status":"open","ping_status":"open","template":"","meta":{"neve_meta_sidebar":"","neve_meta_container":"","neve_meta_enable_content_width":"","neve_meta_content_width":0,"neve_meta_title_alignment":"","neve_meta_author_avatar":"","neve_post_elements_order":"","neve_meta_disable_header":"","neve_meta_disable_footer":"","neve_meta_disable_title":"","_themeisle_gutenberg_block_has_review":false},"product_brand":[],"product_cat":[757,778,777],"product_tag":[381],"class_list":{"0":"post-1804557","1":"product","2":"type-product","3":"status-publish","4":"has-post-thumbnail","6":"product_cat-akcesoria","7":"product_cat-do-plastikow-wewnetrznych","8":"product_cat-szczotki-i-pedzelki","9":"product_tag-work-stuff","11":"first","12":"instock","13":"taxable","14":"shipping-taxable","15":"purchasable","16":"product-type-simple"},"_links":{"self":[{"href":"https:\/\/liquidmaster.pl\/en\/wp-json\/wp\/v2\/product\/1804557","targetHints":{"allow":["GET"]}}],"collection":[{"href":"https:\/\/liquidmaster.pl\/en\/wp-json\/wp\/v2\/product"}],"about":[{"href":"https:\/\/liquidmaster.pl\/en\/wp-json\/wp\/v2\/types\/product"}],"replies":[{"embeddable":true,"href":"https:\/\/liquidmaster.pl\/en\/wp-json\/wp\/v2\/comments?post=1804557"}],"wp:featuredmedia":[{"embeddable":true,"href":"https:\/\/liquidmaster.pl\/en\/wp-json\/wp\/v2\/media\/1847602"}],"wp:attachment":[{"href":"https:\/\/liquidmaster.pl\/en\/wp-json\/wp\/v2\/media?parent=1804557"}],"wp:term":[{"taxonomy":"product_brand","embeddable":true,"href":"https:\/\/liquidmaster.pl\/en\/wp-json\/wp\/v2\/product_brand?post=1804557"},{"taxonomy":"product_cat","embeddable":true,"href":"https:\/\/liquidmaster.pl\/en\/wp-json\/wp\/v2\/product_cat?post=1804557"},{"taxonomy":"product_tag","embeddable":true,"href":"https:\/\/liquidmaster.pl\/en\/wp-json\/wp\/v2\/product_tag?post=1804557"}],"curies":[{"name":"wp","href":"https:\/\/api.w.org\/{rel}","templated":true}]}}