{"id":1804552,"date":"2025-03-28T14:28:04","date_gmt":"2025-03-28T12:28:04","guid":{"rendered":"https:\/\/liquidmaster.pl\/work-stuff-detailing-brush-short-30mm-pedzelek-detailingowy-30mm\/"},"modified":"2026-04-20T08:11:57","modified_gmt":"2026-04-20T06:11:57","slug":"work-stuff-detailing-brush-short-30mm-pedzelek-detailingowy-30mm","status":"publish","type":"product","link":"https:\/\/liquidmaster.pl\/en\/work-stuff-detailing-brush-short-30mm-pedzelek-detailingowy-30mm\/","title":{"rendered":"Work Stuff Detailing Brush Short 30mm - 30mm detailing brush"},"content":{"rendered":"<p class=\"text-justify\">Detailing Brush Short is a brush with a wide range of applications. This time, thanks to the smaller dimensions, the brush has become more compact, thanks to which the field of its application has expanded. From now on, thanks to the Detailing Brush Short, it has become possible to clean extremely small details and places with extremely limited access.\u00a0<\/p>\n<p class=\"text-justify\">Size: 30mm<\/p>","protected":false},"excerpt":{"rendered":"<p>Detailing Brush Short\u00a0to p\u0119dzel o szerokiej gamie zastosowa\u0144. Tym razem dzi\u0119ki mniejszym wymiarom p\u0119dzel sta\u0142 si\u0119 bardziej kompaktowy dzi\u0119ki czemu poszerzy\u0142o si\u0119 pole jego zastosowa\u0144. Od teraz dzi\u0119ki\u00a0Detailing Brush Short\u00a0mo\u017cliwe sta\u0142o si\u0119 wyczyszczenie wyj\u0105tkowo ma\u0142y detali i miejsc z wybitnie ograniczonym dost\u0119pem.\u00a0 Rozmiar: 30mm<\/p>","protected":false},"featured_media":1847598,"comment_status":"open","ping_status":"open","template":"","meta":{"neve_meta_sidebar":"","neve_meta_container":"","neve_meta_enable_content_width":"","neve_meta_content_width":0,"neve_meta_title_alignment":"","neve_meta_author_avatar":"","neve_post_elements_order":"","neve_meta_disable_header":"","neve_meta_disable_footer":"","neve_meta_disable_title":"","_themeisle_gutenberg_block_has_review":false},"product_brand":[],"product_cat":[757,778,777],"product_tag":[381],"class_list":{"0":"post-1804552","1":"product","2":"type-product","3":"status-publish","4":"has-post-thumbnail","6":"product_cat-akcesoria","7":"product_cat-do-plastikow-wewnetrznych","8":"product_cat-szczotki-i-pedzelki","9":"product_tag-work-stuff","11":"first","12":"instock","13":"taxable","14":"shipping-taxable","15":"purchasable","16":"product-type-simple"},"_links":{"self":[{"href":"https:\/\/liquidmaster.pl\/en\/wp-json\/wp\/v2\/product\/1804552","targetHints":{"allow":["GET"]}}],"collection":[{"href":"https:\/\/liquidmaster.pl\/en\/wp-json\/wp\/v2\/product"}],"about":[{"href":"https:\/\/liquidmaster.pl\/en\/wp-json\/wp\/v2\/types\/product"}],"replies":[{"embeddable":true,"href":"https:\/\/liquidmaster.pl\/en\/wp-json\/wp\/v2\/comments?post=1804552"}],"wp:featuredmedia":[{"embeddable":true,"href":"https:\/\/liquidmaster.pl\/en\/wp-json\/wp\/v2\/media\/1847598"}],"wp:attachment":[{"href":"https:\/\/liquidmaster.pl\/en\/wp-json\/wp\/v2\/media?parent=1804552"}],"wp:term":[{"taxonomy":"product_brand","embeddable":true,"href":"https:\/\/liquidmaster.pl\/en\/wp-json\/wp\/v2\/product_brand?post=1804552"},{"taxonomy":"product_cat","embeddable":true,"href":"https:\/\/liquidmaster.pl\/en\/wp-json\/wp\/v2\/product_cat?post=1804552"},{"taxonomy":"product_tag","embeddable":true,"href":"https:\/\/liquidmaster.pl\/en\/wp-json\/wp\/v2\/product_tag?post=1804552"}],"curies":[{"name":"wp","href":"https:\/\/api.w.org\/{rel}","templated":true}]}}