{"id":1804523,"date":"2025-03-28T14:24:57","date_gmt":"2025-03-28T12:24:57","guid":{"rendered":"https:\/\/liquidmaster.pl\/koch-chemie-gentle-snow-foam-piana-aktywna-neutralne-ph-1l\/"},"modified":"2026-04-18T04:25:50","modified_gmt":"2026-04-18T02:25:50","slug":"koch-chemie-gentle-snow-foam-piana-aktywna-neutralne-ph-1l","status":"publish","type":"product","link":"https:\/\/liquidmaster.pl\/en\/koch-chemie-gentle-snow-foam-piana-aktywna-neutralne-ph-1l\/","title":{"rendered":"Koch Chemie Gentle Snow Foam - active foam neutral pH 1L"},"content":{"rendered":"<p>Koch Chemie Gsf Gentle Snow Foam is a highly foaming, active foam with a neutral pH and a unique cherry scent. It can be used both as Snow Foam for pre-washing using a manual foamer or a properly equipped pressure washer, as well as as a shampoo for manual vehicle washing. Gentle Snow Foam creates an even, highly wetting layer of foam that stays on the surface for a long time, enabling long-lasting effects. The neutral pH allows the foam to be applied to varnish that has been protected with wax or various types of coatings. For persistent dirt and to remove dead insects, Gentle Snow Foam can be supplemented with Green Star.<\/p>\n<p>Usage:<\/p>\n<p>Snow Foam: add approx. 20 ml of Snow Foam to 1 liter of water and spray the vehicle with a foam gun. If necessary, wash with a washing glove and rinse with water. Hand washing: add 50 ml of SnowFoam to 10 liters of water, wash the vehicle with a washing glove and rinse with water. It is also suitable for washing with a pressure washer. Active foam: add 10\u201330 ml of Green Star to the previously prepared Snow Foam solution<\/p>","protected":false},"excerpt":{"rendered":"<p>Koch Chemie Gsf Gentle Snow Foam to silnie pieni\u0105ca, aktywna piana o neutralnym pH i wyj\u0105tkowym wi\u015bniowym zapachu mo\u017ce by\u0107 stosowana zar\u00f3wno jako Snow Foam do mycia wst\u0119pnego przy u\u017cyciu r\u0119cznej pianownicy lub odpowiednio wyposa\u017conej myjki ci\u015bnieniowej, jak r\u00f3wnie\u017c jako szampon do r\u0119cznego mycia pojazd\u00f3w. Gentle Snow Foam tworzy r\u00f3wnomiern\u0105, silnie zwil\u017caj\u0105c\u0105 warstw\u0119 piany, kt\u00f3ra&hellip;&nbsp;<a href=\"https:\/\/liquidmaster.pl\/en\/koch-chemie-gentle-snow-foam-piana-aktywna-neutralne-ph-1l\/\" rel=\"bookmark\">Read More \u00bb<span class=\"screen-reader-text\">Koch Chemie Gentle Snow Foam - active foam neutral pH 1L<\/span><\/a><\/p>","protected":false},"featured_media":1846608,"comment_status":"open","ping_status":"open","template":"","meta":{"neve_meta_sidebar":"","neve_meta_container":"","neve_meta_enable_content_width":"","neve_meta_content_width":0,"neve_meta_title_alignment":"","neve_meta_author_avatar":"","neve_post_elements_order":"","neve_meta_disable_header":"","neve_meta_disable_footer":"","neve_meta_disable_title":"","_themeisle_gutenberg_block_has_review":false},"product_brand":[],"product_cat":[734,733,753],"product_tag":[313],"class_list":{"0":"post-1804523","1":"product","2":"type-product","3":"status-publish","4":"has-post-thumbnail","6":"product_cat-mycie-i-osuszanie","7":"product_cat-na-zewnatrz","8":"product_cat-piany-aktywne-i-pianownice","9":"product_tag-koch-chemie","11":"first","12":"instock","13":"taxable","14":"shipping-taxable","15":"purchasable","16":"product-type-simple"},"_links":{"self":[{"href":"https:\/\/liquidmaster.pl\/en\/wp-json\/wp\/v2\/product\/1804523","targetHints":{"allow":["GET"]}}],"collection":[{"href":"https:\/\/liquidmaster.pl\/en\/wp-json\/wp\/v2\/product"}],"about":[{"href":"https:\/\/liquidmaster.pl\/en\/wp-json\/wp\/v2\/types\/product"}],"replies":[{"embeddable":true,"href":"https:\/\/liquidmaster.pl\/en\/wp-json\/wp\/v2\/comments?post=1804523"}],"wp:featuredmedia":[{"embeddable":true,"href":"https:\/\/liquidmaster.pl\/en\/wp-json\/wp\/v2\/media\/1846608"}],"wp:attachment":[{"href":"https:\/\/liquidmaster.pl\/en\/wp-json\/wp\/v2\/media?parent=1804523"}],"wp:term":[{"taxonomy":"product_brand","embeddable":true,"href":"https:\/\/liquidmaster.pl\/en\/wp-json\/wp\/v2\/product_brand?post=1804523"},{"taxonomy":"product_cat","embeddable":true,"href":"https:\/\/liquidmaster.pl\/en\/wp-json\/wp\/v2\/product_cat?post=1804523"},{"taxonomy":"product_tag","embeddable":true,"href":"https:\/\/liquidmaster.pl\/en\/wp-json\/wp\/v2\/product_tag?post=1804523"}],"curies":[{"name":"wp","href":"https:\/\/api.w.org\/{rel}","templated":true}]}}