{"id":1804521,"date":"2025-03-28T14:24:48","date_gmt":"2025-03-28T12:24:48","guid":{"rendered":"https:\/\/liquidmaster.pl\/adbl-wheel-protect-set-zestaw-do-zabezpieczenia-felg-i-opon\/"},"modified":"2026-04-20T08:11:51","modified_gmt":"2026-04-20T06:11:51","slug":"adbl-wheel-protect-set-zestaw-do-zabezpieczenia-felg-i-opon","status":"publish","type":"product","link":"https:\/\/liquidmaster.pl\/en\/adbl-wheel-protect-set-zestaw-do-zabezpieczenia-felg-i-opon\/","title":{"rendered":"ADBL Wheel Protect Set - a set for protecting rims and tires"},"content":{"rendered":"<p>ADBL Wheel Protect Set \u2013 a set of three products that will help you quickly and easily protect tires and rims in your car. ADBL RIMTECTOR is an extremely effective and easy-to-use product for protecting painted rims. Used after each wash, it creates a protective barrier that prevents dirt from accumulating permanently, making subsequent washing easier and faster. After wet application, it tightly covers the rim, giving it a shine without the risk of unsightly marks. The product stays on the rim for up to several weeks, depending on weather conditions and the cleaning agents used. ADBL TIRE DRESSING together with ADBL ONE SHOT TIRE PAD will restore the factory appearance of the tires. After just one application, we get a darkening effect, a satin shine and protection against dirt, water and UV radiation.<\/p>\n<p>Set contains:<\/p>\n<ul>\n<li>1x ADBL Rimtector 500 ml<\/li>\n<li>1x ADBL Tire Dressing 500 ml<\/li>\n<li>1x ADBL One Shot Tire Pad<\/li>\n<\/ul>\n<p>\u00a0<\/p>\n<p>\u00a0<\/p>","protected":false},"excerpt":{"rendered":"<p>ADBL Wheel Protect Set \u2013 to zestaw trzech produkt\u00f3w, dzi\u0119ki kt\u00f3rym \u0142atwo i szybko zabezpieczysz opony i felgi w swoim aucie. ADBL RIMTECTOR to wyj\u0105tkowo skuteczny i prosty w u\u017cyciu produkt do zabezpieczenia lakierowanych felg. U\u017cywany po ka\u017cdym myciu, tworzy barier\u0119 ochronn\u0105, zapobiegaj\u0105c\u0105 trwa\u0142emu osadzaniu si\u0119 zabrudze\u0144, przez co kolejne mycie staje si\u0119 \u0142atwiejsze i&hellip;&nbsp;<a href=\"https:\/\/liquidmaster.pl\/en\/adbl-wheel-protect-set-zestaw-do-zabezpieczenia-felg-i-opon\/\" rel=\"bookmark\">Read More \u00bb<span class=\"screen-reader-text\">ADBL Wheel Protect Set - a set for protecting rims and tires<\/span><\/a><\/p>","protected":false},"featured_media":1847580,"comment_status":"open","ping_status":"open","template":"","meta":{"neve_meta_sidebar":"","neve_meta_container":"","neve_meta_enable_content_width":"","neve_meta_content_width":0,"neve_meta_title_alignment":"","neve_meta_author_avatar":"","neve_post_elements_order":"","neve_meta_disable_header":"","neve_meta_disable_footer":"","neve_meta_disable_title":"","_themeisle_gutenberg_block_has_review":false},"product_brand":[],"product_cat":[733,816,768,829],"product_tag":[258],"class_list":{"0":"post-1804521","1":"product","2":"type-product","3":"status-publish","4":"has-post-thumbnail","6":"product_cat-na-zewnatrz","7":"product_cat-tapicerka-skorzana","8":"product_cat-wnetrze-auta","9":"product_cat-zestawy","10":"product_tag-adbl","12":"first","13":"instock","14":"taxable","15":"shipping-taxable","16":"purchasable","17":"product-type-simple"},"_links":{"self":[{"href":"https:\/\/liquidmaster.pl\/en\/wp-json\/wp\/v2\/product\/1804521","targetHints":{"allow":["GET"]}}],"collection":[{"href":"https:\/\/liquidmaster.pl\/en\/wp-json\/wp\/v2\/product"}],"about":[{"href":"https:\/\/liquidmaster.pl\/en\/wp-json\/wp\/v2\/types\/product"}],"replies":[{"embeddable":true,"href":"https:\/\/liquidmaster.pl\/en\/wp-json\/wp\/v2\/comments?post=1804521"}],"wp:featuredmedia":[{"embeddable":true,"href":"https:\/\/liquidmaster.pl\/en\/wp-json\/wp\/v2\/media\/1847580"}],"wp:attachment":[{"href":"https:\/\/liquidmaster.pl\/en\/wp-json\/wp\/v2\/media?parent=1804521"}],"wp:term":[{"taxonomy":"product_brand","embeddable":true,"href":"https:\/\/liquidmaster.pl\/en\/wp-json\/wp\/v2\/product_brand?post=1804521"},{"taxonomy":"product_cat","embeddable":true,"href":"https:\/\/liquidmaster.pl\/en\/wp-json\/wp\/v2\/product_cat?post=1804521"},{"taxonomy":"product_tag","embeddable":true,"href":"https:\/\/liquidmaster.pl\/en\/wp-json\/wp\/v2\/product_tag?post=1804521"}],"curies":[{"name":"wp","href":"https:\/\/api.w.org\/{rel}","templated":true}]}}