{"id":1804495,"date":"2025-03-28T14:22:50","date_gmt":"2025-03-28T12:22:50","guid":{"rendered":"https:\/\/liquidmaster.pl\/evoxa-sleeker-wool-dapple-horse-130-150\/"},"modified":"2026-04-18T04:32:47","modified_gmt":"2026-04-18T02:32:47","slug":"evoxa-sleeker-wool-dapple-horse-130-150","status":"publish","type":"product","link":"https:\/\/liquidmaster.pl\/en\/evoxa-sleeker-wool-dapple-horse-130150\/","title":{"rendered":"Evoxa Sleeker Wool Dapple Horse 130\/150"},"content":{"rendered":"<p>EVOXA Sleeker \u2013 Wool Dapple Horse 130\/150 \u2013 polishing pad<\/p>\n<p>Polishing fur designed for quick cutting of heavily scratched paints of size 130\/150 mm. Can be used on both Dual-Action machines and rotary machines. Short bristles (100% natural wool) facilitate cleaning while working.<\/p>","protected":false},"excerpt":{"rendered":"<p>EVOXA Sleeker &#8211; Wool Dapple Horse 130\/150 &#8211; pad polerski Futro polerskie przeznaczone do szybkiego ci\u0119cia mocno zarysowanych lakier\u00f3w o rozmiarze 130\/150 mm. Mo\u017cna stosowa\u0107 zar\u00f3wno na maszynach typu Dual-Action jak i na maszynach rotacyjnych. Kr\u00f3tkie w\u0142osie (100% naturalnej we\u0142ny) u\u0142atwia czyszczenia podczas pracy.<\/p>","protected":false},"featured_media":1847565,"comment_status":"open","ping_status":"open","template":"","meta":{"neve_meta_sidebar":"","neve_meta_container":"","neve_meta_enable_content_width":"","neve_meta_content_width":0,"neve_meta_title_alignment":"","neve_meta_author_avatar":"","neve_post_elements_order":"","neve_meta_disable_header":"","neve_meta_disable_footer":"","neve_meta_disable_title":"","_themeisle_gutenberg_block_has_review":false},"product_brand":[],"product_cat":[840,822,748],"product_tag":[290],"class_list":{"0":"post-1804495","1":"product","2":"type-product","3":"status-publish","4":"has-post-thumbnail","6":"product_cat-futra-polerskie","7":"product_cat-pady-polerskie","8":"product_cat-polerowanie","9":"product_tag-evoxa","11":"first","12":"instock","13":"taxable","14":"shipping-taxable","15":"purchasable","16":"product-type-simple"},"_links":{"self":[{"href":"https:\/\/liquidmaster.pl\/en\/wp-json\/wp\/v2\/product\/1804495","targetHints":{"allow":["GET"]}}],"collection":[{"href":"https:\/\/liquidmaster.pl\/en\/wp-json\/wp\/v2\/product"}],"about":[{"href":"https:\/\/liquidmaster.pl\/en\/wp-json\/wp\/v2\/types\/product"}],"replies":[{"embeddable":true,"href":"https:\/\/liquidmaster.pl\/en\/wp-json\/wp\/v2\/comments?post=1804495"}],"wp:featuredmedia":[{"embeddable":true,"href":"https:\/\/liquidmaster.pl\/en\/wp-json\/wp\/v2\/media\/1847565"}],"wp:attachment":[{"href":"https:\/\/liquidmaster.pl\/en\/wp-json\/wp\/v2\/media?parent=1804495"}],"wp:term":[{"taxonomy":"product_brand","embeddable":true,"href":"https:\/\/liquidmaster.pl\/en\/wp-json\/wp\/v2\/product_brand?post=1804495"},{"taxonomy":"product_cat","embeddable":true,"href":"https:\/\/liquidmaster.pl\/en\/wp-json\/wp\/v2\/product_cat?post=1804495"},{"taxonomy":"product_tag","embeddable":true,"href":"https:\/\/liquidmaster.pl\/en\/wp-json\/wp\/v2\/product_tag?post=1804495"}],"curies":[{"name":"wp","href":"https:\/\/api.w.org\/{rel}","templated":true}]}}