{"id":1804491,"date":"2025-03-28T14:22:50","date_gmt":"2025-03-28T12:22:50","guid":{"rendered":"https:\/\/liquidmaster.pl\/evoxa-sleeker-wool-speedy-lopez-130-150-futro-polerskie\/"},"modified":"2026-04-18T04:32:46","modified_gmt":"2026-04-18T02:32:46","slug":"evoxa-sleeker-wool-speedy-lopez-130-150-futro-polerskie","status":"publish","type":"product","link":"https:\/\/liquidmaster.pl\/en\/evoxa-sleeker-wool-speedy-lopez-130150-futro-polerskie\/","title":{"rendered":"Evoxa Sleeker Wool Speedy Lopez 130\/150 \u2013 Polishing Fur"},"content":{"rendered":"<p>EVOXA Sleeker -Wool Speedy Lopez 130\/150 \u2013 polishing pad<\/p>\n<p>Hard Cutting<\/p>\n<ul>\n<li>100% wool short fiber ensures very fast cutting<\/li>\n<li>It has thermal protection<\/li>\n<li>DA spacer<\/li>\n<li>Size: 130\/150mm<\/li>\n<\/ul>","protected":false},"excerpt":{"rendered":"<p>EVOXA Sleeker -Wool Speedy Lopez 130\/150 &#8211; pad polerski Hard Cutting 100% we\u0142niane kr\u00f3tkie w\u0142\u00f3kno zapewnia bardzo szybkie ci\u0119cie Posiada termiczn\u0105 ochron\u0119 przek\u0142adka DA Rozmiar: 130\/150mm<\/p>","protected":false},"featured_media":1847560,"comment_status":"open","ping_status":"open","template":"","meta":{"neve_meta_sidebar":"","neve_meta_container":"","neve_meta_enable_content_width":"","neve_meta_content_width":0,"neve_meta_title_alignment":"","neve_meta_author_avatar":"","neve_post_elements_order":"","neve_meta_disable_header":"","neve_meta_disable_footer":"","neve_meta_disable_title":"","_themeisle_gutenberg_block_has_review":false},"product_brand":[],"product_cat":[840,822,748],"product_tag":[290],"class_list":{"0":"post-1804491","1":"product","2":"type-product","3":"status-publish","4":"has-post-thumbnail","6":"product_cat-futra-polerskie","7":"product_cat-pady-polerskie","8":"product_cat-polerowanie","9":"product_tag-evoxa","11":"first","12":"instock","13":"taxable","14":"shipping-taxable","15":"purchasable","16":"product-type-simple"},"_links":{"self":[{"href":"https:\/\/liquidmaster.pl\/en\/wp-json\/wp\/v2\/product\/1804491","targetHints":{"allow":["GET"]}}],"collection":[{"href":"https:\/\/liquidmaster.pl\/en\/wp-json\/wp\/v2\/product"}],"about":[{"href":"https:\/\/liquidmaster.pl\/en\/wp-json\/wp\/v2\/types\/product"}],"replies":[{"embeddable":true,"href":"https:\/\/liquidmaster.pl\/en\/wp-json\/wp\/v2\/comments?post=1804491"}],"wp:featuredmedia":[{"embeddable":true,"href":"https:\/\/liquidmaster.pl\/en\/wp-json\/wp\/v2\/media\/1847560"}],"wp:attachment":[{"href":"https:\/\/liquidmaster.pl\/en\/wp-json\/wp\/v2\/media?parent=1804491"}],"wp:term":[{"taxonomy":"product_brand","embeddable":true,"href":"https:\/\/liquidmaster.pl\/en\/wp-json\/wp\/v2\/product_brand?post=1804491"},{"taxonomy":"product_cat","embeddable":true,"href":"https:\/\/liquidmaster.pl\/en\/wp-json\/wp\/v2\/product_cat?post=1804491"},{"taxonomy":"product_tag","embeddable":true,"href":"https:\/\/liquidmaster.pl\/en\/wp-json\/wp\/v2\/product_tag?post=1804491"}],"curies":[{"name":"wp","href":"https:\/\/api.w.org\/{rel}","templated":true}]}}