{"id":1804473,"date":"2025-03-28T14:22:04","date_gmt":"2025-03-28T12:22:04","guid":{"rendered":"https:\/\/liquidmaster.pl\/adbl-speed-qd-500ml-quick-detailer\/"},"modified":"2026-04-18T04:32:43","modified_gmt":"2026-04-18T02:32:43","slug":"adbl-speed-qd-500ml-quick-detailer","status":"publish","type":"product","link":"https:\/\/liquidmaster.pl\/en\/adbl-speed-qd-500ml-quick-detailer\/","title":{"rendered":"ADBL Speed QD 500ml - quick detailer"},"content":{"rendered":"<p>ADBL Speed QD \u2013 extremely easy to use Quick Detailer. It evaporates easily from any type of varnish, even the most demanding one, such as black uni, leaving no streaks. Perfect for use after each wash, on all types of car bodies, including those protected with hard wax, sealant, vinyl foils, ppf and ceramic coating. Between washes, it helps keep the paint in perfect condition by removing minor dirt such as fingerprints, dust, and insect residues, giving the effect of a slight darkening and a clear shine. All these properties combined with above-average performance and ease of use make Speed QD the first choice product for both enthusiasts and professionals.<\/p>\n<p>Capacity: 500 ml<\/p>\n<p>\u00a0<\/p>","protected":false},"excerpt":{"rendered":"<p>ADBL Speed QD \u2013 ekstremalnie \u0142atwy w u\u017cyciu Quick Detailer. Z \u0142atwo\u015bci\u0105 odparowuje z ka\u017cdego, nawet najbardziej wymagaj\u0105cego typu lakieru jak czarne uni, nie pozostawiaj\u0105c smug. Idealny do stosowania po ka\u017cdym myciu, na wszystkich typach karoserii, r\u00f3wnie\u017c tych zabezpieczonych twardym woskiem, sealantem, foliami winylowymi, ppf i pow\u0142ok\u0105 ceramiczn\u0105. Mi\u0119dzy myciami pozwala utrzyma\u0107 lakier w idealnej&hellip;&nbsp;<a href=\"https:\/\/liquidmaster.pl\/en\/adbl-speed-qd-500ml-quick-detailer\/\" rel=\"bookmark\">Read More \u00bb<span class=\"screen-reader-text\">ADBL Speed QD 500ml - quick detailer<\/span><\/a><\/p>","protected":false},"featured_media":1847549,"comment_status":"open","ping_status":"open","template":"","meta":{"neve_meta_sidebar":"","neve_meta_container":"","neve_meta_enable_content_width":"","neve_meta_content_width":0,"neve_meta_title_alignment":"","neve_meta_author_avatar":"","neve_post_elements_order":"","neve_meta_disable_header":"","neve_meta_disable_footer":"","neve_meta_disable_title":"","_themeisle_gutenberg_block_has_review":false},"product_brand":[],"product_cat":[733,766,767],"product_tag":[258],"class_list":{"0":"post-1804473","1":"product","2":"type-product","3":"status-publish","4":"has-post-thumbnail","6":"product_cat-na-zewnatrz","7":"product_cat-ochrona-lakieru","8":"product_cat-quick-detailery","9":"product_tag-adbl","11":"first","12":"instock","13":"taxable","14":"shipping-taxable","15":"purchasable","16":"product-type-simple"},"_links":{"self":[{"href":"https:\/\/liquidmaster.pl\/en\/wp-json\/wp\/v2\/product\/1804473","targetHints":{"allow":["GET"]}}],"collection":[{"href":"https:\/\/liquidmaster.pl\/en\/wp-json\/wp\/v2\/product"}],"about":[{"href":"https:\/\/liquidmaster.pl\/en\/wp-json\/wp\/v2\/types\/product"}],"replies":[{"embeddable":true,"href":"https:\/\/liquidmaster.pl\/en\/wp-json\/wp\/v2\/comments?post=1804473"}],"wp:featuredmedia":[{"embeddable":true,"href":"https:\/\/liquidmaster.pl\/en\/wp-json\/wp\/v2\/media\/1847549"}],"wp:attachment":[{"href":"https:\/\/liquidmaster.pl\/en\/wp-json\/wp\/v2\/media?parent=1804473"}],"wp:term":[{"taxonomy":"product_brand","embeddable":true,"href":"https:\/\/liquidmaster.pl\/en\/wp-json\/wp\/v2\/product_brand?post=1804473"},{"taxonomy":"product_cat","embeddable":true,"href":"https:\/\/liquidmaster.pl\/en\/wp-json\/wp\/v2\/product_cat?post=1804473"},{"taxonomy":"product_tag","embeddable":true,"href":"https:\/\/liquidmaster.pl\/en\/wp-json\/wp\/v2\/product_tag?post=1804473"}],"curies":[{"name":"wp","href":"https:\/\/api.w.org\/{rel}","templated":true}]}}