{"id":1804459,"date":"2025-03-28T14:20:26","date_gmt":"2025-03-28T12:20:26","guid":{"rendered":"https:\/\/liquidmaster.pl\/adbl-rimtector-1l-produkt-do-zabezpieczenia-felg-lakierowanych\/"},"modified":"2026-04-20T08:11:39","modified_gmt":"2026-04-20T06:11:39","slug":"adbl-rimtector-1l-produkt-do-zabezpieczenia-felg-lakierowanych","status":"publish","type":"product","link":"https:\/\/liquidmaster.pl\/en\/adbl-rimtector-1l-produkt-do-zabezpieczenia-felg-lakierowanych\/","title":{"rendered":"ADBL Rimtector 1L - a product for protecting painted rims"},"content":{"rendered":"<p>ADBL Rimtector \u2013 an extremely easy and quick-to-use product for protecting painted rims. Used after each wash, it creates a protective barrier that prevents dirt from accumulating permanently, making subsequent washing easier and faster. After wet application, it tightly covers the rim, giving it additional shine without the risk of unsightly marks. The durability of the product can be up to several weeks, depending on weather conditions and the cleaning agents used.<\/p>\n<p>Usage:<\/p>\n<li>First rinse the rims from dirt.<\/li>\n<li>Wash your rims with ADBL Vampire Light and ADBL CareMitt\/Promitt.<\/li>\n<li>Apply the product directly to the wet rim using an atomizer.<\/li>\n<li>Wait 0.5 \u2013 1 minute.<\/li>\n<li>Rinse thoroughly.<\/li>\n<li>For a better hydrophobic effect, repeat the application.<\/li>\n<p>Smell: prestigious<\/p>\n<p>Capacity: 1L<\/p>\n<p>\u00a0<\/p>","protected":false},"excerpt":{"rendered":"<p>ADBL Rimtector \u2013 wyj\u0105tkowo \u0142atwy i szybki w u\u017cyciu produkt do zabezpieczenia lakierowanych felg. U\u017cywany po ka\u017cdym myciu, tworzy barier\u0119 ochronn\u0105, zapobiegaj\u0105c\u0105 trwa\u0142emu osadzaniu si\u0119 zabrudze\u0144, przez co kolejne mycie staje si\u0119 \u0142atwiejsze i szybsze. Po aplikacji na mokro szczelnie pokrywa felg\u0119, nadaj\u0105c jej dodatkowego po\u0142ysku bez ryzyka powstania nieestetycznych \u015blad\u00f3w. Trwa\u0142o\u015b\u0107 produktu do nawet&hellip;&nbsp;<a href=\"https:\/\/liquidmaster.pl\/en\/adbl-rimtector-1l-produkt-do-zabezpieczenia-felg-lakierowanych\/\" rel=\"bookmark\">Read More \u00bb<span class=\"screen-reader-text\">ADBL Rimtector 1L - a product for protecting painted rims<\/span><\/a><\/p>","protected":false},"featured_media":1847542,"comment_status":"open","ping_status":"open","template":"","meta":{"neve_meta_sidebar":"","neve_meta_container":"","neve_meta_enable_content_width":"","neve_meta_content_width":0,"neve_meta_title_alignment":"","neve_meta_author_avatar":"","neve_post_elements_order":"","neve_meta_disable_header":"","neve_meta_disable_footer":"","neve_meta_disable_title":"","_themeisle_gutenberg_block_has_review":false},"product_brand":[],"product_cat":[745,733,776],"product_tag":[258],"class_list":{"0":"post-1804459","1":"product","2":"type-product","3":"status-publish","4":"has-post-thumbnail","6":"product_cat-kola-i-opony","7":"product_cat-na-zewnatrz","8":"product_cat-zabezpieczanie-felg","9":"product_tag-adbl","11":"first","12":"instock","13":"taxable","14":"shipping-taxable","15":"purchasable","16":"product-type-simple"},"_links":{"self":[{"href":"https:\/\/liquidmaster.pl\/en\/wp-json\/wp\/v2\/product\/1804459","targetHints":{"allow":["GET"]}}],"collection":[{"href":"https:\/\/liquidmaster.pl\/en\/wp-json\/wp\/v2\/product"}],"about":[{"href":"https:\/\/liquidmaster.pl\/en\/wp-json\/wp\/v2\/types\/product"}],"replies":[{"embeddable":true,"href":"https:\/\/liquidmaster.pl\/en\/wp-json\/wp\/v2\/comments?post=1804459"}],"wp:featuredmedia":[{"embeddable":true,"href":"https:\/\/liquidmaster.pl\/en\/wp-json\/wp\/v2\/media\/1847542"}],"wp:attachment":[{"href":"https:\/\/liquidmaster.pl\/en\/wp-json\/wp\/v2\/media?parent=1804459"}],"wp:term":[{"taxonomy":"product_brand","embeddable":true,"href":"https:\/\/liquidmaster.pl\/en\/wp-json\/wp\/v2\/product_brand?post=1804459"},{"taxonomy":"product_cat","embeddable":true,"href":"https:\/\/liquidmaster.pl\/en\/wp-json\/wp\/v2\/product_cat?post=1804459"},{"taxonomy":"product_tag","embeddable":true,"href":"https:\/\/liquidmaster.pl\/en\/wp-json\/wp\/v2\/product_tag?post=1804459"}],"curies":[{"name":"wp","href":"https:\/\/api.w.org\/{rel}","templated":true}]}}