{"id":1804457,"date":"2025-03-28T14:20:26","date_gmt":"2025-03-28T12:20:26","guid":{"rendered":"https:\/\/liquidmaster.pl\/adbl-pre-spray-500ml-uniwersalny-srodek-do-prania-tapicerki\/"},"modified":"2026-04-18T04:32:40","modified_gmt":"2026-04-18T02:32:40","slug":"adbl-pre-spray-500ml-uniwersalny-srodek-do-prania-tapicerki","status":"publish","type":"product","link":"https:\/\/liquidmaster.pl\/en\/adbl-pre-spray-500ml-uniwersalny-srodek-do-prania-tapicerki\/","title":{"rendered":"ADBL Pre Spray 500ml - a universal agent for washing upholstery"},"content":{"rendered":"<p>ADBL Pre Spray \u2013 universal detergent for use at every stage of extraction upholstery washing. Depending on the desired effect, adjust the amount of the preparation in the final solution. As a pre-spray, it pre-dissolves dirt, removes greasy stains, discolorations, food stains and dirt resulting from everyday use. As an addition to rinsing, it accelerates the process of rinsing previously dissolved impurities, as well as the drying of the washed upholstery, leaving a fresh and pleasant scent.<\/p>\n<p>Usage:<\/p>\n<li>Prepare a working solution in a ratio of 1:5-1:10, depending on the severity of the dirt.<\/li>\n<li>Apply the solution to the surface to be cleaned using an atomizer.<\/li>\n<li>Rinse using a vacuum cleaner, using a product solution diluted 30-50 ml per 5 L of water.<\/li>\n<p>Smell: fig<\/p>\n<p>Capacity: 500 ml<\/p>\n<p>\u00a0<\/p>","protected":false},"excerpt":{"rendered":"<p>ADBL Pre Spray \u2013 uniwersalny \u015brodek pior\u0105cy do stosowania na ka\u017cdym etapie ekstrakcyjnego prania tapicerki. W zale\u017cno\u015bci od po\u017c\u0105danego efektu nale\u017cy dostosowa\u0107 ilo\u015b\u0107 preparatu w roztworze ko\u0144cowym. Jako pre-spray wst\u0119pnie rozpuszcza brud, usuwa t\u0142uste plamy, przebarwienia, zabrudzenia spo\u017cywcze oraz wynikaj\u0105ce z codziennej eksploatacji. Jako dodatek do p\u0142ukania, przyspiesza proces wyp\u0142ukiwania wcze\u015bniej rozpuszczonych nieczysto\u015bci, a tak\u017ce&hellip;&nbsp;<a href=\"https:\/\/liquidmaster.pl\/en\/adbl-pre-spray-500ml-uniwersalny-srodek-do-prania-tapicerki\/\" rel=\"bookmark\">Read More \u00bb<span class=\"screen-reader-text\">ADBL Pre Spray 500ml - a universal agent for washing upholstery<\/span><\/a><\/p>","protected":false},"featured_media":1847539,"comment_status":"open","ping_status":"open","template":"","meta":{"neve_meta_sidebar":"","neve_meta_container":"","neve_meta_enable_content_width":"","neve_meta_content_width":0,"neve_meta_title_alignment":"","neve_meta_author_avatar":"","neve_post_elements_order":"","neve_meta_disable_header":"","neve_meta_disable_footer":"","neve_meta_disable_title":"","_themeisle_gutenberg_block_has_review":false},"product_brand":[],"product_cat":[771,769,768],"product_tag":[258],"class_list":{"0":"post-1804457","1":"product","2":"type-product","3":"status-publish","4":"has-post-thumbnail","6":"product_cat-czyszczenie","7":"product_cat-tapicerka-i-dywaniki","8":"product_cat-wnetrze-auta","9":"product_tag-adbl","10":"pa_promocja-promocje","12":"first","13":"instock","14":"taxable","15":"shipping-taxable","16":"purchasable","17":"product-type-simple"},"_links":{"self":[{"href":"https:\/\/liquidmaster.pl\/en\/wp-json\/wp\/v2\/product\/1804457","targetHints":{"allow":["GET"]}}],"collection":[{"href":"https:\/\/liquidmaster.pl\/en\/wp-json\/wp\/v2\/product"}],"about":[{"href":"https:\/\/liquidmaster.pl\/en\/wp-json\/wp\/v2\/types\/product"}],"replies":[{"embeddable":true,"href":"https:\/\/liquidmaster.pl\/en\/wp-json\/wp\/v2\/comments?post=1804457"}],"wp:featuredmedia":[{"embeddable":true,"href":"https:\/\/liquidmaster.pl\/en\/wp-json\/wp\/v2\/media\/1847539"}],"wp:attachment":[{"href":"https:\/\/liquidmaster.pl\/en\/wp-json\/wp\/v2\/media?parent=1804457"}],"wp:term":[{"taxonomy":"product_brand","embeddable":true,"href":"https:\/\/liquidmaster.pl\/en\/wp-json\/wp\/v2\/product_brand?post=1804457"},{"taxonomy":"product_cat","embeddable":true,"href":"https:\/\/liquidmaster.pl\/en\/wp-json\/wp\/v2\/product_cat?post=1804457"},{"taxonomy":"product_tag","embeddable":true,"href":"https:\/\/liquidmaster.pl\/en\/wp-json\/wp\/v2\/product_tag?post=1804457"}],"curies":[{"name":"wp","href":"https:\/\/api.w.org\/{rel}","templated":true}]}}